{"id":2026929,"date":"2025-01-08T08:55:56","date_gmt":"2025-01-08T07:55:56","guid":{"rendered":"https:\/\/eu.tilta.com\/shop\/support-de-montage-rosette-pour-ventouse-electronique-4-5%e2%80%b3-gris-titane\/"},"modified":"2026-02-16T09:01:13","modified_gmt":"2026-02-16T08:01:13","slug":"rosette-mounting-bracket-for-electronic-suction-cup-4-5%e2%80%b3-titanium-grey","status":"publish","type":"product","link":"https:\/\/eu.tilta.com\/fr\/shop\/rosette-mounting-bracket-for-electronic-suction-cup-4-5%e2%80%b3-titanium-grey\/","title":{"rendered":"Support de montage Rosette pour ventouse \u00e9lectronique (4.5\u2033) &#8211; Gris titane"},"content":{"rendered":"<p>Ce support de montage est sp\u00e9cialement con\u00e7u pour la ventouse \u00e9lectronique de 4,5\u2033.<\/p>\n<p>Ils peuvent \u00eatre facilement mont\u00e9s ou d\u00e9mont\u00e9s afin d&#8217;accueillir divers accessoires et syst\u00e8mes de support.<\/p>\n<p>Le support se monte sur la ventouse \u00e0 l&#8217;aide de quatre vis M4, ce qui cr\u00e9e une connexion s\u00fbre tout en \u00e9tant facile \u00e0 remplacer si n\u00e9cessaire.<\/p>\n<p>Cette option comprend une connexion Rosette compatible Arri qui peut \u00eatre utilis\u00e9e pour monter le bras absorbeur de chocs Hydra Alien Mini.<\/p>\n","protected":false},"excerpt":{"rendered":"<p>Ce support de montage est sp\u00e9cialement con\u00e7u pour la ventouse \u00e9lectronique de 4,5\u2033. Ils peuvent \u00eatre facilement mont\u00e9s ou d\u00e9mont\u00e9s afin d&#8217;accueillir divers accessoires et syst\u00e8mes de support. Le support se monte sur la ventouse \u00e0 l&#8217;aide de quatre vis [&hellip;]<\/p>\n","protected":false},"featured_media":2025788,"comment_status":"open","ping_status":"closed","template":"","meta":[],"product_cat":[4448,1898],"product_tag":[],"acf":[],"gallery_images":[2025782],"_links":{"self":[{"href":"https:\/\/eu.tilta.com\/fr\/wp-json\/wp\/v2\/product\/2026929"}],"collection":[{"href":"https:\/\/eu.tilta.com\/fr\/wp-json\/wp\/v2\/product"}],"about":[{"href":"https:\/\/eu.tilta.com\/fr\/wp-json\/wp\/v2\/types\/product"}],"replies":[{"embeddable":true,"href":"https:\/\/eu.tilta.com\/fr\/wp-json\/wp\/v2\/comments?post=2026929"}],"wp:featuredmedia":[{"embeddable":true,"href":"https:\/\/eu.tilta.com\/fr\/wp-json\/wp\/v2\/media\/2025788"}],"wp:attachment":[{"href":"https:\/\/eu.tilta.com\/fr\/wp-json\/wp\/v2\/media?parent=2026929"}],"wp:term":[{"taxonomy":"product_cat","embeddable":true,"href":"https:\/\/eu.tilta.com\/fr\/wp-json\/wp\/v2\/product_cat?post=2026929"},{"taxonomy":"product_tag","embeddable":true,"href":"https:\/\/eu.tilta.com\/fr\/wp-json\/wp\/v2\/product_tag?post=2026929"}],"curies":[{"name":"wp","href":"https:\/\/api.w.org\/{rel}","templated":true}]}}