{"id":2026945,"date":"2025-01-08T09:36:34","date_gmt":"2025-01-08T08:36:34","guid":{"rendered":"https:\/\/eu.tilta.com\/shop\/support-de-montage-pour-hydra-alien-mini-gris-titane\/"},"modified":"2025-12-05T14:08:09","modified_gmt":"2025-12-05T13:08:09","slug":"mounting-bracket-for-hydra-alien-mini-titanium-grey","status":"publish","type":"product","link":"https:\/\/eu.tilta.com\/fr\/shop\/mounting-bracket-for-hydra-alien-mini-titanium-grey\/","title":{"rendered":"Support de montage pour Hydra Alien Mini &#8211; Gris Titane"},"content":{"rendered":"<p>Ce support de montage de rosette permet aux utilisateurs de faire pivoter une connexion de rosette de 90 degr\u00e9s.<\/p>\n<p>Cela permet aux utilisateurs de faire pivoter le Hydra Alien Mini Shock Absorbing Arm afin de mieux \u00e9quilibrer le syst\u00e8me sur une ventouse.<\/p>\n","protected":false},"excerpt":{"rendered":"<p>Ce support de montage de rosette permet aux utilisateurs de faire pivoter une connexion de rosette de 90 degr\u00e9s. Cela permet aux utilisateurs de faire pivoter le Hydra Alien Mini Shock Absorbing Arm afin de mieux \u00e9quilibrer le syst\u00e8me sur [&hellip;]<\/p>\n","protected":false},"featured_media":2025801,"comment_status":"open","ping_status":"closed","template":"","meta":[],"product_cat":[3262],"product_tag":[],"acf":[],"gallery_images":[2025795],"_links":{"self":[{"href":"https:\/\/eu.tilta.com\/fr\/wp-json\/wp\/v2\/product\/2026945"}],"collection":[{"href":"https:\/\/eu.tilta.com\/fr\/wp-json\/wp\/v2\/product"}],"about":[{"href":"https:\/\/eu.tilta.com\/fr\/wp-json\/wp\/v2\/types\/product"}],"replies":[{"embeddable":true,"href":"https:\/\/eu.tilta.com\/fr\/wp-json\/wp\/v2\/comments?post=2026945"}],"wp:featuredmedia":[{"embeddable":true,"href":"https:\/\/eu.tilta.com\/fr\/wp-json\/wp\/v2\/media\/2025801"}],"wp:attachment":[{"href":"https:\/\/eu.tilta.com\/fr\/wp-json\/wp\/v2\/media?parent=2026945"}],"wp:term":[{"taxonomy":"product_cat","embeddable":true,"href":"https:\/\/eu.tilta.com\/fr\/wp-json\/wp\/v2\/product_cat?post=2026945"},{"taxonomy":"product_tag","embeddable":true,"href":"https:\/\/eu.tilta.com\/fr\/wp-json\/wp\/v2\/product_tag?post=2026945"}],"curies":[{"name":"wp","href":"https:\/\/api.w.org\/{rel}","templated":true}]}}