{"id":2080345,"date":"2025-02-11T11:26:07","date_gmt":"2025-02-11T10:26:07","guid":{"rendered":"https:\/\/eu.tilta.com\/shop\/tilta-support-rotatif-pour-telephone-v2-15mm-gris-titane\/"},"modified":"2025-12-05T14:10:40","modified_gmt":"2025-12-05T13:10:40","slug":"tilta-rotatable-phone-mounting-bracket-v2-15mm-titanium-grey","status":"publish","type":"product","link":"https:\/\/eu.tilta.com\/fr\/shop\/tilta-rotatable-phone-mounting-bracket-v2-15mm-titanium-grey\/","title":{"rendered":"Tilta Support Rotatif pour T\u00e9l\u00e9phone V2 (15mm) &#8211; Gris Titane"},"content":{"rendered":"<p>Le Tilta Rotatable Phone Mounting Bracket V2 permet aux utilisateurs d&#8217;int\u00e9grer facilement leur smartphone \u00e0 leur appareil photo ou \u00e0 leur syst\u00e8me de support.<\/p>\n<p>Ce support de montage privil\u00e9gie la flexibilit\u00e9, avec une plage d&#8217;inclinaison de 180 degr\u00e9s et une plage de rotation de 360 degr\u00e9s.<\/p>\n<p>Cet accessoire se compose d&#8217;une pince r\u00e9glable qui s&#8217;adapte aux appareils d&#8217;une largeur comprise entre 60 et 90 mm.<\/p>\n<p>Cette pince est dot\u00e9e d&#8217;un rembourrage en silicone qui prot\u00e8ge les appareils des rayures et am\u00e9liore l&#8217;adh\u00e9rence de la pince pour une connexion plus s\u00fbre.<\/p>\n<p>Des points de montage suppl\u00e9mentaires permettent d&#8217;utiliser des accessoires qui utilisent une griffe froide ou des filetages 1\/4\u2033-20, ce qui offre des possibilit\u00e9s de montage uniques.<\/p>\n<p>Le support de tige de 15 mm est id\u00e9al pour la connexion aux syst\u00e8mes de cam\u00e9ra qui utilisent des tiges de 15 mm ou le bras de support central de l&#8217;Hydra Alien Mini.<\/p>\n","protected":false},"excerpt":{"rendered":"<p>Le Tilta Rotatable Phone Mounting Bracket V2 permet aux utilisateurs d&#8217;int\u00e9grer facilement leur smartphone \u00e0 leur appareil photo ou \u00e0 leur syst\u00e8me de support. Ce support de montage privil\u00e9gie la flexibilit\u00e9, avec une plage d&#8217;inclinaison de 180 degr\u00e9s et une [&hellip;]<\/p>\n","protected":false},"featured_media":2072375,"comment_status":"open","ping_status":"closed","template":"","meta":[],"product_cat":[3262],"product_tag":[],"acf":[],"gallery_images":[2072382,2072390,2072398,2072406],"_links":{"self":[{"href":"https:\/\/eu.tilta.com\/fr\/wp-json\/wp\/v2\/product\/2080345"}],"collection":[{"href":"https:\/\/eu.tilta.com\/fr\/wp-json\/wp\/v2\/product"}],"about":[{"href":"https:\/\/eu.tilta.com\/fr\/wp-json\/wp\/v2\/types\/product"}],"replies":[{"embeddable":true,"href":"https:\/\/eu.tilta.com\/fr\/wp-json\/wp\/v2\/comments?post=2080345"}],"wp:featuredmedia":[{"embeddable":true,"href":"https:\/\/eu.tilta.com\/fr\/wp-json\/wp\/v2\/media\/2072375"}],"wp:attachment":[{"href":"https:\/\/eu.tilta.com\/fr\/wp-json\/wp\/v2\/media?parent=2080345"}],"wp:term":[{"taxonomy":"product_cat","embeddable":true,"href":"https:\/\/eu.tilta.com\/fr\/wp-json\/wp\/v2\/product_cat?post=2080345"},{"taxonomy":"product_tag","embeddable":true,"href":"https:\/\/eu.tilta.com\/fr\/wp-json\/wp\/v2\/product_tag?post=2080345"}],"curies":[{"name":"wp","href":"https:\/\/api.w.org\/{rel}","templated":true}]}}