{"id":2080358,"date":"2025-02-11T09:25:43","date_gmt":"2025-02-11T08:25:43","guid":{"rendered":"https:\/\/eu.tilta.com\/shop\/tilta-leather-shoulder-strap-buckle-black%ef%bc%88pair\/"},"modified":"2026-02-16T09:01:14","modified_gmt":"2026-02-16T08:01:14","slug":"tilta-leather-shoulder-strap-buckle-black%ef%bc%88pair","status":"publish","type":"product","link":"https:\/\/eu.tilta.com\/fr\/shop\/tilta-leather-shoulder-strap-buckle-black%ef%bc%88pair\/","title":{"rendered":"Tilta Leather Shoulder Strap Buckle &#8211; Black\uff08Pair)"},"content":{"rendered":"<p>Ces boucles de courroie d&#8217;\u00e9paule en cuir s&#8217;attachent aux bo\u00eetiers d&#8217;appareils photo compatibles de la m\u00eame mani\u00e8re qu&#8217;une courroie d&#8217;appareil photo traditionnelle.<\/p>\n<p>Ils permettent aux utilisateurs d&#8217;attacher ou de retirer plus facilement les courroies de l&#8217;appareil photo \u00e0 leur syst\u00e8me, comme notre courroie d&#8217;\u00e9paule Tilta.<\/p>\n<p>Cette fonction est id\u00e9ale pour les utilisateurs qui passent souvent de la photographie \u00e0 la vid\u00e9ographie.<\/p>\n","protected":false},"excerpt":{"rendered":"<p>Ces boucles de courroie d&#8217;\u00e9paule en cuir s&#8217;attachent aux bo\u00eetiers d&#8217;appareils photo compatibles de la m\u00eame mani\u00e8re qu&#8217;une courroie d&#8217;appareil photo traditionnelle. Ils permettent aux utilisateurs d&#8217;attacher ou de retirer plus facilement les courroies de l&#8217;appareil photo \u00e0 leur syst\u00e8me, [&hellip;]<\/p>\n","protected":false},"featured_media":2071189,"comment_status":"open","ping_status":"closed","template":"","meta":[],"product_cat":[3252,3901,3362,3365,1802,1799,1881,2380],"product_tag":[],"acf":[],"gallery_images":[],"_links":{"self":[{"href":"https:\/\/eu.tilta.com\/fr\/wp-json\/wp\/v2\/product\/2080358"}],"collection":[{"href":"https:\/\/eu.tilta.com\/fr\/wp-json\/wp\/v2\/product"}],"about":[{"href":"https:\/\/eu.tilta.com\/fr\/wp-json\/wp\/v2\/types\/product"}],"replies":[{"embeddable":true,"href":"https:\/\/eu.tilta.com\/fr\/wp-json\/wp\/v2\/comments?post=2080358"}],"wp:featuredmedia":[{"embeddable":true,"href":"https:\/\/eu.tilta.com\/fr\/wp-json\/wp\/v2\/media\/2071189"}],"wp:attachment":[{"href":"https:\/\/eu.tilta.com\/fr\/wp-json\/wp\/v2\/media?parent=2080358"}],"wp:term":[{"taxonomy":"product_cat","embeddable":true,"href":"https:\/\/eu.tilta.com\/fr\/wp-json\/wp\/v2\/product_cat?post=2080358"},{"taxonomy":"product_tag","embeddable":true,"href":"https:\/\/eu.tilta.com\/fr\/wp-json\/wp\/v2\/product_tag?post=2080358"}],"curies":[{"name":"wp","href":"https:\/\/api.w.org\/{rel}","templated":true}]}}