{"id":2080359,"date":"2025-02-13T08:00:09","date_gmt":"2025-02-13T07:00:09","guid":{"rendered":"https:\/\/eu.tilta.com\/shop\/tilta-trepied-vlog-extensible-1kg\/"},"modified":"2026-04-30T10:01:24","modified_gmt":"2026-04-30T08:01:24","slug":"tilta-extendable-vlog-tripod-1kg","status":"publish","type":"product","link":"https:\/\/eu.tilta.com\/fr\/shop\/tilta-extendable-vlog-tripod-1kg\/","title":{"rendered":"Tilta Tr\u00e9pied Vlog extensible (1KG)"},"content":{"rendered":"<p><em>Pr\u00e9sentation du tr\u00e9pied extensible Tilta pour le Vlog  <\/em><\/p>\n<p>Ce tr\u00e9pied l\u00e9ger supporte jusqu&#8217;\u00e0 1 kg, ce qui permet d&#8217;accueillir en toute s\u00e9curit\u00e9 la plupart des appareils photo sans miroir, des smartphones et des cam\u00e9ras d&#8217;action.<\/p>\n<p>Dot\u00e9 d&#8217;une colonne centrale t\u00e9lescopique, ce tr\u00e9pied peut s&#8217;\u00e9tendre jusqu&#8217;\u00e0 370 mm, ce qui lui permet de servir de b\u00e2ton \u00e0 selfie.<\/p>\n<p>Il peut se r\u00e9duire \u00e0 188 mm et ne p\u00e8se que 142 g, ce qui en fait un choix id\u00e9al pour les vloggers ou les utilisateurs qui voyagent souvent.<\/p>\n<p>Une fente de prise de vue verticale int\u00e9gr\u00e9e permet aux utilisateurs de positionner la rotule \u00e0 un angle de 90\u00b0 par rapport au tr\u00e9pied. Il est parfait pour les prises de vue verticales et peut \u00e9galement \u00eatre utilis\u00e9 pour les angles de vue de haut en bas ou de bas en haut.<\/p>\n<p>La base de la rotule est \u00e9galement dot\u00e9e d&#8217;un filetage 1\/4\u2033-20 avec des points de positionnement, permettant aux utilisateurs de monter divers accessoires tels que des bras articul\u00e9s, des fixations pour chaussures froides, des \u00e9clairages embarqu\u00e9s, des microphones et bien plus encore.<\/p>\n","protected":false},"excerpt":{"rendered":"<p>Pr\u00e9sentation du tr\u00e9pied extensible Tilta pour le Vlog Ce tr\u00e9pied l\u00e9ger supporte jusqu&#8217;\u00e0 1 kg, ce qui permet d&#8217;accueillir en toute s\u00e9curit\u00e9 la plupart des appareils photo sans miroir, des smartphones et des cam\u00e9ras d&#8217;action. Dot\u00e9 d&#8217;une colonne centrale t\u00e9lescopique, [&hellip;]<\/p>\n","protected":false},"featured_media":2074135,"comment_status":"open","ping_status":"closed","template":"","meta":[],"product_cat":[3365,3301,3291],"product_tag":[],"acf":[],"gallery_images":[2074140,2074146,2074152,2074158,2074122,2074128,2074116],"_links":{"self":[{"href":"https:\/\/eu.tilta.com\/fr\/wp-json\/wp\/v2\/product\/2080359"}],"collection":[{"href":"https:\/\/eu.tilta.com\/fr\/wp-json\/wp\/v2\/product"}],"about":[{"href":"https:\/\/eu.tilta.com\/fr\/wp-json\/wp\/v2\/types\/product"}],"replies":[{"embeddable":true,"href":"https:\/\/eu.tilta.com\/fr\/wp-json\/wp\/v2\/comments?post=2080359"}],"wp:featuredmedia":[{"embeddable":true,"href":"https:\/\/eu.tilta.com\/fr\/wp-json\/wp\/v2\/media\/2074135"}],"wp:attachment":[{"href":"https:\/\/eu.tilta.com\/fr\/wp-json\/wp\/v2\/media?parent=2080359"}],"wp:term":[{"taxonomy":"product_cat","embeddable":true,"href":"https:\/\/eu.tilta.com\/fr\/wp-json\/wp\/v2\/product_cat?post=2080359"},{"taxonomy":"product_tag","embeddable":true,"href":"https:\/\/eu.tilta.com\/fr\/wp-json\/wp\/v2\/product_tag?post=2080359"}],"curies":[{"name":"wp","href":"https:\/\/api.w.org\/{rel}","templated":true}]}}