{"id":2080385,"date":"2025-01-08T07:51:35","date_gmt":"2025-01-08T06:51:35","guid":{"rendered":"https:\/\/eu.tilta.com\/shop\/cage-de-camera-complete-pour-dji-osmo-action-5-pro\/"},"modified":"2026-02-16T09:03:33","modified_gmt":"2026-02-16T08:03:33","slug":"full-camera-cage-for-dji-osmo-action-5-pro","status":"publish","type":"product","link":"https:\/\/eu.tilta.com\/fr\/shop\/full-camera-cage-for-dji-osmo-action-5-pro\/","title":{"rendered":"Cage de cam\u00e9ra compl\u00e8te pour DJI Osmo Action 5 Pro"},"content":{"rendered":"<p>Voici la cage de cam\u00e9ra compl\u00e8te pour la DJI Osmo Action 5 Pro.<\/p>\n<p>Cette cage de cam\u00e9ra multifonctionnelle est compatible avec les DJI Action 3, 4 et 5 Pro.<\/p>\n<p>Ce syst\u00e8me prend en charge des accessoires suppl\u00e9mentaires via des points de montage tels qu&#8217;un filetage 1\/4\u2033-20 avec des points de positionnement, un r\u00e9cepteur de griffe froide et un connecteur magn\u00e9tique DJI.<\/p>\n<p>La conception \u00e0 d\u00e9gagement rapide des deux c\u00f4t\u00e9s facilite l&#8217;installation de la cage d&#8217;un c\u00f4t\u00e9 et le remplacement des batteries de l&#8217;autre.<\/p>\n<p>Il offre une protection suppl\u00e9mentaire au bo\u00eetier de l&#8217;appareil photo gr\u00e2ce \u00e0 un cadre en alliage de magn\u00e9sium et d&#8217;aluminium tr\u00e8s r\u00e9sistant.<\/p>\n<p>La cage est dot\u00e9e de coussinets en silicone absorbant les chocs afin de minimiser les vibrations et de prot\u00e9ger le bo\u00eetier de l&#8217;appareil photo contre les rayures.<\/p>\n<p>La conception magn\u00e9tique du filtre permet une installation rapide et pr\u00e9cise gr\u00e2ce \u00e0 des filtres encliquetables. (non inclus)<\/p>\n","protected":false},"excerpt":{"rendered":"<p>Voici la cage de cam\u00e9ra compl\u00e8te pour la DJI Osmo Action 5 Pro. Cette cage de cam\u00e9ra multifonctionnelle est compatible avec les DJI Action 3, 4 et 5 Pro. Ce syst\u00e8me prend en charge des accessoires suppl\u00e9mentaires via des points [&hellip;]<\/p>\n","protected":false},"featured_media":2071747,"comment_status":"open","ping_status":"closed","template":"","meta":[],"product_cat":[4448,3731],"product_tag":[],"acf":[],"gallery_images":[2071753,2071759,2071809,2071803,2071797],"_links":{"self":[{"href":"https:\/\/eu.tilta.com\/fr\/wp-json\/wp\/v2\/product\/2080385"}],"collection":[{"href":"https:\/\/eu.tilta.com\/fr\/wp-json\/wp\/v2\/product"}],"about":[{"href":"https:\/\/eu.tilta.com\/fr\/wp-json\/wp\/v2\/types\/product"}],"replies":[{"embeddable":true,"href":"https:\/\/eu.tilta.com\/fr\/wp-json\/wp\/v2\/comments?post=2080385"}],"wp:featuredmedia":[{"embeddable":true,"href":"https:\/\/eu.tilta.com\/fr\/wp-json\/wp\/v2\/media\/2071747"}],"wp:attachment":[{"href":"https:\/\/eu.tilta.com\/fr\/wp-json\/wp\/v2\/media?parent=2080385"}],"wp:term":[{"taxonomy":"product_cat","embeddable":true,"href":"https:\/\/eu.tilta.com\/fr\/wp-json\/wp\/v2\/product_cat?post=2080385"},{"taxonomy":"product_tag","embeddable":true,"href":"https:\/\/eu.tilta.com\/fr\/wp-json\/wp\/v2\/product_tag?post=2080385"}],"curies":[{"name":"wp","href":"https:\/\/api.w.org\/{rel}","templated":true}]}}