{"id":2096257,"date":"2025-02-14T09:48:15","date_gmt":"2025-02-14T08:48:15","guid":{"rendered":"https:\/\/eu.tilta.com\/shop\/tilta-mirage-pro-matte-box\/"},"modified":"2026-04-04T00:43:22","modified_gmt":"2026-04-03T22:43:22","slug":"tilta-mirage-pro-matte-box","status":"publish","type":"product","link":"https:\/\/eu.tilta.com\/fr\/shop\/tilta-mirage-pro-matte-box\/","title":{"rendered":"Tilta Mirage Pro Matte Box"},"content":{"rendered":"<p>La Mirage Pro Matte Box est notre nouvelle g\u00e9n\u00e9ration de matte box l\u00e9g\u00e8re, con\u00e7ue pour \u00eatre accessible aux d\u00e9butants comme aux professionnels chevronn\u00e9s.<\/p>\n<p>Fabriqu\u00e9 avec le souci du d\u00e9tail, le Mirage Pro est une bo\u00eete matte \u00e0 pince con\u00e7ue pour s&#8217;adapter \u00e0 diff\u00e9rentes tailles d&#8217;objectifs, prenant en charge les objectifs d&#8217;un diam\u00e8tre ext\u00e9rieur de 95 mm, 110 mm, 114 mm et 134 mm ainsi que les objectifs photographiques avec les adaptateurs de filetage de filtre suivants : 67mm, 72mm, 77mm, 82mm.<\/p>\n<p>\u00c9quip\u00e9 d&#8217;adaptateurs pour cannes LWS de 15 mm, le Mirage Pro s&#8217;int\u00e8gre facilement \u00e0 votre installation existante et peut \u00eatre associ\u00e9 \u00e0 l&#8217;adaptateur swing away optionnel, pour faciliter le changement d&#8217;objectif.<\/p>\n<p>Dot\u00e9 de plateaux de filtres traditionnels compatibles avec les filtres 4\u00d75,6, le Mirage Pro permet aux utilisateurs d&#8217;utiliser facilement des filtres pour obtenir l&#8217;esth\u00e9tique visuelle souhait\u00e9e.<\/p>\n<p>Avec un drapeau sup\u00e9rieur inclus et des drapeaux lat\u00e9raux en option, le Mirage Pro a la capacit\u00e9 de bloquer les fus\u00e9es \u00e9clairantes m\u00eame dans les conditions d&#8217;\u00e9clairage les plus difficiles.<\/p>\n<p>Le corps de la Matte Box utilise un design unique \u00e0 clip magn\u00e9tique qui permet de retirer facilement le capuchon avant afin de r\u00e9duire le poids de la Matte Box tout en continuant \u00e0 supporter les trois filtres.<\/p>\n<p>Bien que cela ouvre la possibilit\u00e9 de flares, la r\u00e9duction du poids en fait une option int\u00e9ressante lorsque vous utilisez le syst\u00e8me sur un cardan ou tout autre syst\u00e8me de support sensible au poids.<\/p>\n<p>Le kit VND comprend un filtre ND variable de 114 mm qui r\u00e9duit la lumi\u00e8re de 1 \u00e0 7 diaphragmes. Cela permet aux utilisateurs de contr\u00f4ler l&#8217;exposition avec facilit\u00e9 et pr\u00e9cision.<\/p>\n<p>Le kit VND comprend \u00e9galement un adaptateur de tige qui prend en charge les petits moteurs sans fil comme notre moteur Nano 2 pour contr\u00f4ler le ND sans fil, ce qui est id\u00e9al pour les situations o\u00f9 l&#8217;\u00e9clairage change soudainement par temps partiellement nuageux ou lorsque la cam\u00e9ra n&#8217;est pas physiquement accessible, par exemple sur un steadicam ou une grue.<\/p>\n<p>La combinaison d&#8217;\u00e9l\u00e9ments de conception uniques et d&#8217;options de configuration polyvalentes peut aider les cr\u00e9ateurs professionnels \u00e0 obtenir des styles visuels sophistiqu\u00e9s pour mieux exprimer leurs visions artistiques et produire des images de niveau industriel \u00e0 un prix accessible.<\/p>\n","protected":false},"excerpt":{"rendered":"<p>La Mirage Pro Matte Box est notre nouvelle g\u00e9n\u00e9ration de matte box l\u00e9g\u00e8re, con\u00e7ue pour \u00eatre accessible aux d\u00e9butants comme aux professionnels chevronn\u00e9s. Fabriqu\u00e9 avec le souci du d\u00e9tail, le Mirage Pro est une bo\u00eete matte \u00e0 pince con\u00e7ue pour [&hellip;]<\/p>\n","protected":false},"featured_media":2088649,"comment_status":"open","ping_status":"closed","template":"","meta":[],"product_cat":[3768],"product_tag":[],"acf":[],"gallery_images":[2088642,2088636,2088630,2088623,2088615,2088608,2088602,2088596,2088588,2088286,2088280],"_links":{"self":[{"href":"https:\/\/eu.tilta.com\/fr\/wp-json\/wp\/v2\/product\/2096257"}],"collection":[{"href":"https:\/\/eu.tilta.com\/fr\/wp-json\/wp\/v2\/product"}],"about":[{"href":"https:\/\/eu.tilta.com\/fr\/wp-json\/wp\/v2\/types\/product"}],"replies":[{"embeddable":true,"href":"https:\/\/eu.tilta.com\/fr\/wp-json\/wp\/v2\/comments?post=2096257"}],"wp:featuredmedia":[{"embeddable":true,"href":"https:\/\/eu.tilta.com\/fr\/wp-json\/wp\/v2\/media\/2088649"}],"wp:attachment":[{"href":"https:\/\/eu.tilta.com\/fr\/wp-json\/wp\/v2\/media?parent=2096257"}],"wp:term":[{"taxonomy":"product_cat","embeddable":true,"href":"https:\/\/eu.tilta.com\/fr\/wp-json\/wp\/v2\/product_cat?post=2096257"},{"taxonomy":"product_tag","embeddable":true,"href":"https:\/\/eu.tilta.com\/fr\/wp-json\/wp\/v2\/product_tag?post=2096257"}],"curies":[{"name":"wp","href":"https:\/\/api.w.org\/{rel}","templated":true}]}}