{"id":2096287,"date":"2025-02-14T06:58:20","date_gmt":"2025-02-14T05:58:20","guid":{"rendered":"https:\/\/eu.tilta.com\/shop\/support-de-montage-pour-tilta-mirage-pro-matte-box\/"},"modified":"2026-02-16T09:03:37","modified_gmt":"2026-02-16T08:03:37","slug":"mounting-bracket-for-tilta-mirage-pro-matte-box","status":"publish","type":"product","link":"https:\/\/eu.tilta.com\/fr\/shop\/mounting-bracket-for-tilta-mirage-pro-matte-box\/","title":{"rendered":"Support de montage pour Tilta Mirage Pro Matte Box"},"content":{"rendered":"<p><em>Voici le support de montage pour la bo\u00eete \u00e0 mats Tilta Mirage.<\/em><\/p>\n<p>Ce support de montage permet aux utilisateurs de monter la Mirage Pro Matte Box via des tiges LWS de 15 mm ou des tiges de studio de 19 mm.<\/p>\n<p>Cela permet au Mirage Pro de s&#8217;int\u00e9grer \u00e0 votre installation existante et peut \u00eatre facilement d\u00e9plac\u00e9 vers l&#8217;avant pour changer de lentilles, \u00e0 condition que les tiges soient suffisamment longues.<\/p>\n<p>Lorsqu&#8217;il est utilis\u00e9 en combinaison avec un support \u00e0 pince, ce support de montage sert de support suppl\u00e9mentaire pour les objectifs plus lourds.<\/p>\n<p>Veuillez noter qu&#8217;il s&#8217;agit d&#8217;un adaptateur \u00e0 hauteur fixe qui alignera le centre de la bo\u00eete \u00e0 mats sur le standard LWS ou Studio.<\/p>\n<p>Si vous n&#8217;utilisez pas le LWS ou la plaque de base Studio correspondant \u00e0 votre appareil photo, cet adaptateur risque de ne pas s&#8217;aligner correctement avec votre objectif.<\/p>\n","protected":false},"excerpt":{"rendered":"<p>Voici le support de montage pour la bo\u00eete \u00e0 mats Tilta Mirage. Ce support de montage permet aux utilisateurs de monter la Mirage Pro Matte Box via des tiges LWS de 15 mm ou des tiges de studio de 19 [&hellip;]<\/p>\n","protected":false},"featured_media":2086866,"comment_status":"open","ping_status":"closed","template":"","meta":[],"product_cat":[4448,3768],"product_tag":[],"acf":[],"gallery_images":[2086853],"_links":{"self":[{"href":"https:\/\/eu.tilta.com\/fr\/wp-json\/wp\/v2\/product\/2096287"}],"collection":[{"href":"https:\/\/eu.tilta.com\/fr\/wp-json\/wp\/v2\/product"}],"about":[{"href":"https:\/\/eu.tilta.com\/fr\/wp-json\/wp\/v2\/types\/product"}],"replies":[{"embeddable":true,"href":"https:\/\/eu.tilta.com\/fr\/wp-json\/wp\/v2\/comments?post=2096287"}],"wp:featuredmedia":[{"embeddable":true,"href":"https:\/\/eu.tilta.com\/fr\/wp-json\/wp\/v2\/media\/2086866"}],"wp:attachment":[{"href":"https:\/\/eu.tilta.com\/fr\/wp-json\/wp\/v2\/media?parent=2096287"}],"wp:term":[{"taxonomy":"product_cat","embeddable":true,"href":"https:\/\/eu.tilta.com\/fr\/wp-json\/wp\/v2\/product_cat?post=2096287"},{"taxonomy":"product_tag","embeddable":true,"href":"https:\/\/eu.tilta.com\/fr\/wp-json\/wp\/v2\/product_tag?post=2096287"}],"curies":[{"name":"wp","href":"https:\/\/api.w.org\/{rel}","templated":true}]}}