{"id":2096292,"date":"2025-02-14T07:44:20","date_gmt":"2025-02-14T06:44:20","guid":{"rendered":"https:\/\/eu.tilta.com\/shop\/adaptateur-de-fouet-pour-tilta-mirage-pro-matte-box\/"},"modified":"2026-02-16T09:01:18","modified_gmt":"2026-02-16T08:01:18","slug":"whip-adapter-for-tilta-mirage-pro-matte-box","status":"publish","type":"product","link":"https:\/\/eu.tilta.com\/fr\/shop\/whip-adapter-for-tilta-mirage-pro-matte-box\/","title":{"rendered":"Adaptateur de fouet pour Tilta Mirage Pro Matte Box"},"content":{"rendered":"<p>Voici l&#8217;adaptateur de fouet pour la bo\u00eete de matage Tilta Mirage Pro.<\/p>\n<p>Cet adaptateur permet aux utilisateurs de r\u00e9gler le m\u00e9canisme d&#8217;inclinaison de l&#8217;adaptateur Swing Away \u00e0 l&#8217;aide d&#8217;un fouet de mise au point.<\/p>\n<p>Cela permet aux utilisateurs de combattre les images fant\u00f4mes et autres artefacts r\u00e9fl\u00e9chissants en inclinant le corps de la matte box vers l&#8217;avant ou vers l&#8217;arri\u00e8re \u00e0 une courte distance.<\/p>\n","protected":false},"excerpt":{"rendered":"<p>Voici l&#8217;adaptateur de fouet pour la bo\u00eete de matage Tilta Mirage Pro. Cet adaptateur permet aux utilisateurs de r\u00e9gler le m\u00e9canisme d&#8217;inclinaison de l&#8217;adaptateur Swing Away \u00e0 l&#8217;aide d&#8217;un fouet de mise au point. Cela permet aux utilisateurs de combattre [&hellip;]<\/p>\n","protected":false},"featured_media":2087302,"comment_status":"open","ping_status":"closed","template":"","meta":[],"product_cat":[4448,3768],"product_tag":[],"acf":[],"gallery_images":[],"_links":{"self":[{"href":"https:\/\/eu.tilta.com\/fr\/wp-json\/wp\/v2\/product\/2096292"}],"collection":[{"href":"https:\/\/eu.tilta.com\/fr\/wp-json\/wp\/v2\/product"}],"about":[{"href":"https:\/\/eu.tilta.com\/fr\/wp-json\/wp\/v2\/types\/product"}],"replies":[{"embeddable":true,"href":"https:\/\/eu.tilta.com\/fr\/wp-json\/wp\/v2\/comments?post=2096292"}],"wp:featuredmedia":[{"embeddable":true,"href":"https:\/\/eu.tilta.com\/fr\/wp-json\/wp\/v2\/media\/2087302"}],"wp:attachment":[{"href":"https:\/\/eu.tilta.com\/fr\/wp-json\/wp\/v2\/media?parent=2096292"}],"wp:term":[{"taxonomy":"product_cat","embeddable":true,"href":"https:\/\/eu.tilta.com\/fr\/wp-json\/wp\/v2\/product_cat?post=2096292"},{"taxonomy":"product_tag","embeddable":true,"href":"https:\/\/eu.tilta.com\/fr\/wp-json\/wp\/v2\/product_tag?post=2096292"}],"curies":[{"name":"wp","href":"https:\/\/api.w.org\/{rel}","templated":true}]}}