{"id":2096294,"date":"2025-02-14T08:04:07","date_gmt":"2025-02-14T07:04:07","guid":{"rendered":"https:\/\/eu.tilta.com\/shop\/4x5-65-filter-tray-body-pour-tilta-mirage-pro-matte-box\/"},"modified":"2026-02-16T09:03:37","modified_gmt":"2026-02-16T08:03:37","slug":"4x5-65-filter-tray-body-for-tilta-mirage-pro-matte-box","status":"publish","type":"product","link":"https:\/\/eu.tilta.com\/fr\/shop\/4x5-65-filter-tray-body-for-tilta-mirage-pro-matte-box\/","title":{"rendered":"4\u00d75.65 Filter Tray Body pour Tilta Mirage Pro Matte Box"},"content":{"rendered":"<p><em>Pr\u00e9sentation du corps du porte-filtre 4\u00d75.65 pour la bo\u00eete de matage Tilta Mirage Pro<\/em><\/p>\n<p>Ces trois \u00e9l\u00e9ments se fixent directement sur le corps de la Matte Box Mirage Pro pour accueillir chacun des plateaux de filtres 4\u00d75,65.<\/p>\n<p>Veuillez noter que ces pi\u00e8ces remplacent celles fournies avec la Matte Box.<\/p>\n","protected":false},"excerpt":{"rendered":"<p>Pr\u00e9sentation du corps du porte-filtre 4\u00d75.65 pour la bo\u00eete de matage Tilta Mirage Pro Ces trois \u00e9l\u00e9ments se fixent directement sur le corps de la Matte Box Mirage Pro pour accueillir chacun des plateaux de filtres 4\u00d75,65. Veuillez noter que [&hellip;]<\/p>\n","protected":false},"featured_media":2087353,"comment_status":"open","ping_status":"closed","template":"","meta":[],"product_cat":[4448,3768],"product_tag":[],"acf":[],"gallery_images":[],"_links":{"self":[{"href":"https:\/\/eu.tilta.com\/fr\/wp-json\/wp\/v2\/product\/2096294"}],"collection":[{"href":"https:\/\/eu.tilta.com\/fr\/wp-json\/wp\/v2\/product"}],"about":[{"href":"https:\/\/eu.tilta.com\/fr\/wp-json\/wp\/v2\/types\/product"}],"replies":[{"embeddable":true,"href":"https:\/\/eu.tilta.com\/fr\/wp-json\/wp\/v2\/comments?post=2096294"}],"wp:featuredmedia":[{"embeddable":true,"href":"https:\/\/eu.tilta.com\/fr\/wp-json\/wp\/v2\/media\/2087353"}],"wp:attachment":[{"href":"https:\/\/eu.tilta.com\/fr\/wp-json\/wp\/v2\/media?parent=2096294"}],"wp:term":[{"taxonomy":"product_cat","embeddable":true,"href":"https:\/\/eu.tilta.com\/fr\/wp-json\/wp\/v2\/product_cat?post=2096294"},{"taxonomy":"product_tag","embeddable":true,"href":"https:\/\/eu.tilta.com\/fr\/wp-json\/wp\/v2\/product_tag?post=2096294"}],"curies":[{"name":"wp","href":"https:\/\/api.w.org\/{rel}","templated":true}]}}