{"id":2096343,"date":"2025-02-14T09:22:55","date_gmt":"2025-02-14T08:22:55","guid":{"rendered":"https:\/\/eu.tilta.com\/shop\/tilta-mirage-pro-matte-box-single-backing-kit\/"},"modified":"2026-02-14T19:08:54","modified_gmt":"2026-02-14T18:08:54","slug":"tilta-mirage-pro-matte-box-single-backing-kit","status":"publish","type":"product","link":"https:\/\/eu.tilta.com\/fr\/shop\/tilta-mirage-pro-matte-box-single-backing-kit\/","title":{"rendered":"Tilta Mirage Pro Matte Box Single Backing Kit"},"content":{"rendered":"<p>La Mirage Pro Matte Box est notre nouvelle g\u00e9n\u00e9ration de matte box l\u00e9g\u00e8re, con\u00e7ue pour \u00eatre accessible aux d\u00e9butants comme aux professionnels chevronn\u00e9s.<\/p>\n<p>Fabriqu\u00e9 avec le souci du d\u00e9tail, le Mirage Pro est un bo\u00eetier matte \u00e0 pince con\u00e7u pour accueillir diff\u00e9rentes tailles d&#8217;objectifs en fonction du support choisi.<\/p>\n<p>La Matte Box peut \u00eatre \u00e9quip\u00e9e d&#8217;adaptateurs de tiges pour les tiges LWS de 15 mm et les tiges de studio de 19 mm, ce qui permet de l&#8217;int\u00e9grer facilement \u00e0 votre installation existante. (non inclus)<\/p>\n<p>Dot\u00e9 de plateaux compatibles avec les filtres 4\u00d75,6, le Mirage Pro permet aux utilisateurs d&#8217;utiliser facilement des filtres pour obtenir l&#8217;esth\u00e9tique visuelle souhait\u00e9e.<\/p>\n<p>Avec un drapeau sup\u00e9rieur inclus et des drapeaux lat\u00e9raux en option, le Mirage Pro a la capacit\u00e9 de bloquer les fus\u00e9es \u00e9clairantes m\u00eame dans les conditions d&#8217;\u00e9clairage les plus difficiles.<\/p>\n<p>Le corps de la Matte Box utilise un design unique \u00e0 clip magn\u00e9tique qui permet de retirer facilement le capuchon avant afin de r\u00e9duire le poids de la Matte Box tout en continuant \u00e0 supporter les trois filtres.<\/p>\n<p>Bien que cela ouvre la possibilit\u00e9 de flares, la r\u00e9duction du poids en fait une option int\u00e9ressante lorsque vous utilisez le syst\u00e8me sur un cardan ou tout autre syst\u00e8me de support sensible au poids.<\/p>\n<p>La combinaison d&#8217;\u00e9l\u00e9ments de conception uniques et d&#8217;options de configuration polyvalentes peut aider les cr\u00e9ateurs professionnels \u00e0 obtenir des styles visuels sophistiqu\u00e9s pour mieux exprimer leurs visions artistiques et produire des images de niveau industriel \u00e0 un prix accessible.<\/p>\n","protected":false},"excerpt":{"rendered":"<p>La Mirage Pro Matte Box est notre nouvelle g\u00e9n\u00e9ration de matte box l\u00e9g\u00e8re, con\u00e7ue pour \u00eatre accessible aux d\u00e9butants comme aux professionnels chevronn\u00e9s. Fabriqu\u00e9 avec le souci du d\u00e9tail, le Mirage Pro est un bo\u00eetier matte \u00e0 pince con\u00e7u pour [&hellip;]<\/p>\n","protected":false},"featured_media":2087917,"comment_status":"open","ping_status":"closed","template":"","meta":[],"product_cat":[3768],"product_tag":[],"acf":[],"gallery_images":[2087934,2087952,2087994,2088000,2088036],"_links":{"self":[{"href":"https:\/\/eu.tilta.com\/fr\/wp-json\/wp\/v2\/product\/2096343"}],"collection":[{"href":"https:\/\/eu.tilta.com\/fr\/wp-json\/wp\/v2\/product"}],"about":[{"href":"https:\/\/eu.tilta.com\/fr\/wp-json\/wp\/v2\/types\/product"}],"replies":[{"embeddable":true,"href":"https:\/\/eu.tilta.com\/fr\/wp-json\/wp\/v2\/comments?post=2096343"}],"wp:featuredmedia":[{"embeddable":true,"href":"https:\/\/eu.tilta.com\/fr\/wp-json\/wp\/v2\/media\/2087917"}],"wp:attachment":[{"href":"https:\/\/eu.tilta.com\/fr\/wp-json\/wp\/v2\/media?parent=2096343"}],"wp:term":[{"taxonomy":"product_cat","embeddable":true,"href":"https:\/\/eu.tilta.com\/fr\/wp-json\/wp\/v2\/product_cat?post=2096343"},{"taxonomy":"product_tag","embeddable":true,"href":"https:\/\/eu.tilta.com\/fr\/wp-json\/wp\/v2\/product_tag?post=2096343"}],"curies":[{"name":"wp","href":"https:\/\/api.w.org\/{rel}","templated":true}]}}