{"id":2096377,"date":"2025-02-14T04:42:56","date_gmt":"2025-02-14T03:42:56","guid":{"rendered":"https:\/\/eu.tilta.com\/shop\/adaptateur-pour-tilta-mirage-pro-matte-box\/"},"modified":"2026-02-16T09:03:41","modified_gmt":"2026-02-16T08:03:41","slug":"clamp-on-adapter-for-tilta-mirage-pro-matte-box","status":"publish","type":"product","link":"https:\/\/eu.tilta.com\/fr\/shop\/clamp-on-adapter-for-tilta-mirage-pro-matte-box\/","title":{"rendered":"Adaptateur pour Tilta Mirage Pro Matte Box"},"content":{"rendered":"<p><em>Voici l&#8217;adaptateur \u00e0 pince pour la bo\u00eete \u00e0 matte Mirage Pro.<\/em><\/p>\n<p>Ce support \u00e0 pince est disponible en diff\u00e9rentes tailles pour s&#8217;adapter \u00e0 des lentilles de diff\u00e9rentes tailles et peut facilement \u00eatre \u00e9chang\u00e9 si n\u00e9cessaire.<\/p>\n<p>L&#8217;adaptateur 95 mm peut \u00eatre rendu compatible avec les objectifs photographiques gr\u00e2ce \u00e0 nos adaptateurs Mirage qui se montent via des filets de filtre.<\/p>\n","protected":false},"excerpt":{"rendered":"<p>Voici l&#8217;adaptateur \u00e0 pince pour la bo\u00eete \u00e0 matte Mirage Pro. Ce support \u00e0 pince est disponible en diff\u00e9rentes tailles pour s&#8217;adapter \u00e0 des lentilles de diff\u00e9rentes tailles et peut facilement \u00eatre \u00e9chang\u00e9 si n\u00e9cessaire. L&#8217;adaptateur 95 mm peut \u00eatre [&hellip;]<\/p>\n","protected":false},"featured_media":2086026,"comment_status":"open","ping_status":"closed","template":"","meta":[],"product_cat":[3768],"product_tag":[],"acf":[],"gallery_images":[],"_links":{"self":[{"href":"https:\/\/eu.tilta.com\/fr\/wp-json\/wp\/v2\/product\/2096377"}],"collection":[{"href":"https:\/\/eu.tilta.com\/fr\/wp-json\/wp\/v2\/product"}],"about":[{"href":"https:\/\/eu.tilta.com\/fr\/wp-json\/wp\/v2\/types\/product"}],"replies":[{"embeddable":true,"href":"https:\/\/eu.tilta.com\/fr\/wp-json\/wp\/v2\/comments?post=2096377"}],"wp:featuredmedia":[{"embeddable":true,"href":"https:\/\/eu.tilta.com\/fr\/wp-json\/wp\/v2\/media\/2086026"}],"wp:attachment":[{"href":"https:\/\/eu.tilta.com\/fr\/wp-json\/wp\/v2\/media?parent=2096377"}],"wp:term":[{"taxonomy":"product_cat","embeddable":true,"href":"https:\/\/eu.tilta.com\/fr\/wp-json\/wp\/v2\/product_cat?post=2096377"},{"taxonomy":"product_tag","embeddable":true,"href":"https:\/\/eu.tilta.com\/fr\/wp-json\/wp\/v2\/product_tag?post=2096377"}],"curies":[{"name":"wp","href":"https:\/\/api.w.org\/{rel}","templated":true}]}}