{"id":2096392,"date":"2025-02-13T09:21:54","date_gmt":"2025-02-13T08:21:54","guid":{"rendered":"https:\/\/eu.tilta.com\/shop\/courroie-de-fixation-universelle-pour-accessoires-1-4%e2%80%b3-20-noir\/"},"modified":"2025-12-05T14:14:11","modified_gmt":"2025-12-05T13:14:11","slug":"universal-accessory-mounting-strap-1-4%e2%80%b3-20-black","status":"publish","type":"product","link":"https:\/\/eu.tilta.com\/fr\/shop\/universal-accessory-mounting-strap-1-4%e2%80%b3-20-black\/","title":{"rendered":"Courroie de fixation universelle pour accessoires (1\/4\u2033-20) &#8211; Noir"},"content":{"rendered":"<p><em>Pr\u00e9sentation de la sangle universelle de montage d&#8217;accessoires<\/em><\/p>\n<p>Cette sangle velcro l\u00e9g\u00e8re est con\u00e7ue pour \u00eatre mont\u00e9e rapidement et dispose d&#8217;un filetage 1\/4\u2033-20 ou 3\/8\u2033-16 pour supporter une vari\u00e9t\u00e9 d&#8217;accessoires ou de petits appareils photo.<\/p>\n<p>Le filetage 3\/8&#8243;-16 peut \u00eatre adapt\u00e9 aux accessoires 1\/4\u2033-20 gr\u00e2ce \u00e0 l&#8217;adaptateur inclus.<\/p>\n<p>Cette sangle en silicone tr\u00e8s r\u00e9sistante pr\u00e9sente un tissage fin qui permet de supporter jusqu&#8217;\u00e0 10 livres lorsqu&#8217;elle est fix\u00e9e.<\/p>\n<p>Il s&#8217;agit d&#8217;une solution parfaite pour monter des accessoires directement sur l&#8217;objectif, tels que des t\u00e9l\u00e9m\u00e8tres LiDAR, des smartphones ou des lampes LED sur l&#8217;appareil photo.<\/p>\n<p>Il peut \u00e9galement \u00eatre utilis\u00e9 comme solution de montage cr\u00e9ative pour fixer des cam\u00e9ras d&#8217;action plus petites \u00e0 des points de montage non traditionnels tels que des arbres, des panneaux de signalisation, etc.<\/p>\n","protected":false},"excerpt":{"rendered":"<p>Pr\u00e9sentation de la sangle universelle de montage d&#8217;accessoires Cette sangle velcro l\u00e9g\u00e8re est con\u00e7ue pour \u00eatre mont\u00e9e rapidement et dispose d&#8217;un filetage 1\/4\u2033-20 ou 3\/8\u2033-16 pour supporter une vari\u00e9t\u00e9 d&#8217;accessoires ou de petits appareils photo. Le filetage 3\/8&#8243;-16 peut \u00eatre [&hellip;]<\/p>\n","protected":false},"featured_media":2080558,"comment_status":"open","ping_status":"closed","template":"","meta":[],"product_cat":[1881,2380],"product_tag":[],"acf":[],"gallery_images":[2080552,2080546,2080540,2080533,2080527,2080521,2080515],"_links":{"self":[{"href":"https:\/\/eu.tilta.com\/fr\/wp-json\/wp\/v2\/product\/2096392"}],"collection":[{"href":"https:\/\/eu.tilta.com\/fr\/wp-json\/wp\/v2\/product"}],"about":[{"href":"https:\/\/eu.tilta.com\/fr\/wp-json\/wp\/v2\/types\/product"}],"replies":[{"embeddable":true,"href":"https:\/\/eu.tilta.com\/fr\/wp-json\/wp\/v2\/comments?post=2096392"}],"wp:featuredmedia":[{"embeddable":true,"href":"https:\/\/eu.tilta.com\/fr\/wp-json\/wp\/v2\/media\/2080558"}],"wp:attachment":[{"href":"https:\/\/eu.tilta.com\/fr\/wp-json\/wp\/v2\/media?parent=2096392"}],"wp:term":[{"taxonomy":"product_cat","embeddable":true,"href":"https:\/\/eu.tilta.com\/fr\/wp-json\/wp\/v2\/product_cat?post=2096392"},{"taxonomy":"product_tag","embeddable":true,"href":"https:\/\/eu.tilta.com\/fr\/wp-json\/wp\/v2\/product_tag?post=2096392"}],"curies":[{"name":"wp","href":"https:\/\/api.w.org\/{rel}","templated":true}]}}