{"id":2096400,"date":"2025-02-14T04:24:09","date_gmt":"2025-02-14T03:24:09","guid":{"rendered":"https:\/\/eu.tilta.com\/shop\/filtre-nd-variable-114mm-pour-tilta-mirage-pro-matte-box\/"},"modified":"2026-02-14T19:08:37","modified_gmt":"2026-02-14T18:08:37","slug":"114mm-variable-nd-filter-for-tilta-mirage-pro-matte-box","status":"publish","type":"product","link":"https:\/\/eu.tilta.com\/fr\/shop\/114mm-variable-nd-filter-for-tilta-mirage-pro-matte-box\/","title":{"rendered":"Filtre ND variable 114mm pour Tilta Mirage Pro Matte Box"},"content":{"rendered":"<p><em>Pr\u00e9sentation du ND variable de 114 mm pour la bo\u00eete de matage Mirage Pro<\/em><\/p>\n<p>Ce filtre a \u00e9t\u00e9 d\u00e9velopp\u00e9 en collaboration avec des fabricants d&#8217;optiques de premier plan afin de fournir les m\u00eames performances que notre version plus petite de 95 mm.<\/p>\n<p>Gr\u00e2ce \u00e0 la technologie PL + CPL actualis\u00e9e, ce filtre VND peut produire des couleurs pr\u00e9cises sur toute sa plage de densit\u00e9, tout en prenant en charge des objectifs jusqu&#8217;\u00e0 114 mm.<\/p>\n<p>Le ND variable peut \u00eatre ajust\u00e9 progressivement, ce qui vous permet de conserver une exposition coh\u00e9rente lorsque les conditions d&#8217;\u00e9clairage changent de mani\u00e8re inattendue.<\/p>\n<p>Un adaptateur de tige optionnel permet d&#8217;utiliser de petits moteurs sans fil, comme notre moteur Nano 2, pour contr\u00f4ler le ND sans fil.<\/p>\n<p>Cette fonction est id\u00e9ale pour les situations o\u00f9 l&#8217;\u00e9clairage change soudainement par temps partiellement nuageux ou lorsque la cam\u00e9ra n&#8217;est pas physiquement accessible, par exemple sur un steadicam ou une grue.<\/p>\n","protected":false},"excerpt":{"rendered":"<p>Pr\u00e9sentation du ND variable de 114 mm pour la bo\u00eete de matage Mirage Pro Ce filtre a \u00e9t\u00e9 d\u00e9velopp\u00e9 en collaboration avec des fabricants d&#8217;optiques de premier plan afin de fournir les m\u00eames performances que notre version plus petite de [&hellip;]<\/p>\n","protected":false},"featured_media":2085907,"comment_status":"open","ping_status":"closed","template":"","meta":[],"product_cat":[3768,2008],"product_tag":[],"acf":[],"gallery_images":[2085914,2085922,2085930],"_links":{"self":[{"href":"https:\/\/eu.tilta.com\/fr\/wp-json\/wp\/v2\/product\/2096400"}],"collection":[{"href":"https:\/\/eu.tilta.com\/fr\/wp-json\/wp\/v2\/product"}],"about":[{"href":"https:\/\/eu.tilta.com\/fr\/wp-json\/wp\/v2\/types\/product"}],"replies":[{"embeddable":true,"href":"https:\/\/eu.tilta.com\/fr\/wp-json\/wp\/v2\/comments?post=2096400"}],"wp:featuredmedia":[{"embeddable":true,"href":"https:\/\/eu.tilta.com\/fr\/wp-json\/wp\/v2\/media\/2085907"}],"wp:attachment":[{"href":"https:\/\/eu.tilta.com\/fr\/wp-json\/wp\/v2\/media?parent=2096400"}],"wp:term":[{"taxonomy":"product_cat","embeddable":true,"href":"https:\/\/eu.tilta.com\/fr\/wp-json\/wp\/v2\/product_cat?post=2096400"},{"taxonomy":"product_tag","embeddable":true,"href":"https:\/\/eu.tilta.com\/fr\/wp-json\/wp\/v2\/product_tag?post=2096400"}],"curies":[{"name":"wp","href":"https:\/\/api.w.org\/{rel}","templated":true}]}}