{"id":2096441,"date":"2025-02-14T07:21:54","date_gmt":"2025-02-14T06:21:54","guid":{"rendered":"https:\/\/eu.tilta.com\/shop\/capot-en-fibre-de-carbone-pour-tilta-mirage-pro-matte-box\/"},"modified":"2025-12-05T14:14:45","modified_gmt":"2025-12-05T13:14:45","slug":"carbon-fiber-hood-for-tilta-mirage-pro-matte-box","status":"publish","type":"product","link":"https:\/\/eu.tilta.com\/fr\/shop\/carbon-fiber-hood-for-tilta-mirage-pro-matte-box\/","title":{"rendered":"Capot en fibre de carbone pour Tilta Mirage Pro Matte Box"},"content":{"rendered":"<p>Ce capuchon en fibre de carbone pour Tilta Mirage Pro Matte Box sert de remplacement \u00e0 celui inclus dans le kit.<\/p>\n<p>Le capot avant est dot\u00e9 d&#8217;un syst\u00e8me unique de clipsage magn\u00e9tique qui permet de retirer facilement l&#8217;unit\u00e9 du plateau de filtration.<\/p>\n<p>Cela permet aux utilisateurs de r\u00e9duire le poids de la Matte Box tout en continuant \u00e0 supporter les trois filtres.<\/p>\n<p>Bien que cela ouvre la possibilit\u00e9 de flares, la r\u00e9duction du poids en fait une option int\u00e9ressante lorsque vous utilisez le syst\u00e8me sur un cardan ou tout autre syst\u00e8me de support sensible au poids.<\/p>\n","protected":false},"excerpt":{"rendered":"<p>Ce capuchon en fibre de carbone pour Tilta Mirage Pro Matte Box sert de remplacement \u00e0 celui inclus dans le kit. Le capot avant est dot\u00e9 d&#8217;un syst\u00e8me unique de clipsage magn\u00e9tique qui permet de retirer facilement l&#8217;unit\u00e9 du plateau [&hellip;]<\/p>\n","protected":false},"featured_media":2086998,"comment_status":"open","ping_status":"closed","template":"","meta":[],"product_cat":[3768],"product_tag":[],"acf":[],"gallery_images":[2087003,2087009],"_links":{"self":[{"href":"https:\/\/eu.tilta.com\/fr\/wp-json\/wp\/v2\/product\/2096441"}],"collection":[{"href":"https:\/\/eu.tilta.com\/fr\/wp-json\/wp\/v2\/product"}],"about":[{"href":"https:\/\/eu.tilta.com\/fr\/wp-json\/wp\/v2\/types\/product"}],"replies":[{"embeddable":true,"href":"https:\/\/eu.tilta.com\/fr\/wp-json\/wp\/v2\/comments?post=2096441"}],"wp:featuredmedia":[{"embeddable":true,"href":"https:\/\/eu.tilta.com\/fr\/wp-json\/wp\/v2\/media\/2086998"}],"wp:attachment":[{"href":"https:\/\/eu.tilta.com\/fr\/wp-json\/wp\/v2\/media?parent=2096441"}],"wp:term":[{"taxonomy":"product_cat","embeddable":true,"href":"https:\/\/eu.tilta.com\/fr\/wp-json\/wp\/v2\/product_cat?post=2096441"},{"taxonomy":"product_tag","embeddable":true,"href":"https:\/\/eu.tilta.com\/fr\/wp-json\/wp\/v2\/product_tag?post=2096441"}],"curies":[{"name":"wp","href":"https:\/\/api.w.org\/{rel}","templated":true}]}}