{"id":2096442,"date":"2025-02-14T07:07:17","date_gmt":"2025-02-14T06:07:17","guid":{"rendered":"https:\/\/eu.tilta.com\/shop\/plateau-de-filtre-4x5-65-pour-tilta-mirage-pro-matte-box\/"},"modified":"2025-12-05T14:14:46","modified_gmt":"2025-12-05T13:14:46","slug":"4x5-65-filter-tray-for-tilta-mirage-pro-matte-box","status":"publish","type":"product","link":"https:\/\/eu.tilta.com\/fr\/shop\/4x5-65-filter-tray-for-tilta-mirage-pro-matte-box\/","title":{"rendered":"Plateau de filtre 4\u00d75.65 pour Tilta Mirage Pro Matte Box"},"content":{"rendered":"<p>Ce porte-filtre 4\u00d75.65 permet aux utilisateurs de monter des filtres 4\u00d75.65 \u00e0 l&#8217;int\u00e9rieur de la Matte Box Mirage Pro.<\/p>\n<p>Cette taille standard de l&#8217;industrie permet d&#8217;utiliser une gamme de filtres d&#8217;une \u00e9paisseur comprise entre 2 et 4 mm.<\/p>\n<p>Il est \u00e9galement con\u00e7u pour se loger en toute s\u00e9curit\u00e9 dans le bo\u00eetier mat tout en limitant le risque de d\u00e9connexion accidentelle.<\/p>\n","protected":false},"excerpt":{"rendered":"<p>Ce porte-filtre 4\u00d75.65 permet aux utilisateurs de monter des filtres 4\u00d75.65 \u00e0 l&#8217;int\u00e9rieur de la Matte Box Mirage Pro. Cette taille standard de l&#8217;industrie permet d&#8217;utiliser une gamme de filtres d&#8217;une \u00e9paisseur comprise entre 2 et 4 mm. Il est [&hellip;]<\/p>\n","protected":false},"featured_media":2086918,"comment_status":"open","ping_status":"closed","template":"","meta":[],"product_cat":[3768],"product_tag":[],"acf":[],"gallery_images":[],"_links":{"self":[{"href":"https:\/\/eu.tilta.com\/fr\/wp-json\/wp\/v2\/product\/2096442"}],"collection":[{"href":"https:\/\/eu.tilta.com\/fr\/wp-json\/wp\/v2\/product"}],"about":[{"href":"https:\/\/eu.tilta.com\/fr\/wp-json\/wp\/v2\/types\/product"}],"replies":[{"embeddable":true,"href":"https:\/\/eu.tilta.com\/fr\/wp-json\/wp\/v2\/comments?post=2096442"}],"wp:featuredmedia":[{"embeddable":true,"href":"https:\/\/eu.tilta.com\/fr\/wp-json\/wp\/v2\/media\/2086918"}],"wp:attachment":[{"href":"https:\/\/eu.tilta.com\/fr\/wp-json\/wp\/v2\/media?parent=2096442"}],"wp:term":[{"taxonomy":"product_cat","embeddable":true,"href":"https:\/\/eu.tilta.com\/fr\/wp-json\/wp\/v2\/product_cat?post=2096442"},{"taxonomy":"product_tag","embeddable":true,"href":"https:\/\/eu.tilta.com\/fr\/wp-json\/wp\/v2\/product_tag?post=2096442"}],"curies":[{"name":"wp","href":"https:\/\/api.w.org\/{rel}","templated":true}]}}