{"id":2096443,"date":"2025-02-14T07:14:02","date_gmt":"2025-02-14T06:14:02","guid":{"rendered":"https:\/\/eu.tilta.com\/shop\/adaptateur-swing-away-pour-tilta-mirage-pro-matte-box\/"},"modified":"2026-04-04T00:42:55","modified_gmt":"2026-04-03T22:42:55","slug":"swing-away-adapter-for-tilta-mirage-pro-matte-box","status":"publish","type":"product","link":"https:\/\/eu.tilta.com\/fr\/shop\/swing-away-adapter-for-tilta-mirage-pro-matte-box\/","title":{"rendered":"Adaptateur Swing Away pour Tilta Mirage Pro Matte Box"},"content":{"rendered":"<p>Cet adaptateur Swing Away se monte sur le Mirage Pro Matte Box et n\u00e9cessite un support de tige optionnel pour des tiges de 15 mm ou 19 mm.<\/p>\n<p>Cela permet au Mirage Pro de s&#8217;int\u00e9grer facilement \u00e0 votre installation existante, car il peut pivoter pour changer rapidement d&#8217;objectif.<\/p>\n<p>Cet adaptateur Swing Away est \u00e9galement dot\u00e9 d&#8217;un m\u00e9canisme d&#8217;inclinaison qui permet aux utilisateurs de lutter contre les images fant\u00f4mes et autres artefacts r\u00e9fl\u00e9chissants en inclinant l\u00e9g\u00e8rement le corps de la matte box vers l&#8217;avant ou vers l&#8217;arri\u00e8re.<\/p>\n<p>Cet adaptateur est \u00e9galement dot\u00e9 d&#8217;une monture Focus Whip de taille standard qui permet aux utilisateurs de r\u00e9gler l&#8217;inclinaison \u00e0 une courte distance \u00e0 l&#8217;aide d&#8217;un Focus Whip.<\/p>\n","protected":false},"excerpt":{"rendered":"<p>Cet adaptateur Swing Away se monte sur le Mirage Pro Matte Box et n\u00e9cessite un support de tige optionnel pour des tiges de 15 mm ou 19 mm. Cela permet au Mirage Pro de s&#8217;int\u00e9grer facilement \u00e0 votre installation existante, [&hellip;]<\/p>\n","protected":false},"featured_media":2086952,"comment_status":"open","ping_status":"closed","template":"","meta":[],"product_cat":[3768],"product_tag":[],"acf":[],"gallery_images":[],"_links":{"self":[{"href":"https:\/\/eu.tilta.com\/fr\/wp-json\/wp\/v2\/product\/2096443"}],"collection":[{"href":"https:\/\/eu.tilta.com\/fr\/wp-json\/wp\/v2\/product"}],"about":[{"href":"https:\/\/eu.tilta.com\/fr\/wp-json\/wp\/v2\/types\/product"}],"replies":[{"embeddable":true,"href":"https:\/\/eu.tilta.com\/fr\/wp-json\/wp\/v2\/comments?post=2096443"}],"wp:featuredmedia":[{"embeddable":true,"href":"https:\/\/eu.tilta.com\/fr\/wp-json\/wp\/v2\/media\/2086952"}],"wp:attachment":[{"href":"https:\/\/eu.tilta.com\/fr\/wp-json\/wp\/v2\/media?parent=2096443"}],"wp:term":[{"taxonomy":"product_cat","embeddable":true,"href":"https:\/\/eu.tilta.com\/fr\/wp-json\/wp\/v2\/product_cat?post=2096443"},{"taxonomy":"product_tag","embeddable":true,"href":"https:\/\/eu.tilta.com\/fr\/wp-json\/wp\/v2\/product_tag?post=2096443"}],"curies":[{"name":"wp","href":"https:\/\/api.w.org\/{rel}","templated":true}]}}