{"id":2096473,"date":"2025-02-14T07:26:59","date_gmt":"2025-02-14T06:26:59","guid":{"rendered":"https:\/\/eu.tilta.com\/shop\/adaptateur-de-moteur-universel-pour-tilta-mirage-pro-matte-box\/"},"modified":"2026-02-16T09:01:23","modified_gmt":"2026-02-16T08:01:23","slug":"universal-motor-adapter-for-tilta-mirage-pro-matte-box","status":"publish","type":"product","link":"https:\/\/eu.tilta.com\/fr\/shop\/universal-motor-adapter-for-tilta-mirage-pro-matte-box\/","title":{"rendered":"Adaptateur de moteur universel pour Tilta Mirage Pro Matte Box"},"content":{"rendered":"<p>Cet adaptateur de moteur universel peut \u00eatre mont\u00e9 sur le filtre ND variable de 114 mm pour la bo\u00eete \u00e0 matte Mirage Pro.<\/p>\n<p>Cet adaptateur est dot\u00e9 d&#8217;une tige de 15 mm qui supporte les petits moteurs sans fil comme notre Nucleus Nano 2, pour contr\u00f4ler le filtre ND variable sans fil.<\/p>\n<p>Cette fonction est id\u00e9ale dans les situations o\u00f9 l&#8217;\u00e9clairage change soudainement par temps partiellement nuageux ou lorsque la cam\u00e9ra n&#8217;est pas physiquement accessible, par exemple sur un steadicam ou une grue.<\/p>\n","protected":false},"excerpt":{"rendered":"<p>Cet adaptateur de moteur universel peut \u00eatre mont\u00e9 sur le filtre ND variable de 114 mm pour la bo\u00eete \u00e0 matte Mirage Pro. Cet adaptateur est dot\u00e9 d&#8217;une tige de 15 mm qui supporte les petits moteurs sans fil comme [&hellip;]<\/p>\n","protected":false},"featured_media":2087041,"comment_status":"open","ping_status":"closed","template":"","meta":[],"product_cat":[4448,3768],"product_tag":[],"acf":[],"gallery_images":[],"_links":{"self":[{"href":"https:\/\/eu.tilta.com\/fr\/wp-json\/wp\/v2\/product\/2096473"}],"collection":[{"href":"https:\/\/eu.tilta.com\/fr\/wp-json\/wp\/v2\/product"}],"about":[{"href":"https:\/\/eu.tilta.com\/fr\/wp-json\/wp\/v2\/types\/product"}],"replies":[{"embeddable":true,"href":"https:\/\/eu.tilta.com\/fr\/wp-json\/wp\/v2\/comments?post=2096473"}],"wp:featuredmedia":[{"embeddable":true,"href":"https:\/\/eu.tilta.com\/fr\/wp-json\/wp\/v2\/media\/2087041"}],"wp:attachment":[{"href":"https:\/\/eu.tilta.com\/fr\/wp-json\/wp\/v2\/media?parent=2096473"}],"wp:term":[{"taxonomy":"product_cat","embeddable":true,"href":"https:\/\/eu.tilta.com\/fr\/wp-json\/wp\/v2\/product_cat?post=2096473"},{"taxonomy":"product_tag","embeddable":true,"href":"https:\/\/eu.tilta.com\/fr\/wp-json\/wp\/v2\/product_tag?post=2096473"}],"curies":[{"name":"wp","href":"https:\/\/api.w.org\/{rel}","templated":true}]}}