{"id":2096474,"date":"2025-02-14T07:38:13","date_gmt":"2025-02-14T06:38:13","guid":{"rendered":"https:\/\/eu.tilta.com\/shop\/kit-dembouts-en-caoutchouc-pour-tilta-mirage-pro-matte-box\/"},"modified":"2026-04-04T00:42:55","modified_gmt":"2026-04-03T22:42:55","slug":"rubber-donut-kit-for-tilta-mirage-pro-matte-box","status":"publish","type":"product","link":"https:\/\/eu.tilta.com\/fr\/shop\/rubber-donut-kit-for-tilta-mirage-pro-matte-box\/","title":{"rendered":"Kit d&#8217;embouts en caoutchouc pour Tilta Mirage Pro Matte Box"},"content":{"rendered":"<p><em>Pr\u00e9sentation du kit de beignets en caoutchouc pour la bo\u00eete de matage Tilta Mirage Pro<\/em><\/p>\n<p>Ce kit comprend 3 tailles diff\u00e9rentes d&#8217;embouts en caoutchouc qui aident \u00e0 bloquer la lumi\u00e8re pour les lentilles qui ne s&#8217;adaptent pas aux supports standard.<\/p>\n<p>Ces rondelles en caoutchouc se montent \u00e0 l&#8217;arri\u00e8re du corps de la Matte Box et s&#8217;adaptent \u00e0 une large gamme de tailles d&#8217;objectifs sans laisser entrer de lumi\u00e8re ind\u00e9sirable.<\/p>\n<p>Ceci est extr\u00eamement utile car le fait de bloquer la lumi\u00e8re ind\u00e9sirable derri\u00e8re les filtres permet de r\u00e9duire les images fant\u00f4mes et autres artefacts de r\u00e9flexion.<\/p>\n<p>Ce kit peut prendre en charge des objectifs dont le diam\u00e8tre frontal est compris entre 80 mm et 95 mm, entre 95 mm et 114 mm et entre 114 mm et 136 mm.<\/p>\n<p><strong>Veuillez noter que le matte box devra \u00eatre mont\u00e9 sur tige pour utiliser cet accessoire et n\u00e9cessitera le support \u00e0 pince de 136 mm.<\/strong><\/p>\n","protected":false},"excerpt":{"rendered":"<p>Pr\u00e9sentation du kit de beignets en caoutchouc pour la bo\u00eete de matage Tilta Mirage Pro Ce kit comprend 3 tailles diff\u00e9rentes d&#8217;embouts en caoutchouc qui aident \u00e0 bloquer la lumi\u00e8re pour les lentilles qui ne s&#8217;adaptent pas aux supports standard. [&hellip;]<\/p>\n","protected":false},"featured_media":2087253,"comment_status":"open","ping_status":"closed","template":"","meta":[],"product_cat":[3768],"product_tag":[],"acf":[],"gallery_images":[],"_links":{"self":[{"href":"https:\/\/eu.tilta.com\/fr\/wp-json\/wp\/v2\/product\/2096474"}],"collection":[{"href":"https:\/\/eu.tilta.com\/fr\/wp-json\/wp\/v2\/product"}],"about":[{"href":"https:\/\/eu.tilta.com\/fr\/wp-json\/wp\/v2\/types\/product"}],"replies":[{"embeddable":true,"href":"https:\/\/eu.tilta.com\/fr\/wp-json\/wp\/v2\/comments?post=2096474"}],"wp:featuredmedia":[{"embeddable":true,"href":"https:\/\/eu.tilta.com\/fr\/wp-json\/wp\/v2\/media\/2087253"}],"wp:attachment":[{"href":"https:\/\/eu.tilta.com\/fr\/wp-json\/wp\/v2\/media?parent=2096474"}],"wp:term":[{"taxonomy":"product_cat","embeddable":true,"href":"https:\/\/eu.tilta.com\/fr\/wp-json\/wp\/v2\/product_cat?post=2096474"},{"taxonomy":"product_tag","embeddable":true,"href":"https:\/\/eu.tilta.com\/fr\/wp-json\/wp\/v2\/product_tag?post=2096474"}],"curies":[{"name":"wp","href":"https:\/\/api.w.org\/{rel}","templated":true}]}}