{"id":2112516,"date":"2025-02-18T12:30:46","date_gmt":"2025-02-18T11:30:46","guid":{"rendered":"https:\/\/eu.tilta.com\/shop\/cage-de-protection-avec-systeme-de-refroidissement-pour-canon-r5-mark-ii-base-kit-noir\/"},"modified":"2025-12-05T14:15:24","modified_gmt":"2025-12-05T13:15:24","slug":"camera-cage-with-cooling-system-for-canon-r5-mark-ii-base-kit-black","status":"publish","type":"product","link":"https:\/\/eu.tilta.com\/fr\/shop\/camera-cage-with-cooling-system-for-canon-r5-mark-ii-base-kit-black\/","title":{"rendered":"Cage de protection avec syst\u00e8me de refroidissement pour Canon R5 Mark II Base Kit &#8211; Noir"},"content":{"rendered":"<p><em>Pr\u00e9sentation de la cage d&#8217;appareil photo avec syst\u00e8me de refroidissement pour le kit Canon R5 Mark II Advanced<\/em><\/p>\n<p>Cette cage d&#8217;appareil photo offre une protection suppl\u00e9mentaire au bo\u00eetier de l&#8217;appareil photo tout en \u00e9largissant les possibilit\u00e9s de montage de divers accessoires. Il est \u00e9galement \u00e9quip\u00e9 d&#8217;un syst\u00e8me de refroidissement int\u00e9gr\u00e9 qui augmente consid\u00e9rablement la dur\u00e9e d&#8217;enregistrement de la cam\u00e9ra, sans ajouter de poids suppl\u00e9mentaire.<\/p>\n<p>La cage compl\u00e8te est \u00e9quip\u00e9e d&#8217;un r\u00e9cepteur de griffe froide, de filets M3 pour le support d&#8217;adaptateur de monture, de supports de dragonne, de filets 1\/4\u2033-20 et 3\/8\u2033-16, tous deux avec des points de rep\u00e9rage.<\/p>\n<p>Le rembourrage en silicone souple et les multiples points de contact entre l&#8217;appareil photo et la cage garantissent une connexion solide et une base solide pour le montage d&#8217;accessoires.<\/p>\n","protected":false},"excerpt":{"rendered":"<p>Pr\u00e9sentation de la cage d&#8217;appareil photo avec syst\u00e8me de refroidissement pour le kit Canon R5 Mark II Advanced Cette cage d&#8217;appareil photo offre une protection suppl\u00e9mentaire au bo\u00eetier de l&#8217;appareil photo tout en \u00e9largissant les possibilit\u00e9s de montage de divers [&hellip;]<\/p>\n","protected":false},"featured_media":2102258,"comment_status":"open","ping_status":"closed","template":"","meta":[],"product_cat":[3252],"product_tag":[],"acf":[],"gallery_images":[2102264,2102270,2102164,2102158,2102190],"_links":{"self":[{"href":"https:\/\/eu.tilta.com\/fr\/wp-json\/wp\/v2\/product\/2112516"}],"collection":[{"href":"https:\/\/eu.tilta.com\/fr\/wp-json\/wp\/v2\/product"}],"about":[{"href":"https:\/\/eu.tilta.com\/fr\/wp-json\/wp\/v2\/types\/product"}],"replies":[{"embeddable":true,"href":"https:\/\/eu.tilta.com\/fr\/wp-json\/wp\/v2\/comments?post=2112516"}],"wp:featuredmedia":[{"embeddable":true,"href":"https:\/\/eu.tilta.com\/fr\/wp-json\/wp\/v2\/media\/2102258"}],"wp:attachment":[{"href":"https:\/\/eu.tilta.com\/fr\/wp-json\/wp\/v2\/media?parent=2112516"}],"wp:term":[{"taxonomy":"product_cat","embeddable":true,"href":"https:\/\/eu.tilta.com\/fr\/wp-json\/wp\/v2\/product_cat?post=2112516"},{"taxonomy":"product_tag","embeddable":true,"href":"https:\/\/eu.tilta.com\/fr\/wp-json\/wp\/v2\/product_tag?post=2112516"}],"curies":[{"name":"wp","href":"https:\/\/api.w.org\/{rel}","templated":true}]}}