{"id":2112521,"date":"2025-02-18T12:33:42","date_gmt":"2025-02-18T11:33:42","guid":{"rendered":"https:\/\/eu.tilta.com\/shop\/cage-de-protection-avec-systeme-de-refroidissement-pour-canon-r5-mark-ii-advanced-kit-noir\/"},"modified":"2025-12-05T14:15:25","modified_gmt":"2025-12-05T13:15:25","slug":"camera-cage-with-cooling-system-for-canon-r5-mark-ii-advanced-kit-black","status":"publish","type":"product","link":"https:\/\/eu.tilta.com\/fr\/shop\/camera-cage-with-cooling-system-for-canon-r5-mark-ii-advanced-kit-black\/","title":{"rendered":"Cage de protection avec syst\u00e8me de refroidissement pour Canon R5 Mark II Advanced Kit &#8211; Noir"},"content":{"rendered":"<p><em>Pr\u00e9sentation de la cage d&#8217;appareil photo avec syst\u00e8me de refroidissement pour le kit Canon R5 Mark II Advanced<\/em><\/p>\n<p>Cette cage d&#8217;appareil photo offre une protection suppl\u00e9mentaire au bo\u00eetier de l&#8217;appareil photo tout en \u00e9largissant les possibilit\u00e9s de montage de divers accessoires. Il est \u00e9galement \u00e9quip\u00e9 d&#8217;un syst\u00e8me de refroidissement int\u00e9gr\u00e9 qui augmente consid\u00e9rablement la dur\u00e9e d&#8217;enregistrement de la cam\u00e9ra, sans ajouter de poids suppl\u00e9mentaire.<\/p>\n<p>La cage compl\u00e8te est \u00e9quip\u00e9e d&#8217;un r\u00e9cepteur de griffe froide, de filets M3 pour le support d&#8217;adaptateur de monture, de supports de dragonne, de filets 1\/4\u2033-20 et 3\/8\u2033-16, tous deux avec des points de rep\u00e9rage.<\/p>\n<p>Le rembourrage en silicone souple et les multiples points de contact entre l&#8217;appareil photo et la cage garantissent une connexion solide et une base solide pour le montage d&#8217;accessoires.<\/p>\n<p><em>La plaque de base LWS 15 mm r\u00e9glable en hauteur Arca <\/em>permet aux utilisateurs d&#8217;ajuster la hauteur de leur cam\u00e9ra par rapport \u00e0 leurs tiges.<\/p>\n<p>Cela signifie que les utilisateurs peuvent maintenir la norme LWS 85 mm entre leurs tiges et le centre de leur capteur afin d&#8217;assurer la compatibilit\u00e9 avec une gamme d&#8217;accessoires et de bo\u00eetiers d&#8217;appareils photo.<\/p>\n<p>La poign\u00e9e PD lat\u00e9rale gauche est \u00e9quip\u00e9e d&#8217;une batterie interne de grande capacit\u00e9, qui d\u00e9livre une puissance PD de 50 W pour un syst\u00e8me de refroidissement et une dur\u00e9e d&#8217;utilisation plus longue.<\/p>\n<p>Le levier de d\u00e9verrouillage permet de r\u00e9gler rapidement et pr\u00e9cis\u00e9ment l&#8217;angle de la poign\u00e9e, ce qui simplifie l&#8217;utilisation et cr\u00e9e un flux de travail plus efficace.<\/p>\n","protected":false},"excerpt":{"rendered":"<p>Pr\u00e9sentation de la cage d&#8217;appareil photo avec syst\u00e8me de refroidissement pour le kit Canon R5 Mark II Advanced Cette cage d&#8217;appareil photo offre une protection suppl\u00e9mentaire au bo\u00eetier de l&#8217;appareil photo tout en \u00e9largissant les possibilit\u00e9s de montage de divers [&hellip;]<\/p>\n","protected":false},"featured_media":2102295,"comment_status":"open","ping_status":"closed","template":"","meta":[],"product_cat":[3252],"product_tag":[],"acf":[],"gallery_images":[2102302,2102308,2102158,2102164,2102190],"_links":{"self":[{"href":"https:\/\/eu.tilta.com\/fr\/wp-json\/wp\/v2\/product\/2112521"}],"collection":[{"href":"https:\/\/eu.tilta.com\/fr\/wp-json\/wp\/v2\/product"}],"about":[{"href":"https:\/\/eu.tilta.com\/fr\/wp-json\/wp\/v2\/types\/product"}],"replies":[{"embeddable":true,"href":"https:\/\/eu.tilta.com\/fr\/wp-json\/wp\/v2\/comments?post=2112521"}],"wp:featuredmedia":[{"embeddable":true,"href":"https:\/\/eu.tilta.com\/fr\/wp-json\/wp\/v2\/media\/2102295"}],"wp:attachment":[{"href":"https:\/\/eu.tilta.com\/fr\/wp-json\/wp\/v2\/media?parent=2112521"}],"wp:term":[{"taxonomy":"product_cat","embeddable":true,"href":"https:\/\/eu.tilta.com\/fr\/wp-json\/wp\/v2\/product_cat?post=2112521"},{"taxonomy":"product_tag","embeddable":true,"href":"https:\/\/eu.tilta.com\/fr\/wp-json\/wp\/v2\/product_tag?post=2112521"}],"curies":[{"name":"wp","href":"https:\/\/api.w.org\/{rel}","templated":true}]}}