{"id":2155747,"date":"2025-02-21T08:36:31","date_gmt":"2025-02-21T07:36:31","guid":{"rendered":"https:\/\/eu.tilta.com\/shop\/adaptateur-pour-support-de-fixation-de-telephone-rotatif-v2-noir\/"},"modified":"2026-02-16T09:03:43","modified_gmt":"2026-02-16T08:03:43","slug":"adapter-for-rotatable-phone-mounting-bracket-v2-black","status":"publish","type":"product","link":"https:\/\/eu.tilta.com\/fr\/shop\/adapter-for-rotatable-phone-mounting-bracket-v2-black\/","title":{"rendered":"Adaptateur pour support de fixation de t\u00e9l\u00e9phone rotatif V2 &#8211; Noir"},"content":{"rendered":"<p><em>Pr\u00e9sentation de l&#8217;adaptateur pour support de t\u00e9l\u00e9phone rotatif V2  <\/em><\/p>\n<p>Cette s\u00e9rie d&#8217;adaptateurs permet aux utilisateurs de monter le support de montage de t\u00e9l\u00e9phone rotatif V2 via plusieurs options de connexion diff\u00e9rentes.<\/p>\n<p>Le support de tige de 15 mm est id\u00e9al pour la connexion aux syst\u00e8mes de cam\u00e9ra qui utilisent des tiges de 15 mm ou le bras de support central de l&#8217;Hydra Alien Mini.<\/p>\n<p>D&#8217;autres options pour le montage de cet accessoire incluent l&#8217;OTAN, la griffe froide, les filetages 1\/4\u2033-20 et le guidon.<\/p>\n<p>Ces adaptateurs se connectent au support de montage \u00e0 l&#8217;aide d&#8217;une vis 1\/4\u2033-20 et de goupilles de positionnement, ce qui cr\u00e9e une connexion l\u00e9g\u00e8re mais s\u00fbre.<\/p>\n","protected":false},"excerpt":{"rendered":"<p>Pr\u00e9sentation de l&#8217;adaptateur pour support de t\u00e9l\u00e9phone rotatif V2 Cette s\u00e9rie d&#8217;adaptateurs permet aux utilisateurs de monter le support de montage de t\u00e9l\u00e9phone rotatif V2 via plusieurs options de connexion diff\u00e9rentes. Le support de tige de 15 mm est id\u00e9al [&hellip;]<\/p>\n","protected":false},"featured_media":2119092,"comment_status":"open","ping_status":"closed","template":"","meta":[],"product_cat":[4448,2010,1880],"product_tag":[],"acf":[],"gallery_images":[2119111,2119217,2119098,2119211,2118463],"_links":{"self":[{"href":"https:\/\/eu.tilta.com\/fr\/wp-json\/wp\/v2\/product\/2155747"}],"collection":[{"href":"https:\/\/eu.tilta.com\/fr\/wp-json\/wp\/v2\/product"}],"about":[{"href":"https:\/\/eu.tilta.com\/fr\/wp-json\/wp\/v2\/types\/product"}],"replies":[{"embeddable":true,"href":"https:\/\/eu.tilta.com\/fr\/wp-json\/wp\/v2\/comments?post=2155747"}],"wp:featuredmedia":[{"embeddable":true,"href":"https:\/\/eu.tilta.com\/fr\/wp-json\/wp\/v2\/media\/2119092"}],"wp:attachment":[{"href":"https:\/\/eu.tilta.com\/fr\/wp-json\/wp\/v2\/media?parent=2155747"}],"wp:term":[{"taxonomy":"product_cat","embeddable":true,"href":"https:\/\/eu.tilta.com\/fr\/wp-json\/wp\/v2\/product_cat?post=2155747"},{"taxonomy":"product_tag","embeddable":true,"href":"https:\/\/eu.tilta.com\/fr\/wp-json\/wp\/v2\/product_tag?post=2155747"}],"curies":[{"name":"wp","href":"https:\/\/api.w.org\/{rel}","templated":true}]}}