{"id":2233510,"date":"2025-03-31T09:14:14","date_gmt":"2025-03-31T07:14:14","guid":{"rendered":"https:\/\/eu.tilta.com\/shop\/cable-de-controle-usb-c-pour-le-moteur-nucleus-nano-ii-v2-35cm\/"},"modified":"2025-12-05T14:18:48","modified_gmt":"2025-12-05T13:18:48","slug":"advanced-side-focus-handle-usb-c-control-cable-for-nucleus-nano-ii-motor-v2-35cm","status":"publish","type":"product","link":"https:\/\/eu.tilta.com\/fr\/shop\/advanced-side-focus-handle-usb-c-control-cable-for-nucleus-nano-ii-motor-v2-35cm\/","title":{"rendered":"C\u00e2ble de contr\u00f4le USB-C pour le moteur Nucleus Nano II V2 (35cm)"},"content":{"rendered":"<p>Pr\u00e9sentation du c\u00e2ble de commande USB-C de la poign\u00e9e lat\u00e9rale avanc\u00e9e pour le moteur Nucleus Nano II V2 (35cm).<\/p>\n<p>Ce c\u00e2ble USB-C vers USB-C permettra aux utilisateurs de contr\u00f4ler et d&#8217;alimenter le moteur Nucleus Nano II via la poign\u00e9e de mise au point lat\u00e9rale avanc\u00e9e.<\/p>\n<p>La longueur de 30 cm offre une grande flexibilit\u00e9 pour l&#8217;utilisation d&#8217;objectifs de diff\u00e9rentes tailles et de diff\u00e9rentes positions de la poign\u00e9e.<\/p>\n","protected":false},"excerpt":{"rendered":"<p>Pr\u00e9sentation du c\u00e2ble de commande USB-C de la poign\u00e9e lat\u00e9rale avanc\u00e9e pour le moteur Nucleus Nano II V2 (35cm). Ce c\u00e2ble USB-C vers USB-C permettra aux utilisateurs de contr\u00f4ler et d&#8217;alimenter le moteur Nucleus Nano II via la poign\u00e9e de [&hellip;]<\/p>\n","protected":false},"featured_media":2226374,"comment_status":"open","ping_status":"closed","template":"","meta":[],"product_cat":[1780,2218],"product_tag":[],"acf":[],"gallery_images":[2226379,2226385],"_links":{"self":[{"href":"https:\/\/eu.tilta.com\/fr\/wp-json\/wp\/v2\/product\/2233510"}],"collection":[{"href":"https:\/\/eu.tilta.com\/fr\/wp-json\/wp\/v2\/product"}],"about":[{"href":"https:\/\/eu.tilta.com\/fr\/wp-json\/wp\/v2\/types\/product"}],"replies":[{"embeddable":true,"href":"https:\/\/eu.tilta.com\/fr\/wp-json\/wp\/v2\/comments?post=2233510"}],"wp:featuredmedia":[{"embeddable":true,"href":"https:\/\/eu.tilta.com\/fr\/wp-json\/wp\/v2\/media\/2226374"}],"wp:attachment":[{"href":"https:\/\/eu.tilta.com\/fr\/wp-json\/wp\/v2\/media?parent=2233510"}],"wp:term":[{"taxonomy":"product_cat","embeddable":true,"href":"https:\/\/eu.tilta.com\/fr\/wp-json\/wp\/v2\/product_cat?post=2233510"},{"taxonomy":"product_tag","embeddable":true,"href":"https:\/\/eu.tilta.com\/fr\/wp-json\/wp\/v2\/product_tag?post=2233510"}],"curies":[{"name":"wp","href":"https:\/\/api.w.org\/{rel}","templated":true}]}}