{"id":2233511,"date":"2025-03-24T09:07:08","date_gmt":"2025-03-24T08:07:08","guid":{"rendered":"https:\/\/eu.tilta.com\/shop\/kit-longe-et-boucle-tilta-fe-7mm\/"},"modified":"2026-04-15T03:56:11","modified_gmt":"2026-04-15T01:56:11","slug":"tilta-fe-lanyard-and-buckle-kit-7mm","status":"publish","type":"product","link":"https:\/\/eu.tilta.com\/fr\/shop\/tilta-fe-lanyard-and-buckle-kit-7mm\/","title":{"rendered":"Kit longe et boucle Tilta Fe (7mm)"},"content":{"rendered":"<div class=\"overview-text\">\n<p><em>Am\u00e9liorez votre tournage mobile et l&#8217;utilisation quotidienne de votre smartphone avec le kit de dragonne et de boucle Tilta Fe, un accessoire \u00e9l\u00e9gant et fonctionnel con\u00e7u pour la commodit\u00e9 et le style.<\/em><\/p>\n<p>Ce kit comprend deux lani\u00e8res de tailles diff\u00e9rentes, ce qui vous permet de choisir celle qui convient le mieux \u00e0 votre installation. Que vous capturiez du contenu en d\u00e9placement ou que vous gardiez votre t\u00e9l\u00e9phone facilement accessible.<\/p>\n<p>Le syst\u00e8me de boucle amortie assure une rotation fluide et sans heurts, ce qui vous permet d&#8217;ajuster votre t\u00e9l\u00e9phone sans effort lorsque vous l&#8217;utilisez.<\/p>\n<p>Con\u00e7u pour \u00eatre utilis\u00e9 exclusivement avec des smartphones, ce kit n\u00e9cessite un \u00e9tui pour smartphone pour une fixation s\u00fbre. Son design haut de gamme s&#8217;harmonise parfaitement avec l&#8217;\u00e9tui de t\u00e9l\u00e9phone et l&#8217;\u00e9cosyst\u00e8me Khronos, ce qui en fait un compl\u00e9ment id\u00e9al \u00e0 votre installation de production mobile.<\/p>\n<p><em>Restez connect\u00e9, les mains libres, et gardez le contr\u00f4le avec le kit de cordon et de boucle Tilta Fe, con\u00e7u pour les cr\u00e9ateurs, les professionnels et les utilisateurs de tous les jours.<\/em><\/p>\n<\/div>\n","protected":false},"excerpt":{"rendered":"<p>Am\u00e9liorez votre tournage mobile et l&#8217;utilisation quotidienne de votre smartphone avec le kit de dragonne et de boucle Tilta Fe, un accessoire \u00e9l\u00e9gant et fonctionnel con\u00e7u pour la commodit\u00e9 et le style. Ce kit comprend deux lani\u00e8res de tailles diff\u00e9rentes, [&hellip;]<\/p>\n","protected":false},"featured_media":2204570,"comment_status":"open","ping_status":"closed","template":"","meta":[],"product_cat":[4493,2064],"product_tag":[],"acf":[],"gallery_images":[2204538,2204532,2204551,2204558,2204564,2204545],"_links":{"self":[{"href":"https:\/\/eu.tilta.com\/fr\/wp-json\/wp\/v2\/product\/2233511"}],"collection":[{"href":"https:\/\/eu.tilta.com\/fr\/wp-json\/wp\/v2\/product"}],"about":[{"href":"https:\/\/eu.tilta.com\/fr\/wp-json\/wp\/v2\/types\/product"}],"replies":[{"embeddable":true,"href":"https:\/\/eu.tilta.com\/fr\/wp-json\/wp\/v2\/comments?post=2233511"}],"wp:featuredmedia":[{"embeddable":true,"href":"https:\/\/eu.tilta.com\/fr\/wp-json\/wp\/v2\/media\/2204570"}],"wp:attachment":[{"href":"https:\/\/eu.tilta.com\/fr\/wp-json\/wp\/v2\/media?parent=2233511"}],"wp:term":[{"taxonomy":"product_cat","embeddable":true,"href":"https:\/\/eu.tilta.com\/fr\/wp-json\/wp\/v2\/product_cat?post=2233511"},{"taxonomy":"product_tag","embeddable":true,"href":"https:\/\/eu.tilta.com\/fr\/wp-json\/wp\/v2\/product_tag?post=2233511"}],"curies":[{"name":"wp","href":"https:\/\/api.w.org\/{rel}","templated":true}]}}