{"id":2233571,"date":"2025-03-22T19:08:20","date_gmt":"2025-03-22T18:08:20","guid":{"rendered":"https:\/\/eu.tilta.com\/shop\/serre-cable-hdmi-pour-sony-a1-ii-noir\/"},"modified":"2025-12-05T14:19:30","modified_gmt":"2025-12-05T13:19:30","slug":"hdmi-cable-clamp-for-sony-a1-ii-black","status":"publish","type":"product","link":"https:\/\/eu.tilta.com\/fr\/shop\/hdmi-cable-clamp-for-sony-a1-ii-black\/","title":{"rendered":"Serre-c\u00e2ble HDMI pour Sony a1 II &#8211; Noir"},"content":{"rendered":"<div class=\"overview-text\">\n<p>Cette pince pour c\u00e2ble HDMI se fixe sur le c\u00f4t\u00e9 de la cage de l&#8217;appareil photo pour Sony a1 II\/a9 III.<\/p>\n<p>Il permet aux utilisateurs de fixer en toute s\u00e9curit\u00e9 un c\u00e2ble adaptateur HDMI m\u00e2le vers HDMI femelle \u00e0 la cage de leur cam\u00e9ra.<\/p>\n<p>Cette pince permet d&#8217;\u00e9viter que le c\u00e2ble HDMI ne se d\u00e9tache pendant la prise de vue et de prot\u00e9ger le port de votre appareil photo.<\/p>\n<p>Cela peut s&#8217;av\u00e9rer particuli\u00e8rement utile lors de l&#8217;utilisation d&#8217;un enregistreur externe.<\/p>\n<p><strong>REMARQUE : ce syst\u00e8me ne se fixe pas directement sur la plupart des c\u00e2bles HDMI tiers.<\/strong><\/p>\n<\/div>\n","protected":false},"excerpt":{"rendered":"<p>Cette pince pour c\u00e2ble HDMI se fixe sur le c\u00f4t\u00e9 de la cage de l&#8217;appareil photo pour Sony a1 II\/a9 III. Il permet aux utilisateurs de fixer en toute s\u00e9curit\u00e9 un c\u00e2ble adaptateur HDMI m\u00e2le vers HDMI femelle \u00e0 la [&hellip;]<\/p>\n","protected":false},"featured_media":2201991,"comment_status":"open","ping_status":"closed","template":"","meta":[],"product_cat":[3888],"product_tag":[],"acf":[],"gallery_images":[2201996,2202002],"_links":{"self":[{"href":"https:\/\/eu.tilta.com\/fr\/wp-json\/wp\/v2\/product\/2233571"}],"collection":[{"href":"https:\/\/eu.tilta.com\/fr\/wp-json\/wp\/v2\/product"}],"about":[{"href":"https:\/\/eu.tilta.com\/fr\/wp-json\/wp\/v2\/types\/product"}],"replies":[{"embeddable":true,"href":"https:\/\/eu.tilta.com\/fr\/wp-json\/wp\/v2\/comments?post=2233571"}],"wp:featuredmedia":[{"embeddable":true,"href":"https:\/\/eu.tilta.com\/fr\/wp-json\/wp\/v2\/media\/2201991"}],"wp:attachment":[{"href":"https:\/\/eu.tilta.com\/fr\/wp-json\/wp\/v2\/media?parent=2233571"}],"wp:term":[{"taxonomy":"product_cat","embeddable":true,"href":"https:\/\/eu.tilta.com\/fr\/wp-json\/wp\/v2\/product_cat?post=2233571"},{"taxonomy":"product_tag","embeddable":true,"href":"https:\/\/eu.tilta.com\/fr\/wp-json\/wp\/v2\/product_tag?post=2233571"}],"curies":[{"name":"wp","href":"https:\/\/api.w.org\/{rel}","templated":true}]}}