{"id":2233592,"date":"2025-03-22T18:33:01","date_gmt":"2025-03-22T17:33:01","guid":{"rendered":"https:\/\/eu.tilta.com\/shop\/cage-pour-sony-a1-ii-a9-iii-base-kit-noir\/"},"modified":"2025-12-05T14:19:50","modified_gmt":"2025-12-05T13:19:50","slug":"camera-cage-for-sony-a1-ii-a9-iii-base-kit-black","status":"publish","type":"product","link":"https:\/\/eu.tilta.com\/fr\/shop\/camera-cage-for-sony-a1-ii-a9-iii-base-kit-black\/","title":{"rendered":"Cage pour Sony a1 II\/a9 III Base Kit &#8211; Noir"},"content":{"rendered":"<div class=\"overview-text\">\n<p><em>Pr\u00e9sentation du kit de base de la cage de l&#8217;appareil photo pour le Sony a1 II et a9 III<\/em><\/p>\n<p>La base de ce kit est la cage compl\u00e8te de l&#8217;appareil photo qui offre une protection suppl\u00e9mentaire pour le bo\u00eetier de l&#8217;appareil photo tout en \u00e9largissant les options de montage pour divers accessoires.<\/p>\n<p>La cage compl\u00e8te est \u00e9quip\u00e9e d&#8217;un r\u00e9cepteur pour griffe froide, de filetages M3, de filetages 1\/4\u2033-20 avec points de rep\u00e8re et d&#8217;un adaptateur de filetages 3\/8\u2033-16 \u00e0 1\/4\u2033-20.<\/p>\n<p>Cette cage pr\u00e9sente une conception modulaire qui permet aux utilisateurs de passer facilement d&#8217;une cage compl\u00e8te \u00e0 une demi-cage en retirant quelques vis. Les serre-c\u00e2bles HDMI inclus garantissent que le c\u00e2ble HDMI utilis\u00e9 avec l&#8217;un ou l&#8217;autre des bo\u00eetiers de l&#8217;appareil photo restera bien en place.<\/p>\n<p>Ce kit comprend la poign\u00e9e sup\u00e9rieure XENO qui se monte \u00e0 l&#8217;aide d&#8217;une vis 1\/4\u2033-20 sur le dessus de la cage et utilise des goupilles de positionnement pour rester en place. Cette poign\u00e9e sup\u00e9rieure am\u00e9liore la flexibilit\u00e9 de la prise de vue et de la manipulation du syst\u00e8me, ce qui est particuli\u00e8rement utile pour les angles inf\u00e9rieurs.<\/p>\n<p>La poign\u00e9e sup\u00e9rieure \u00e9largit \u00e9galement les options de montage pour les accessoires gr\u00e2ce \u00e0 des filetages 1\/4\u2033-20 suppl\u00e9mentaires et \u00e0 un r\u00e9cepteur de griffe froide, parfait pour un moniteur externe via notre support d&#8217;accessoires de griffe froide. (non inclus)<\/p>\n<\/div>\n","protected":false},"excerpt":{"rendered":"<p>Pr\u00e9sentation du kit de base de la cage de l&#8217;appareil photo pour le Sony a1 II et a9 III La base de ce kit est la cage compl\u00e8te de l&#8217;appareil photo qui offre une protection suppl\u00e9mentaire pour le bo\u00eetier de [&hellip;]<\/p>\n","protected":false},"featured_media":2201774,"comment_status":"open","ping_status":"closed","template":"","meta":[],"product_cat":[3888],"product_tag":[],"acf":[],"gallery_images":[2201780,2201786,2201792,2201597,2201609,2201603],"_links":{"self":[{"href":"https:\/\/eu.tilta.com\/fr\/wp-json\/wp\/v2\/product\/2233592"}],"collection":[{"href":"https:\/\/eu.tilta.com\/fr\/wp-json\/wp\/v2\/product"}],"about":[{"href":"https:\/\/eu.tilta.com\/fr\/wp-json\/wp\/v2\/types\/product"}],"replies":[{"embeddable":true,"href":"https:\/\/eu.tilta.com\/fr\/wp-json\/wp\/v2\/comments?post=2233592"}],"wp:featuredmedia":[{"embeddable":true,"href":"https:\/\/eu.tilta.com\/fr\/wp-json\/wp\/v2\/media\/2201774"}],"wp:attachment":[{"href":"https:\/\/eu.tilta.com\/fr\/wp-json\/wp\/v2\/media?parent=2233592"}],"wp:term":[{"taxonomy":"product_cat","embeddable":true,"href":"https:\/\/eu.tilta.com\/fr\/wp-json\/wp\/v2\/product_cat?post=2233592"},{"taxonomy":"product_tag","embeddable":true,"href":"https:\/\/eu.tilta.com\/fr\/wp-json\/wp\/v2\/product_tag?post=2233592"}],"curies":[{"name":"wp","href":"https:\/\/api.w.org\/{rel}","templated":true}]}}