{"id":2233605,"date":"2025-03-22T18:28:22","date_gmt":"2025-03-22T17:28:22","guid":{"rendered":"https:\/\/eu.tilta.com\/shop\/cage-de-protection-pour-sony-a1-ii-a9-iii-noir\/"},"modified":"2026-01-25T13:09:41","modified_gmt":"2026-01-25T12:09:41","slug":"full-camera-cage-for-sony-a1-ii-a9-iii-black","status":"publish","type":"product","link":"https:\/\/eu.tilta.com\/fr\/shop\/full-camera-cage-for-sony-a1-ii-a9-iii-black\/","title":{"rendered":"Cage de protection pour Sony a1 II\/a9 III &#8211; Noir"},"content":{"rendered":"<div class=\"overview-text\">\n<p><em>Pr\u00e9sentation de la cage de cam\u00e9ra compl\u00e8te pour le Sony a1 II et a9 III<\/em><\/p>\n<p>Cette cage d&#8217;appareil photo offre une protection suppl\u00e9mentaire au bo\u00eetier de l&#8217;appareil photo tout en \u00e9largissant les possibilit\u00e9s de montage de divers accessoires.<\/p>\n<p>La cage compl\u00e8te est \u00e9quip\u00e9e d&#8217;un r\u00e9cepteur pour griffe froide, de filetages M3, de filetages 1\/4\u2033-20 avec points de rep\u00e8re et d&#8217;un adaptateur de filetages 3\/8\u2033-16 \u00e0 1\/4\u2033-20.<\/p>\n<p>Cette cage pr\u00e9sente une conception modulaire qui permet aux utilisateurs de passer facilement d&#8217;une cage compl\u00e8te \u00e0 une demi-cage en retirant quelques vis.<\/p>\n<p>Les serre-c\u00e2bles HDMI inclus garantissent que le c\u00e2ble HDMI utilis\u00e9 avec l&#8217;un ou l&#8217;autre des bo\u00eetiers de l&#8217;appareil photo restera bien en place.<\/p>\n<\/div>\n","protected":false},"excerpt":{"rendered":"<p>Pr\u00e9sentation de la cage de cam\u00e9ra compl\u00e8te pour le Sony a1 II et a9 III Cette cage d&#8217;appareil photo offre une protection suppl\u00e9mentaire au bo\u00eetier de l&#8217;appareil photo tout en \u00e9largissant les possibilit\u00e9s de montage de divers accessoires. La cage [&hellip;]<\/p>\n","protected":false},"featured_media":2201725,"comment_status":"open","ping_status":"closed","template":"","meta":[],"product_cat":[3888],"product_tag":[],"acf":[],"gallery_images":[2201731,2201737,2201743,2201597,2201609,2201603],"_links":{"self":[{"href":"https:\/\/eu.tilta.com\/fr\/wp-json\/wp\/v2\/product\/2233605"}],"collection":[{"href":"https:\/\/eu.tilta.com\/fr\/wp-json\/wp\/v2\/product"}],"about":[{"href":"https:\/\/eu.tilta.com\/fr\/wp-json\/wp\/v2\/types\/product"}],"replies":[{"embeddable":true,"href":"https:\/\/eu.tilta.com\/fr\/wp-json\/wp\/v2\/comments?post=2233605"}],"wp:featuredmedia":[{"embeddable":true,"href":"https:\/\/eu.tilta.com\/fr\/wp-json\/wp\/v2\/media\/2201725"}],"wp:attachment":[{"href":"https:\/\/eu.tilta.com\/fr\/wp-json\/wp\/v2\/media?parent=2233605"}],"wp:term":[{"taxonomy":"product_cat","embeddable":true,"href":"https:\/\/eu.tilta.com\/fr\/wp-json\/wp\/v2\/product_cat?post=2233605"},{"taxonomy":"product_tag","embeddable":true,"href":"https:\/\/eu.tilta.com\/fr\/wp-json\/wp\/v2\/product_tag?post=2233605"}],"curies":[{"name":"wp","href":"https:\/\/api.w.org\/{rel}","templated":true}]}}