{"id":2233606,"date":"2025-03-22T17:07:22","date_gmt":"2025-03-22T16:07:22","guid":{"rendered":"https:\/\/eu.tilta.com\/shop\/cage-de-protection-pour-sony-a1-ii-a9-iii-pro-kit-noir\/"},"modified":"2026-03-22T17:47:02","modified_gmt":"2026-03-22T16:47:02","slug":"camera-cage-for-sony-a1-ii-a9-iii-pro-kit-black","status":"publish","type":"product","link":"https:\/\/eu.tilta.com\/fr\/shop\/camera-cage-for-sony-a1-ii-a9-iii-pro-kit-black\/","title":{"rendered":"Cage de protection pour Sony a1 II\/a9 III Pro Kit &#8211; Noir"},"content":{"rendered":"<div class=\"overview-text\">\n<p><em>Pr\u00e9sentation du kit Camera Cage Pro pour le Sony a1 II et a9 III<\/em><\/p>\n<p>La base de ce kit est la cage compl\u00e8te de l&#8217;appareil photo qui offre une protection suppl\u00e9mentaire pour le bo\u00eetier de l&#8217;appareil photo tout en \u00e9largissant les options de montage pour divers accessoires.<\/p>\n<p>La cage compl\u00e8te est \u00e9quip\u00e9e d&#8217;un r\u00e9cepteur pour griffe froide, de filetages M3, de filetages 1\/4\u2033-20 avec points de rep\u00e8re et d&#8217;un adaptateur de filetages 3\/8\u2033-16 \u00e0 1\/4\u2033-20.<\/p>\n<p>Cette cage pr\u00e9sente une conception modulaire qui permet aux utilisateurs de passer facilement d&#8217;une cage compl\u00e8te \u00e0 une demi-cage en retirant quelques vis. Les serre-c\u00e2bles HDMI inclus garantissent que le c\u00e2ble HDMI utilis\u00e9 avec l&#8217;un ou l&#8217;autre des bo\u00eetiers de l&#8217;appareil photo restera bien en place.<\/p>\n<p>Ce kit comprend la poign\u00e9e sup\u00e9rieure XENO qui se monte \u00e0 l&#8217;aide d&#8217;une vis 1\/4\u2033-20 sur le dessus de la cage et utilise des goupilles de positionnement pour rester en place. Cette poign\u00e9e sup\u00e9rieure am\u00e9liore la flexibilit\u00e9 de la prise de vue et de la manipulation du syst\u00e8me, ce qui est particuli\u00e8rement utile pour les angles inf\u00e9rieurs.<\/p>\n<p>La poign\u00e9e sup\u00e9rieure \u00e9largit \u00e9galement les options de montage pour les accessoires gr\u00e2ce \u00e0 des filetages 1\/4\u2033-20 suppl\u00e9mentaires et \u00e0 un r\u00e9cepteur de griffe froide, parfait pour un moniteur externe via notre support d&#8217;accessoires de griffe froide. (non inclus)<\/p>\n<p>La plaque de base de 15 mm incluse permet aux utilisateurs d&#8217;utiliser les tiges de 15 mm incluses pour monter divers accessoires. La conception \u00e0 hauteur r\u00e9glable permet aux utilisateurs de maintenir la norme LWS 85 mm entre leurs tiges et le centre de leur capteur afin d&#8217;assurer la compatibilit\u00e9 avec une gamme d&#8217;accessoires divers,<\/p>\n<p>La distance entre le centre des tiges et le r\u00e9cepteur Arca varie de 18 \u00e0 38 mm et est compatible avec les plaques Arca standard de DJI. La partie inf\u00e9rieure de la plaque de base est compatible avec les queues d&#8217;aronde standard de Tilta et comporte \u00e9galement des filets 1\/4\u2033-20 pour le montage sur des tr\u00e9pieds et autres syst\u00e8mes de support.<\/p>\n<p>Une poign\u00e9e ergonomique en bois est \u00e9galement incluse. Elle se fixe par 1\/4\u2033-20 \u00e0 l&#8217;aide de goupilles de positionnement et offre un confort suppl\u00e9mentaire lors de l&#8217;utilisation ou de la manipulation de l&#8217;appareil photo. Le bouton de d\u00e9verrouillage situ\u00e9 sur le c\u00f4t\u00e9 de la monture permet aux utilisateurs d&#8217;ajuster facilement l&#8217;angle de la poign\u00e9e pour obtenir une position de travail parfaite, ainsi que de la repositionner rapidement pour l&#8217;adapter \u00e0 diff\u00e9rentes prises de vue.<\/p>\n<\/div>\n","protected":false},"excerpt":{"rendered":"<p>Pr\u00e9sentation du kit Camera Cage Pro pour le Sony a1 II et a9 III La base de ce kit est la cage compl\u00e8te de l&#8217;appareil photo qui offre une protection suppl\u00e9mentaire pour le bo\u00eetier de l&#8217;appareil photo tout en \u00e9largissant [&hellip;]<\/p>\n","protected":false},"featured_media":2201572,"comment_status":"open","ping_status":"closed","template":"","meta":[],"product_cat":[3888],"product_tag":[],"acf":[],"gallery_images":[2201578,2201584,2201590,2201597,2201609,2201603],"_links":{"self":[{"href":"https:\/\/eu.tilta.com\/fr\/wp-json\/wp\/v2\/product\/2233606"}],"collection":[{"href":"https:\/\/eu.tilta.com\/fr\/wp-json\/wp\/v2\/product"}],"about":[{"href":"https:\/\/eu.tilta.com\/fr\/wp-json\/wp\/v2\/types\/product"}],"replies":[{"embeddable":true,"href":"https:\/\/eu.tilta.com\/fr\/wp-json\/wp\/v2\/comments?post=2233606"}],"wp:featuredmedia":[{"embeddable":true,"href":"https:\/\/eu.tilta.com\/fr\/wp-json\/wp\/v2\/media\/2201572"}],"wp:attachment":[{"href":"https:\/\/eu.tilta.com\/fr\/wp-json\/wp\/v2\/media?parent=2233606"}],"wp:term":[{"taxonomy":"product_cat","embeddable":true,"href":"https:\/\/eu.tilta.com\/fr\/wp-json\/wp\/v2\/product_cat?post=2233606"},{"taxonomy":"product_tag","embeddable":true,"href":"https:\/\/eu.tilta.com\/fr\/wp-json\/wp\/v2\/product_tag?post=2233606"}],"curies":[{"name":"wp","href":"https:\/\/api.w.org\/{rel}","templated":true}]}}