{"id":2233607,"date":"2025-03-17T12:06:43","date_gmt":"2025-03-17T11:06:43","guid":{"rendered":"https:\/\/eu.tilta.com\/shop\/ventouse-6%e2%80%b3-avec-support-de-montage-pour-rosette-gris-titane\/"},"modified":"2025-12-05T14:19:54","modified_gmt":"2025-12-05T13:19:54","slug":"suction-cup-6%e2%80%b3-with-rosette-mounting-bracket-titanium-grey","status":"publish","type":"product","link":"https:\/\/eu.tilta.com\/fr\/shop\/suction-cup-6%e2%80%b3-with-rosette-mounting-bracket-titanium-grey\/","title":{"rendered":"Ventouse (6\u2033) avec support de montage pour rosette &#8211; Gris titane"},"content":{"rendered":"<div class=\"overview-text\">\n<p>Cette ventouse (6\u2033) avec support de montage Rosette comprend \u00e0 la fois le support de montage et la ventouse.<\/p>\n<p>Cette pi\u00e8ce remplace celle incluse dans le <a href=\"https:\/\/eu.tilta.com\/shop\/hydra-alien-mini-car-mounting-system\/\">syst\u00e8me de montage Hydra Alien Mini Car Mounting System (Regular Suction Cup Version).<\/a><\/p>\n<\/div>\n","protected":false},"excerpt":{"rendered":"<p>Cette ventouse (6\u2033) avec support de montage Rosette comprend \u00e0 la fois le support de montage et la ventouse. Cette pi\u00e8ce remplace celle incluse dans le syst\u00e8me de montage Hydra Alien Mini Car Mounting System (Regular Suction Cup Version).<\/p>\n","protected":false},"featured_media":2188381,"comment_status":"open","ping_status":"closed","template":"","meta":[],"product_cat":[3262],"product_tag":[],"acf":[],"gallery_images":[2188374],"_links":{"self":[{"href":"https:\/\/eu.tilta.com\/fr\/wp-json\/wp\/v2\/product\/2233607"}],"collection":[{"href":"https:\/\/eu.tilta.com\/fr\/wp-json\/wp\/v2\/product"}],"about":[{"href":"https:\/\/eu.tilta.com\/fr\/wp-json\/wp\/v2\/types\/product"}],"replies":[{"embeddable":true,"href":"https:\/\/eu.tilta.com\/fr\/wp-json\/wp\/v2\/comments?post=2233607"}],"wp:featuredmedia":[{"embeddable":true,"href":"https:\/\/eu.tilta.com\/fr\/wp-json\/wp\/v2\/media\/2188381"}],"wp:attachment":[{"href":"https:\/\/eu.tilta.com\/fr\/wp-json\/wp\/v2\/media?parent=2233607"}],"wp:term":[{"taxonomy":"product_cat","embeddable":true,"href":"https:\/\/eu.tilta.com\/fr\/wp-json\/wp\/v2\/product_cat?post=2233607"},{"taxonomy":"product_tag","embeddable":true,"href":"https:\/\/eu.tilta.com\/fr\/wp-json\/wp\/v2\/product_tag?post=2233607"}],"curies":[{"name":"wp","href":"https:\/\/api.w.org\/{rel}","templated":true}]}}