{"id":2233641,"date":"2025-03-12T11:27:34","date_gmt":"2025-03-12T10:27:34","guid":{"rendered":"https:\/\/eu.tilta.com\/shop\/cage-dappareil-photo-pour-le-kit-de-base-canon-c80\/"},"modified":"2025-12-05T14:20:02","modified_gmt":"2025-12-05T13:20:02","slug":"camera-cage-for-canon-c80-base-kit","status":"publish","type":"product","link":"https:\/\/eu.tilta.com\/fr\/shop\/camera-cage-for-canon-c80-base-kit\/","title":{"rendered":"Cage d&#8217;appareil photo pour le kit de base Canon C80"},"content":{"rendered":"<p><em>Pr\u00e9sentation de la cage de l&#8217;appareil photo pour le kit de base Canon C80<\/em><\/p>\n<p>Cette cage d&#8217;appareil photo offre une protection suppl\u00e9mentaire au bo\u00eetier de l&#8217;appareil photo tout en \u00e9largissant les possibilit\u00e9s de montage de divers accessoires.<\/p>\n<p>La cage compl\u00e8te est \u00e9quip\u00e9e d&#8217;un r\u00e9cepteur \u00e0 sabot froid, d&#8217;un rail OTAN, d&#8217;un support de sangle de poignet, de filetages 1\/4\u2033-20 et 3\/8\u2033-16, tous deux avec des points de rep\u00e8re.<\/p>\n<p>La plaque lat\u00e9rale, unique \u00e0 cette cage, comporte des extensions de boutons int\u00e9gr\u00e9es au bo\u00eetier de l&#8217;appareil photo, qui offrent un retour tactile et un acc\u00e8s facile.<\/p>\n<p>La plaque lat\u00e9rale oppos\u00e9e comporte des points de montage sp\u00e9cifiquement align\u00e9s qui permettent aux utilisateurs de monter facilement une plaque de fixation rapide et de retourner l&#8217;appareil photo dans une configuration verticale.<\/p>\n<p>La plaque sup\u00e9rieure est con\u00e7ue pour permettre un acc\u00e8s libre au point de montage de la poign\u00e9e sup\u00e9rieure d&#8217;origine du C80, ce qui fait de cette cage une option id\u00e9ale pour les utilisateurs qui ont l&#8217;intention de conserver la poign\u00e9e d&#8217;origine.<\/p>\n","protected":false},"excerpt":{"rendered":"<p>Pr\u00e9sentation de la cage de l&#8217;appareil photo pour le kit de base Canon C80 Cette cage d&#8217;appareil photo offre une protection suppl\u00e9mentaire au bo\u00eetier de l&#8217;appareil photo tout en \u00e9largissant les possibilit\u00e9s de montage de divers accessoires. La cage compl\u00e8te [&hellip;]<\/p>\n","protected":false},"featured_media":2176112,"comment_status":"open","ping_status":"closed","template":"","meta":[],"product_cat":[3895],"product_tag":[],"acf":[],"gallery_images":[2176124,2176139,2176147,2176153,2176106,2176118,2176131],"_links":{"self":[{"href":"https:\/\/eu.tilta.com\/fr\/wp-json\/wp\/v2\/product\/2233641"}],"collection":[{"href":"https:\/\/eu.tilta.com\/fr\/wp-json\/wp\/v2\/product"}],"about":[{"href":"https:\/\/eu.tilta.com\/fr\/wp-json\/wp\/v2\/types\/product"}],"replies":[{"embeddable":true,"href":"https:\/\/eu.tilta.com\/fr\/wp-json\/wp\/v2\/comments?post=2233641"}],"wp:featuredmedia":[{"embeddable":true,"href":"https:\/\/eu.tilta.com\/fr\/wp-json\/wp\/v2\/media\/2176112"}],"wp:attachment":[{"href":"https:\/\/eu.tilta.com\/fr\/wp-json\/wp\/v2\/media?parent=2233641"}],"wp:term":[{"taxonomy":"product_cat","embeddable":true,"href":"https:\/\/eu.tilta.com\/fr\/wp-json\/wp\/v2\/product_cat?post=2233641"},{"taxonomy":"product_tag","embeddable":true,"href":"https:\/\/eu.tilta.com\/fr\/wp-json\/wp\/v2\/product_tag?post=2233641"}],"curies":[{"name":"wp","href":"https:\/\/api.w.org\/{rel}","templated":true}]}}