{"id":2233642,"date":"2025-03-12T11:37:57","date_gmt":"2025-03-12T10:37:57","guid":{"rendered":"https:\/\/eu.tilta.com\/shop\/cage-dappareil-photo-pour-canon-c80-advanced-kit\/"},"modified":"2025-12-05T14:20:03","modified_gmt":"2025-12-05T13:20:03","slug":"camera-cage-for-canon-c80-advanced-kit","status":"publish","type":"product","link":"https:\/\/eu.tilta.com\/fr\/shop\/camera-cage-for-canon-c80-advanced-kit\/","title":{"rendered":"Cage d&#8217;appareil photo pour Canon C80 Advanced Kit"},"content":{"rendered":"<p><em>Pr\u00e9sentation de la cage d&#8217;appareil photo pour le kit Canon C80 Advanced<\/em><\/p>\n<p>Cette cage d&#8217;appareil photo offre une protection suppl\u00e9mentaire au bo\u00eetier de l&#8217;appareil photo tout en \u00e9largissant les possibilit\u00e9s de montage de divers accessoires. La cage compl\u00e8te est \u00e9quip\u00e9e d&#8217;un r\u00e9cepteur \u00e0 sabot froid, d&#8217;un rail OTAN, d&#8217;un support de sangle de poignet, de filetages 1\/4\u2033-20 et 3\/8\u2033-16, tous deux avec des points de rep\u00e8re.<\/p>\n<p>La plaque lat\u00e9rale, unique \u00e0 cette cage, comporte des extensions de boutons int\u00e9gr\u00e9es au bo\u00eetier de l&#8217;appareil photo, qui offrent un retour tactile et un acc\u00e8s facile. La plaque lat\u00e9rale oppos\u00e9e est dot\u00e9e de filets qui permettent de l&#8217;adapter rapidement \u00e0 une configuration verticale.<\/p>\n<p>La plaque sup\u00e9rieure est con\u00e7ue pour permettre un acc\u00e8s libre au point de montage de la poign\u00e9e sup\u00e9rieure d&#8217;origine du C80, ce qui fait de cette cage une option id\u00e9ale pour les utilisateurs qui ont l&#8217;intention de conserver la poign\u00e9e d&#8217;origine.<\/p>\n<p>La poign\u00e9e lat\u00e9rale Xeno est \u00e9galement incluse. Elle utilise une connexion OTAN pour se fixer sur le c\u00f4t\u00e9 gauche de la cage. Avec une hauteur r\u00e9glable de 40 mm, les utilisateurs peuvent choisir leur position pr\u00e9f\u00e9r\u00e9e, ce qui garantit le confort lors des prises de vue \u00e0 main lev\u00e9e.<\/p>\n<p>La poign\u00e9e est dot\u00e9e de silicone antid\u00e9rapant, qui offre une prise en main textur\u00e9e am\u00e9liorant la stabilit\u00e9, et comporte des points de montage tels qu&#8217;un r\u00e9cepteur de griffe froide et un filetage 1\/4\u2033-20 avec des points de rep\u00e9rage pour des accessoires suppl\u00e9mentaires.<\/p>\n<p>Ce kit comprend \u00e9galement une plaque de base LWS de 15 mm qui permet aux utilisateurs de monter divers accessoires \u00e0 tige tels que les syst\u00e8mes Follow Focus ou les Matte Box.<\/p>\n<p>La plaque de base est compatible avec les queues d&#8217;aronde standard de Tilta et peut accueillir une large gamme de plaques de fixation rapide gr\u00e2ce aux filetages 1\/4\u2033-20 et 3\/8\u2033-16 situ\u00e9s sur le fond.<\/p>\n","protected":false},"excerpt":{"rendered":"<p>Pr\u00e9sentation de la cage d&#8217;appareil photo pour le kit Canon C80 Advanced Cette cage d&#8217;appareil photo offre une protection suppl\u00e9mentaire au bo\u00eetier de l&#8217;appareil photo tout en \u00e9largissant les possibilit\u00e9s de montage de divers accessoires. La cage compl\u00e8te est \u00e9quip\u00e9e [&hellip;]<\/p>\n","protected":false},"featured_media":2176343,"comment_status":"open","ping_status":"closed","template":"","meta":[],"product_cat":[3895],"product_tag":[],"acf":[],"gallery_images":[2176349,2176355,2176361,2176368,2176106,2176118,2176131],"_links":{"self":[{"href":"https:\/\/eu.tilta.com\/fr\/wp-json\/wp\/v2\/product\/2233642"}],"collection":[{"href":"https:\/\/eu.tilta.com\/fr\/wp-json\/wp\/v2\/product"}],"about":[{"href":"https:\/\/eu.tilta.com\/fr\/wp-json\/wp\/v2\/types\/product"}],"replies":[{"embeddable":true,"href":"https:\/\/eu.tilta.com\/fr\/wp-json\/wp\/v2\/comments?post=2233642"}],"wp:featuredmedia":[{"embeddable":true,"href":"https:\/\/eu.tilta.com\/fr\/wp-json\/wp\/v2\/media\/2176343"}],"wp:attachment":[{"href":"https:\/\/eu.tilta.com\/fr\/wp-json\/wp\/v2\/media?parent=2233642"}],"wp:term":[{"taxonomy":"product_cat","embeddable":true,"href":"https:\/\/eu.tilta.com\/fr\/wp-json\/wp\/v2\/product_cat?post=2233642"},{"taxonomy":"product_tag","embeddable":true,"href":"https:\/\/eu.tilta.com\/fr\/wp-json\/wp\/v2\/product_tag?post=2233642"}],"curies":[{"name":"wp","href":"https:\/\/api.w.org\/{rel}","templated":true}]}}