{"id":2233643,"date":"2025-03-12T11:50:36","date_gmt":"2025-03-12T10:50:36","guid":{"rendered":"https:\/\/eu.tilta.com\/shop\/cage-de-protection-pour-canon-c80-pro-kit-monture-en-v\/"},"modified":"2025-12-05T14:20:03","modified_gmt":"2025-12-05T13:20:03","slug":"camera-cage-for-canon-c80-pro-kit-v-mount","status":"publish","type":"product","link":"https:\/\/eu.tilta.com\/fr\/shop\/camera-cage-for-canon-c80-pro-kit-v-mount\/","title":{"rendered":"Cage de protection pour Canon C80 Pro Kit &#8211; Monture en V"},"content":{"rendered":"<p><em>Pr\u00e9sentation de la cage \u00e0 cam\u00e9ra pour le kit Canon C80 Pro<\/em><\/p>\n<p>Cette cage d&#8217;appareil photo offre une protection suppl\u00e9mentaire au bo\u00eetier de l&#8217;appareil photo tout en \u00e9largissant les possibilit\u00e9s de montage de divers accessoires. La cage compl\u00e8te est \u00e9quip\u00e9e d&#8217;un r\u00e9cepteur \u00e0 sabot froid, d&#8217;un rail OTAN, d&#8217;un support de sangle de poignet, de filetages 1\/4\u2033-20 et 3\/8\u2033-16, tous deux avec des points de positionnement.<\/p>\n<p>La plaque lat\u00e9rale, unique \u00e0 cette cage, comporte des extensions de boutons int\u00e9gr\u00e9es au bo\u00eetier de l&#8217;appareil photo, qui offrent un retour tactile et un acc\u00e8s facile. La plaque lat\u00e9rale oppos\u00e9e est dot\u00e9e de filets qui permettent de l&#8217;adapter rapidement \u00e0 une configuration verticale.<\/p>\n<p>La plaque sup\u00e9rieure est con\u00e7ue pour permettre un acc\u00e8s libre au point de montage de la poign\u00e9e sup\u00e9rieure d&#8217;origine du C80, ce qui fait de cette cage une option id\u00e9ale pour les utilisateurs qui ont l&#8217;intention de conserver la poign\u00e9e d&#8217;origine.<\/p>\n<p>Une poign\u00e9e ergonomique en bois est \u00e9galement incluse. Elle se monte sur un rail OTAN et offre un confort suppl\u00e9mentaire lors de l&#8217;utilisation ou de la manipulation de l&#8217;appareil photo. Le bouton de d\u00e9verrouillage situ\u00e9 sur le c\u00f4t\u00e9 de la monture permet aux utilisateurs d&#8217;ajuster facilement l&#8217;angle de la poign\u00e9e pour obtenir une position de travail parfaite, ainsi que de la repositionner rapidement pour l&#8217;adapter \u00e0 diff\u00e9rentes prises de vue.<\/p>\n<p>Ce kit comprend \u00e9galement une plaque de base LWS de 15 mm qui permet aux utilisateurs de monter divers accessoires \u00e0 tige tels que les syst\u00e8mes Follow Focus ou les Matte Box. La plaque de base est compatible avec les queues d&#8217;aronde standard de Tilta et peut accueillir une large gamme de plaques de fixation rapide gr\u00e2ce aux filetages 1\/4\u2033-20 et 3\/8\u2033-16 situ\u00e9s sur le fond.<\/p>\n<p>La plaque de batterie et le c\u00e2ble d&#8217;alimentation inclus permettent aux utilisateurs de prolonger l&#8217;autonomie de la C80 et d&#8217;alimenter des accessoires via un port USB-C PD 60W, un port P-Tap et une connexion Lemo \u00e0 2 broches. L&#8217;adaptateur de tige double permet d&#8217;int\u00e9grer facilement cette unit\u00e9 dans les syst\u00e8mes qui utilisent des tiges LWS de 15 mm.<\/p>\n","protected":false},"excerpt":{"rendered":"<p>Pr\u00e9sentation de la cage \u00e0 cam\u00e9ra pour le kit Canon C80 Pro Cette cage d&#8217;appareil photo offre une protection suppl\u00e9mentaire au bo\u00eetier de l&#8217;appareil photo tout en \u00e9largissant les possibilit\u00e9s de montage de divers accessoires. La cage compl\u00e8te est \u00e9quip\u00e9e [&hellip;]<\/p>\n","protected":false},"featured_media":2176529,"comment_status":"open","ping_status":"closed","template":"","meta":[],"product_cat":[3895],"product_tag":[],"acf":[],"gallery_images":[2176535,2176541,2176548,2176554,2176106,2176118,2176131],"_links":{"self":[{"href":"https:\/\/eu.tilta.com\/fr\/wp-json\/wp\/v2\/product\/2233643"}],"collection":[{"href":"https:\/\/eu.tilta.com\/fr\/wp-json\/wp\/v2\/product"}],"about":[{"href":"https:\/\/eu.tilta.com\/fr\/wp-json\/wp\/v2\/types\/product"}],"replies":[{"embeddable":true,"href":"https:\/\/eu.tilta.com\/fr\/wp-json\/wp\/v2\/comments?post=2233643"}],"wp:featuredmedia":[{"embeddable":true,"href":"https:\/\/eu.tilta.com\/fr\/wp-json\/wp\/v2\/media\/2176529"}],"wp:attachment":[{"href":"https:\/\/eu.tilta.com\/fr\/wp-json\/wp\/v2\/media?parent=2233643"}],"wp:term":[{"taxonomy":"product_cat","embeddable":true,"href":"https:\/\/eu.tilta.com\/fr\/wp-json\/wp\/v2\/product_cat?post=2233643"},{"taxonomy":"product_tag","embeddable":true,"href":"https:\/\/eu.tilta.com\/fr\/wp-json\/wp\/v2\/product_tag?post=2233643"}],"curies":[{"name":"wp","href":"https:\/\/api.w.org\/{rel}","templated":true}]}}