{"id":2233669,"date":"2025-03-08T09:41:41","date_gmt":"2025-03-08T08:41:41","guid":{"rendered":"https:\/\/eu.tilta.com\/shop\/plaque-de-montage-avec-poignee-en-bois-pour-fujifilm-x-m5\/"},"modified":"2025-12-05T14:20:24","modified_gmt":"2025-12-05T13:20:24","slug":"mounting-baseplate-with-wooden-grip-for-fujifilm-x-m5","status":"publish","type":"product","link":"https:\/\/eu.tilta.com\/fr\/shop\/mounting-baseplate-with-wooden-grip-for-fujifilm-x-m5\/","title":{"rendered":"Plaque de montage avec poign\u00e9e en bois pour Fujifilm X-M5"},"content":{"rendered":"<p><em>Pr\u00e9sentation de la plaque de montage avec poign\u00e9e en bois pour Fujifilm X-M5<\/em><\/p>\n<p>Cet accessoire en forme de support en L est dot\u00e9 d&#8217;une poign\u00e9e en bois de noyer qui permet de manipuler l&#8217;appareil photo de mani\u00e8re plus confortable.<\/p>\n<p>La plaque inf\u00e9rieure peut facilement accueillir une plaque de fixation rapide ARCA (non incluse) qui permet au syst\u00e8me de se monter facilement sur les cardans de la s\u00e9rie S de Ronin ou sur des tr\u00e9pieds l\u00e9gers tels que notre <a href=\"https:\/\/eu.tilta.com\/shop\/tilta-vt05-travel-video-fluid-head-with-3-stage-carbon-fiber-tripod-legs-5kg\/\">tr\u00e9pied \u00e0 t\u00eate fluide de voyage VT-05<\/a>.<\/p>\n","protected":false},"excerpt":{"rendered":"<p>Pr\u00e9sentation de la plaque de montage avec poign\u00e9e en bois pour Fujifilm X-M5 Cet accessoire en forme de support en L est dot\u00e9 d&#8217;une poign\u00e9e en bois de noyer qui permet de manipuler l&#8217;appareil photo de mani\u00e8re plus confortable. La [&hellip;]<\/p>\n","protected":false},"featured_media":2166479,"comment_status":"open","ping_status":"closed","template":"","meta":[],"product_cat":[3901],"product_tag":[],"acf":[],"gallery_images":[2166455,2166485,2166491],"_links":{"self":[{"href":"https:\/\/eu.tilta.com\/fr\/wp-json\/wp\/v2\/product\/2233669"}],"collection":[{"href":"https:\/\/eu.tilta.com\/fr\/wp-json\/wp\/v2\/product"}],"about":[{"href":"https:\/\/eu.tilta.com\/fr\/wp-json\/wp\/v2\/types\/product"}],"replies":[{"embeddable":true,"href":"https:\/\/eu.tilta.com\/fr\/wp-json\/wp\/v2\/comments?post=2233669"}],"wp:featuredmedia":[{"embeddable":true,"href":"https:\/\/eu.tilta.com\/fr\/wp-json\/wp\/v2\/media\/2166479"}],"wp:attachment":[{"href":"https:\/\/eu.tilta.com\/fr\/wp-json\/wp\/v2\/media?parent=2233669"}],"wp:term":[{"taxonomy":"product_cat","embeddable":true,"href":"https:\/\/eu.tilta.com\/fr\/wp-json\/wp\/v2\/product_cat?post=2233669"},{"taxonomy":"product_tag","embeddable":true,"href":"https:\/\/eu.tilta.com\/fr\/wp-json\/wp\/v2\/product_tag?post=2233669"}],"curies":[{"name":"wp","href":"https:\/\/api.w.org\/{rel}","templated":true}]}}