{"id":2233671,"date":"2025-03-11T03:39:59","date_gmt":"2025-03-11T02:39:59","guid":{"rendered":"https:\/\/eu.tilta.com\/shop\/adaptateur-de-rosette-double-lws-15mm-noir\/"},"modified":"2025-12-05T14:20:15","modified_gmt":"2025-12-05T13:20:15","slug":"15mm-lws-dual-rosette-adapter-black","status":"publish","type":"product","link":"https:\/\/eu.tilta.com\/fr\/shop\/15mm-lws-dual-rosette-adapter-black\/","title":{"rendered":"Adaptateur de rosette double LWS 15mm &#8211; Noir"},"content":{"rendered":"<p><em>Pr\u00e9sentation de l&#8217;adaptateur de rosette double LWS de 15 mm  <\/em><\/p>\n<p>Cet adaptateur de type pont se monte sur des tiges LWS de 15 mm et permet aux utilisateurs de monter des accessoires par l&#8217;interm\u00e9diaire de rosettes.<\/p>\n<p>Cette solution est id\u00e9ale pour les utilisateurs qui souhaitent fixer des bras d&#8217;extension de rosette et des poign\u00e9es pour obtenir une configuration d&#8217;\u00e9quipement d&#8217;\u00e9paule sans \u00e9quipement d&#8217;\u00e9paule autonome.<\/p>\n<p>Au centre du support de la tige se trouve un filetage 3\/8\u2033-16 avec un r\u00e9ducteur 1\/4\u2033-20, qui permet d&#8217;accueillir une s\u00e9rie d&#8217;accessoires suppl\u00e9mentaires.<\/p>\n<p>Il s&#8217;agit d&#8217;une option de montage parfaite pour divers supports d&#8217;objectifs ou t\u00e9l\u00e9m\u00e8tres comme le DJI LiDAR.<\/p>\n","protected":false},"excerpt":{"rendered":"<p>Pr\u00e9sentation de l&#8217;adaptateur de rosette double LWS de 15 mm Cet adaptateur de type pont se monte sur des tiges LWS de 15 mm et permet aux utilisateurs de monter des accessoires par l&#8217;interm\u00e9diaire de rosettes. Cette solution est id\u00e9ale [&hellip;]<\/p>\n","protected":false},"featured_media":2171880,"comment_status":"open","ping_status":"closed","template":"","meta":[],"product_cat":[2094],"product_tag":[],"acf":[],"gallery_images":[2171886,2171892,2171898],"_links":{"self":[{"href":"https:\/\/eu.tilta.com\/fr\/wp-json\/wp\/v2\/product\/2233671"}],"collection":[{"href":"https:\/\/eu.tilta.com\/fr\/wp-json\/wp\/v2\/product"}],"about":[{"href":"https:\/\/eu.tilta.com\/fr\/wp-json\/wp\/v2\/types\/product"}],"replies":[{"embeddable":true,"href":"https:\/\/eu.tilta.com\/fr\/wp-json\/wp\/v2\/comments?post=2233671"}],"wp:featuredmedia":[{"embeddable":true,"href":"https:\/\/eu.tilta.com\/fr\/wp-json\/wp\/v2\/media\/2171880"}],"wp:attachment":[{"href":"https:\/\/eu.tilta.com\/fr\/wp-json\/wp\/v2\/media?parent=2233671"}],"wp:term":[{"taxonomy":"product_cat","embeddable":true,"href":"https:\/\/eu.tilta.com\/fr\/wp-json\/wp\/v2\/product_cat?post=2233671"},{"taxonomy":"product_tag","embeddable":true,"href":"https:\/\/eu.tilta.com\/fr\/wp-json\/wp\/v2\/product_tag?post=2233671"}],"curies":[{"name":"wp","href":"https:\/\/api.w.org\/{rel}","templated":true}]}}