{"id":2233718,"date":"2025-03-10T07:39:48","date_gmt":"2025-03-10T06:39:48","guid":{"rendered":"https:\/\/eu.tilta.com\/shop\/support-de-fixation-pour-fujifilm-x-m5\/"},"modified":"2025-12-05T14:21:07","modified_gmt":"2025-12-05T13:21:07","slug":"hot-shoe-thumb-bracket-for-fujifilm-x-m5","status":"publish","type":"product","link":"https:\/\/eu.tilta.com\/fr\/shop\/hot-shoe-thumb-bracket-for-fujifilm-x-m5\/","title":{"rendered":"Support de fixation pour Fujifilm X-M5"},"content":{"rendered":"<p>Le support de pouce pour griffe chaude est un accessoire m\u00e9canique l\u00e9ger pour le Fujifilm X-M5.<\/p>\n<p>Cette poign\u00e9e de pouce se monte sur le r\u00e9cepteur de la griffe de l&#8217;appareil photo afin d&#8217;offrir \u00e0 l&#8217;op\u00e9rateur une position confortable et s\u00fbre pour placer son pouce.<\/p>\n<p>Cela permet d&#8217;am\u00e9liorer la stabilit\u00e9 de l&#8217;appareil, ce qui se traduit par des prises de vue plus fluides et une exp\u00e9rience d&#8217;utilisation globalement plus confortable.<\/p>\n","protected":false},"excerpt":{"rendered":"<p>Le support de pouce pour griffe chaude est un accessoire m\u00e9canique l\u00e9ger pour le Fujifilm X-M5. Cette poign\u00e9e de pouce se monte sur le r\u00e9cepteur de la griffe de l&#8217;appareil photo afin d&#8217;offrir \u00e0 l&#8217;op\u00e9rateur une position confortable et s\u00fbre [&hellip;]<\/p>\n","protected":false},"featured_media":2169489,"comment_status":"open","ping_status":"closed","template":"","meta":[],"product_cat":[3901],"product_tag":[],"acf":[],"gallery_images":[2169481],"_links":{"self":[{"href":"https:\/\/eu.tilta.com\/fr\/wp-json\/wp\/v2\/product\/2233718"}],"collection":[{"href":"https:\/\/eu.tilta.com\/fr\/wp-json\/wp\/v2\/product"}],"about":[{"href":"https:\/\/eu.tilta.com\/fr\/wp-json\/wp\/v2\/types\/product"}],"replies":[{"embeddable":true,"href":"https:\/\/eu.tilta.com\/fr\/wp-json\/wp\/v2\/comments?post=2233718"}],"wp:featuredmedia":[{"embeddable":true,"href":"https:\/\/eu.tilta.com\/fr\/wp-json\/wp\/v2\/media\/2169489"}],"wp:attachment":[{"href":"https:\/\/eu.tilta.com\/fr\/wp-json\/wp\/v2\/media?parent=2233718"}],"wp:term":[{"taxonomy":"product_cat","embeddable":true,"href":"https:\/\/eu.tilta.com\/fr\/wp-json\/wp\/v2\/product_cat?post=2233718"},{"taxonomy":"product_tag","embeddable":true,"href":"https:\/\/eu.tilta.com\/fr\/wp-json\/wp\/v2\/product_tag?post=2233718"}],"curies":[{"name":"wp","href":"https:\/\/api.w.org\/{rel}","templated":true}]}}