{"id":2233721,"date":"2025-01-08T07:57:12","date_gmt":"2025-01-08T06:57:12","guid":{"rendered":"https:\/\/eu.tilta.com\/shop\/etui-en-cuir-pour-fujifilm-x-m5\/"},"modified":"2026-02-16T09:03:46","modified_gmt":"2026-02-16T08:03:46","slug":"leather-camera-case-for-fujifilm-x-m5","status":"publish","type":"product","link":"https:\/\/eu.tilta.com\/fr\/shop\/leather-camera-case-for-fujifilm-x-m5\/","title":{"rendered":"\u00c9tui en cuir pour Fujifilm X-M5"},"content":{"rendered":"<p><em>Pr\u00e9sentation de l&#8217;\u00e9tui en cuir pour Fujifilm X-M5<\/em><\/p>\n<p>Cet \u00e9tui se monte \u00e0 l&#8217;aide d&#8217;une vis 1\/4\u2033-20 et permet aux utilisateurs de manipuler plus confortablement le bo\u00eetier de l&#8217;appareil photo gr\u00e2ce \u00e0 la poign\u00e9e int\u00e9gr\u00e9e.<\/p>\n<p>Le design offre \u00e9galement une protection suppl\u00e9mentaire pour le bas du bo\u00eetier de l&#8217;appareil photo, ce qui est particuli\u00e8rement utile lorsque vous posez l&#8217;appareil photo.<\/p>\n<p>Un petit rabat sur le fond permet d&#8217;acc\u00e9der facilement au compartiment des piles.<\/p>\n","protected":false},"excerpt":{"rendered":"<p>Pr\u00e9sentation de l&#8217;\u00e9tui en cuir pour Fujifilm X-M5 Cet \u00e9tui se monte \u00e0 l&#8217;aide d&#8217;une vis 1\/4\u2033-20 et permet aux utilisateurs de manipuler plus confortablement le bo\u00eetier de l&#8217;appareil photo gr\u00e2ce \u00e0 la poign\u00e9e int\u00e9gr\u00e9e. Le design offre \u00e9galement une [&hellip;]<\/p>\n","protected":false},"featured_media":2166319,"comment_status":"open","ping_status":"closed","template":"","meta":[],"product_cat":[4448,3901],"product_tag":[],"acf":[],"gallery_images":[2166331,2166344,2166356,2166386,2166392],"_links":{"self":[{"href":"https:\/\/eu.tilta.com\/fr\/wp-json\/wp\/v2\/product\/2233721"}],"collection":[{"href":"https:\/\/eu.tilta.com\/fr\/wp-json\/wp\/v2\/product"}],"about":[{"href":"https:\/\/eu.tilta.com\/fr\/wp-json\/wp\/v2\/types\/product"}],"replies":[{"embeddable":true,"href":"https:\/\/eu.tilta.com\/fr\/wp-json\/wp\/v2\/comments?post=2233721"}],"wp:featuredmedia":[{"embeddable":true,"href":"https:\/\/eu.tilta.com\/fr\/wp-json\/wp\/v2\/media\/2166319"}],"wp:attachment":[{"href":"https:\/\/eu.tilta.com\/fr\/wp-json\/wp\/v2\/media?parent=2233721"}],"wp:term":[{"taxonomy":"product_cat","embeddable":true,"href":"https:\/\/eu.tilta.com\/fr\/wp-json\/wp\/v2\/product_cat?post=2233721"},{"taxonomy":"product_tag","embeddable":true,"href":"https:\/\/eu.tilta.com\/fr\/wp-json\/wp\/v2\/product_tag?post=2233721"}],"curies":[{"name":"wp","href":"https:\/\/api.w.org\/{rel}","templated":true}]}}