{"id":2233733,"date":"2025-03-08T07:34:07","date_gmt":"2025-03-08T06:34:07","guid":{"rendered":"https:\/\/eu.tilta.com\/shop\/tete-a-bille-de-voyage-tilta-avec-jambes-de-trepied-en-fibre-de-carbone-a-3-niveaux-5kg\/"},"modified":"2025-12-05T14:21:07","modified_gmt":"2025-12-05T13:21:07","slug":"tilta-travel-ball-head-with-3-stage-carbon-fiber-tripod-legs-5kg","status":"publish","type":"product","link":"https:\/\/eu.tilta.com\/fr\/shop\/tilta-travel-ball-head-with-3-stage-carbon-fiber-tripod-legs-5kg\/","title":{"rendered":"T\u00eate \u00e0 bille de voyage Tilta avec jambes de tr\u00e9pied en fibre de carbone \u00e0 3 niveaux (5KG)"},"content":{"rendered":"<p class=\"p1\"><i>Voici la rotule de voyage Tilta avec jambes de tr\u00e9pied en fibre de carbone \u00e0 3 niveaux (5KG), un tr\u00e9pied polyvalent et robuste con\u00e7u pour la pr\u00e9cision et la portabilit\u00e9.<\/i><\/p>\n<p class=\"p1\">Le BT05 est \u00e9quip\u00e9 d&#8217;une rotule robuste qui supporte jusqu&#8217;\u00e0 20 kg et comprend une fente pour la prise de vue verticale \u00e0 90\u00b0, ce qui permet des transitions transparentes entre les configurations horizontales, verticales et a\u00e9riennes.<\/p>\n<p class=\"p1\">La plaque de fixation rapide Arca se monte solidement sur la plupart des appareils photo et des cages d&#8217;appareil photo \u00e0 l&#8217;aide d&#8217;une vis 1\/4\u2033-20. La plupart de nos cages \u00e0 cam\u00e9ra sont compatibles en standard et la nouvelle conception \u00e9largie rend le r\u00e9cepteur compatible avec presque toutes les plaques Arca sur le march\u00e9.<\/p>\n<p class=\"p1\">Dot\u00e9 d&#8217;une conception \u00e9l\u00e9gante sans colonne centrale, ce tr\u00e9pied excelle dans les espaces restreints et les prises de vue en contre-plong\u00e9e. Les capacit\u00e9s de prise de vue \u00e0 tr\u00e8s faible angle du tr\u00e9pied sont renforc\u00e9es par trois angles de jambe r\u00e9glables, permettant des perspectives cr\u00e9atives \u00e0 partir de diff\u00e9rents points de vue.<\/p>\n<p class=\"p1\">Fabriqu\u00e9s en fibre de carbone haute r\u00e9sistance \u00e0 10 couches crois\u00e9es, ces pieds de tr\u00e9pieds garantissent une stabilit\u00e9 robuste tout en restant exceptionnellement l\u00e9gers.<\/p>\n<p class=\"p1\">Que ce soit sur un terrain accident\u00e9 ou sur des surfaces lisses, passez facilement des pieds en caoutchouc aux pointes en m\u00e9tal d&#8217;une simple rotation, pour une adh\u00e9rence optimale dans n&#8217;importe quel environnement.<\/p>\n<p class=\"p1\">Con\u00e7u dans un souci de flexibilit\u00e9, ce tr\u00e9pied dispose de plusieurs points de montage pour une int\u00e9gration transparente d&#8217;accessoires suppl\u00e9mentaires tels que des pinces pour smartphone, des supports pour iPad ou des bras articul\u00e9s, gr\u00e2ce \u00e0 plusieurs filetages 1\/4\u2033-20 avec points de positionnement.<\/p>\n<p class=\"p1\">Des caract\u00e9ristiques innovantes telles qu&#8217;un syst\u00e8me de r\u00e9glage semi-automatique de l&#8217;angle et une colonne amovible en fibre de carbone permettent une installation rapide et des angles de prise de vue personnalisables.<\/p>\n<p class=\"p1\">Avec une plage de hauteur allant d&#8217;un peu moins de 10 pouces \u00e0 une hauteur maximale de 62,99 pouces, ces pieds offrent une flexibilit\u00e9 extr\u00eame lorsqu&#8217;il s&#8217;agit d&#8217;obtenir l&#8217;angle de prise de vue souhait\u00e9.<\/p>\n","protected":false},"excerpt":{"rendered":"<p>Voici la rotule de voyage Tilta avec jambes de tr\u00e9pied en fibre de carbone \u00e0 3 niveaux (5KG), un tr\u00e9pied polyvalent et robuste con\u00e7u pour la pr\u00e9cision et la portabilit\u00e9. Le BT05 est \u00e9quip\u00e9 d&#8217;une rotule robuste qui supporte jusqu&#8217;\u00e0 [&hellip;]<\/p>\n","protected":false},"featured_media":2165678,"comment_status":"open","ping_status":"closed","template":"","meta":[],"product_cat":[3901,3906],"product_tag":[],"acf":[],"gallery_images":[2165690,2165702,2165714,2165720,2165840,2165846,2165834],"_links":{"self":[{"href":"https:\/\/eu.tilta.com\/fr\/wp-json\/wp\/v2\/product\/2233733"}],"collection":[{"href":"https:\/\/eu.tilta.com\/fr\/wp-json\/wp\/v2\/product"}],"about":[{"href":"https:\/\/eu.tilta.com\/fr\/wp-json\/wp\/v2\/types\/product"}],"replies":[{"embeddable":true,"href":"https:\/\/eu.tilta.com\/fr\/wp-json\/wp\/v2\/comments?post=2233733"}],"wp:featuredmedia":[{"embeddable":true,"href":"https:\/\/eu.tilta.com\/fr\/wp-json\/wp\/v2\/media\/2165678"}],"wp:attachment":[{"href":"https:\/\/eu.tilta.com\/fr\/wp-json\/wp\/v2\/media?parent=2233733"}],"wp:term":[{"taxonomy":"product_cat","embeddable":true,"href":"https:\/\/eu.tilta.com\/fr\/wp-json\/wp\/v2\/product_cat?post=2233733"},{"taxonomy":"product_tag","embeddable":true,"href":"https:\/\/eu.tilta.com\/fr\/wp-json\/wp\/v2\/product_tag?post=2233733"}],"curies":[{"name":"wp","href":"https:\/\/api.w.org\/{rel}","templated":true}]}}