{"id":2243857,"date":"2025-04-04T18:00:49","date_gmt":"2025-04-04T16:00:49","guid":{"rendered":"https:\/\/eu.tilta.com\/shop\/kit-ultimate-nucleus-m-ii-wireless-lens-control-system-systeme-de-controle-dobjectif-sans-fil\/"},"modified":"2025-12-05T14:34:14","modified_gmt":"2025-12-05T13:34:14","slug":"nucleus-m-ii-wireless-lens-control-system-ultimate-kit","status":"publish","type":"product","link":"https:\/\/eu.tilta.com\/fr\/shop\/nucleus-m-ii-wireless-lens-control-system-ultimate-kit\/","title":{"rendered":"Kit Ultimate Nucleus-M II Wireless Lens Control System (syst\u00e8me de contr\u00f4le d&#8217;objectif sans fil)"},"content":{"rendered":"<p><i>Le syst\u00e8me de contr\u00f4le d&#8217;objectif sans fil Nucleus-M II est le successeur de pointe du syst\u00e8me qui a r\u00e9volutionn\u00e9 le suivi de mise au point sans fil \u00e0 un prix abordable. <\/i><i>qui a r\u00e9volutionn\u00e9 le suivi de la mise au point sans fil \u00e0 un prix abordable.<\/i><\/p>\n<p>Con\u00e7u pour les cin\u00e9astes ind\u00e9pendants et les productions professionnelles, le Nucleus-M II offre des fonctionnalit\u00e9s haut de gamme \u00e0 un prix accessible, comblant ainsi le foss\u00e9 entre les prix abordables et les performances haut de gamme.<\/p>\n<p>Ce syst\u00e8me prend en charge jusqu&#8217;\u00e0 quatre moteurs sans fil simultan\u00e9ment, ce qui permet un contr\u00f4le \u00e0 distance complet des objectifs cin\u00e9matographiques manuels.<\/p>\n<p>Le quatri\u00e8me moteur peut \u00eatre mont\u00e9 sur un filtre ND variable pour le Mirage Pro Matte Box, ce qui permet d&#8217;ajuster l&#8217;exposition en temps r\u00e9el sans jamais toucher l&#8217;appareil photo. Il s&#8217;agit d&#8217;une fonction essentielle pour les prises de vue complexes, les montages \u00e0 cardan, les Steadicams ou les montages \u00e0 main lev\u00e9e pour lesquels les r\u00e9glages physiques traditionnels de l&#8217;objectif ne sont pas id\u00e9aux.<\/p>\n<p>Au c\u0153ur du Nucleus-M II se trouve l&#8217;unit\u00e9 manuelle FIZ, un contr\u00f4leur polyvalent qui permet d&#8217;ajuster avec pr\u00e9cision les r\u00e9glages de l&#8217;objectif et qui peut d\u00e9sormais \u00eatre aliment\u00e9 plus facilement que jamais par des batteries NP-F550.<\/p>\n<p>Le volant est d\u00e9sormais dot\u00e9 d&#8217;une tension r\u00e9glable pour une mise au point pr\u00e9cise, d&#8217;une cartographie int\u00e9gr\u00e9e de l&#8217;objectif pour un positionnement pr\u00e9cis du moteur et d&#8217;un affichage clair de la distance de mise au point, de l&#8217;iris et des informations de zoom sur 4 \u00e9crans diff\u00e9rents, dont le plus remarquable est le disque de marquage \u00e9lectronique de la mise au point, qui affiche les informations de mise au point \u00e0 partir d&#8217;une position de fonctionnement normale.<\/p>\n<p>L&#8217;unit\u00e9 portable FIZ offre plusieurs options de contr\u00f4le sans fil de l&#8217;appareil photo qui permettent aux utilisateurs de r\u00e9gler des param\u00e8tres tels que la sensibilit\u00e9 ISO, la balance des blancs, la vitesse d&#8217;obturation et bien d&#8217;autres encore.<\/p>\n<p>Les nouveaux moteurs sans fil sont dot\u00e9s d&#8217;une interface utilisateur simplifi\u00e9e, d&#8217;indicateurs LED \u00e0 code couleur et d&#8217;une conception compacte \u00e0 couple \u00e9lev\u00e9, ce qui les rend parfaits pour les gimbals, les drones et les appareils portatifs.<\/p>\n<p>L&#8217;une des plus grandes innovations du Nucleus-M II est sa capacit\u00e9 \u00e0 stocker et \u00e0 charger des donn\u00e9es d&#8217;objectifs mapp\u00e9s. Il est ainsi possible de r\u00e9gler rapidement et facilement la mise au point \u00e0 une distance sp\u00e9cifique, le diaphragme \u00e0 un T-Stop standard ou le zoom \u00e0 une longueur focale exacte.<\/p>\n<p>Les cin\u00e9astes qui passent d&#8217;un syst\u00e8me \u00e0 l&#8217;autre trouveront une compatibilit\u00e9 totale avec les contr\u00f4leurs sans fil et les moteurs de la s\u00e9rie Nucleus existants, ce qui permet une mise \u00e0 niveau progressive pour les utilisateurs qui ne peuvent pas tout mettre \u00e0 jour d&#8217;un seul coup.<\/p>\n<p>Alors que la demande d&#8217;objectifs manuels d&#8217;\u00e9poque et d&#8217;outils de tournage sans fil ne cesse de cro\u00eetre, le Nucleus-M II offre une solution accessible et de qualit\u00e9 professionnelle. Que vous soyez un cin\u00e9aste ind\u00e9pendant, un cr\u00e9ateur de contenu ou un assistant cam\u00e9ra professionnel, ce syst\u00e8me offre une pr\u00e9cision, une adaptabilit\u00e9 et un prix in\u00e9gal\u00e9s dans l&#8217;industrie.<\/p>\n<p><em><i>La mise en \u0153uvre d&#8217;un budget important<\/i><\/em><em><i> <\/i><\/em><em><i>caract\u00e9ristiques \u00e0<\/i><\/em><em><i> <\/i><\/em><em><i>une fraction de<\/i><\/em><em><i> <\/i><\/em><em><i>le co\u00fbt, le Nucleus-MII red\u00e9finit ce que l&#8217;on entend par<\/i><\/em><i> <\/i><em><i>possible dans le cadre du suivi sans fil<\/i><\/em><em><i> <\/i><\/em><em><i>la technologie de mise au point.<\/i><\/em><\/p>\n","protected":false},"excerpt":{"rendered":"<p>Le syst\u00e8me de contr\u00f4le d&#8217;objectif sans fil Nucleus-M II est le successeur de pointe du syst\u00e8me qui a r\u00e9volutionn\u00e9 le suivi de mise au point sans fil \u00e0 un prix abordable. qui a r\u00e9volutionn\u00e9 le suivi de la mise au [&hellip;]<\/p>\n","protected":false},"featured_media":2238656,"comment_status":"open","ping_status":"closed","template":"","meta":[],"product_cat":[3920],"product_tag":[],"acf":[],"gallery_images":[3006172,3006178,3006107,3006092,2238671,2238678,3006099,2238685,2238694,2238700,2238706],"_links":{"self":[{"href":"https:\/\/eu.tilta.com\/fr\/wp-json\/wp\/v2\/product\/2243857"}],"collection":[{"href":"https:\/\/eu.tilta.com\/fr\/wp-json\/wp\/v2\/product"}],"about":[{"href":"https:\/\/eu.tilta.com\/fr\/wp-json\/wp\/v2\/types\/product"}],"replies":[{"embeddable":true,"href":"https:\/\/eu.tilta.com\/fr\/wp-json\/wp\/v2\/comments?post=2243857"}],"wp:featuredmedia":[{"embeddable":true,"href":"https:\/\/eu.tilta.com\/fr\/wp-json\/wp\/v2\/media\/2238656"}],"wp:attachment":[{"href":"https:\/\/eu.tilta.com\/fr\/wp-json\/wp\/v2\/media?parent=2243857"}],"wp:term":[{"taxonomy":"product_cat","embeddable":true,"href":"https:\/\/eu.tilta.com\/fr\/wp-json\/wp\/v2\/product_cat?post=2243857"},{"taxonomy":"product_tag","embeddable":true,"href":"https:\/\/eu.tilta.com\/fr\/wp-json\/wp\/v2\/product_tag?post=2243857"}],"curies":[{"name":"wp","href":"https:\/\/api.w.org\/{rel}","templated":true}]}}