{"id":2441515,"date":"2025-05-23T09:23:41","date_gmt":"2025-05-23T07:23:41","guid":{"rendered":"https:\/\/eu.tilta.com\/shop\/bandouliere-multifonctionnelle-tilta-fe\/"},"modified":"2026-04-15T03:56:47","modified_gmt":"2026-04-15T01:56:47","slug":"tilta-fe-multi-functional-shoulder-strap","status":"publish","type":"product","link":"https:\/\/eu.tilta.com\/fr\/shop\/tilta-fe-multi-functional-shoulder-strap\/","title":{"rendered":"Bandouli\u00e8re multifonctionnelle Tilta Fe"},"content":{"rendered":"<p><em>Pr\u00e9sentation de la bandouli\u00e8re multifonctionnelle Tilta Fe<\/em><\/p>\n<p>Cette bandouli\u00e8re est fabriqu\u00e9e \u00e0 partir de sangles en polyester haute performance pour une \u00e9paisseur accrue et une durabilit\u00e9 sup\u00e9rieure.<\/p>\n<p>Il est dot\u00e9 d&#8217;un syst\u00e8me de fermeture \u00e0 double cordon UTX Duraflex professionnel pour une meilleure s\u00e9curit\u00e9.<\/p>\n<p>Elle est \u00e9galement \u00e9quip\u00e9e de mousquetons UTX Duraflex tactiques qui permettent \u00e0 cette sangle de se connecter \u00e0 une vari\u00e9t\u00e9 d&#8217;appareils photo, d&#8217;accessoires et plus encore.<\/p>\n<p>Son design haut de gamme s&#8217;harmonise parfaitement avec la plupart de nos cages \u00e0 cam\u00e9ra, ce qui en fait un compl\u00e9ment id\u00e9al \u00e0 votre installation de production mobile.<\/p>\n","protected":false},"excerpt":{"rendered":"<p>Pr\u00e9sentation de la bandouli\u00e8re multifonctionnelle Tilta Fe Cette bandouli\u00e8re est fabriqu\u00e9e \u00e0 partir de sangles en polyester haute performance pour une \u00e9paisseur accrue et une durabilit\u00e9 sup\u00e9rieure. Il est dot\u00e9 d&#8217;un syst\u00e8me de fermeture \u00e0 double cordon UTX Duraflex professionnel [&hellip;]<\/p>\n","protected":false},"featured_media":2400874,"comment_status":"open","ping_status":"closed","template":"","meta":[],"product_cat":[4493,2064],"product_tag":[],"acf":[],"gallery_images":[2400892,2400918,2400925],"_links":{"self":[{"href":"https:\/\/eu.tilta.com\/fr\/wp-json\/wp\/v2\/product\/2441515"}],"collection":[{"href":"https:\/\/eu.tilta.com\/fr\/wp-json\/wp\/v2\/product"}],"about":[{"href":"https:\/\/eu.tilta.com\/fr\/wp-json\/wp\/v2\/types\/product"}],"replies":[{"embeddable":true,"href":"https:\/\/eu.tilta.com\/fr\/wp-json\/wp\/v2\/comments?post=2441515"}],"wp:featuredmedia":[{"embeddable":true,"href":"https:\/\/eu.tilta.com\/fr\/wp-json\/wp\/v2\/media\/2400874"}],"wp:attachment":[{"href":"https:\/\/eu.tilta.com\/fr\/wp-json\/wp\/v2\/media?parent=2441515"}],"wp:term":[{"taxonomy":"product_cat","embeddable":true,"href":"https:\/\/eu.tilta.com\/fr\/wp-json\/wp\/v2\/product_cat?post=2441515"},{"taxonomy":"product_tag","embeddable":true,"href":"https:\/\/eu.tilta.com\/fr\/wp-json\/wp\/v2\/product_tag?post=2441515"}],"curies":[{"name":"wp","href":"https:\/\/api.w.org\/{rel}","templated":true}]}}