{"id":2441526,"date":"2025-05-28T08:16:17","date_gmt":"2025-05-28T06:16:17","guid":{"rendered":"https:\/\/eu.tilta.com\/shop\/bouchon-dobjectif-pour-leica-q3-texture-noir\/"},"modified":"2025-12-05T14:23:25","modified_gmt":"2025-12-05T13:23:25","slug":"lens-cap-for-leica-q3-textured-black","status":"publish","type":"product","link":"https:\/\/eu.tilta.com\/fr\/shop\/lens-cap-for-leica-q3-textured-black\/","title":{"rendered":"Bouchon d&#8217;objectif pour Leica Q3 (textur\u00e9) &#8211; Noir"},"content":{"rendered":"<p><em>Pr\u00e9sentation du bouchon d&#8217;objectif textur\u00e9 pour Leica Q3<\/em><\/p>\n<p>Prot\u00e9gez votre Leica Q3 avec style gr\u00e2ce \u00e0 notre bouchon d&#8217;objectif haut de gamme, o\u00f9 l&#8217;artisanat moderne rencontre le charme vintage.<\/p>\n<p>Fabriqu\u00e9 par usinage CNC de pr\u00e9cision, ce prot\u00e8ge-objectif pr\u00e9sente des rainures concentriques finement d\u00e9taill\u00e9es qui offrent une sensation tactile et textur\u00e9e, \u00e9voquant l \u00ab \u00e9l\u00e9gance classique des appareils photo argentiques d \u00bb \u00e9poque.<\/p>\n<p>Ce capuchon l\u00e9ger mais durable est con\u00e7u pour s&#8217;adapter parfaitement \u00e0 l&#8217;objectif de votre appareil photo et le prot\u00e9ger.<\/p>\n<p>Que vous transportiez votre appareil photo dans un sac ou que vous soyez en d\u00e9placement, ce bouchon d&#8217;objectif offre une protection essentielle avec un clin d \u00ab \u0153il nostalgique \u00e0 l \u00bb \u00e2ge d&#8217;or de la photographie.<\/p>\n","protected":false},"excerpt":{"rendered":"<p>Pr\u00e9sentation du bouchon d&#8217;objectif textur\u00e9 pour Leica Q3 Prot\u00e9gez votre Leica Q3 avec style gr\u00e2ce \u00e0 notre bouchon d&#8217;objectif haut de gamme, o\u00f9 l&#8217;artisanat moderne rencontre le charme vintage. Fabriqu\u00e9 par usinage CNC de pr\u00e9cision, ce prot\u00e8ge-objectif pr\u00e9sente des rainures [&hellip;]<\/p>\n","protected":false},"featured_media":2417059,"comment_status":"open","ping_status":"closed","template":"","meta":[],"product_cat":[3965],"product_tag":[],"acf":[],"gallery_images":[],"_links":{"self":[{"href":"https:\/\/eu.tilta.com\/fr\/wp-json\/wp\/v2\/product\/2441526"}],"collection":[{"href":"https:\/\/eu.tilta.com\/fr\/wp-json\/wp\/v2\/product"}],"about":[{"href":"https:\/\/eu.tilta.com\/fr\/wp-json\/wp\/v2\/types\/product"}],"replies":[{"embeddable":true,"href":"https:\/\/eu.tilta.com\/fr\/wp-json\/wp\/v2\/comments?post=2441526"}],"wp:featuredmedia":[{"embeddable":true,"href":"https:\/\/eu.tilta.com\/fr\/wp-json\/wp\/v2\/media\/2417059"}],"wp:attachment":[{"href":"https:\/\/eu.tilta.com\/fr\/wp-json\/wp\/v2\/media?parent=2441526"}],"wp:term":[{"taxonomy":"product_cat","embeddable":true,"href":"https:\/\/eu.tilta.com\/fr\/wp-json\/wp\/v2\/product_cat?post=2441526"},{"taxonomy":"product_tag","embeddable":true,"href":"https:\/\/eu.tilta.com\/fr\/wp-json\/wp\/v2\/product_tag?post=2441526"}],"curies":[{"name":"wp","href":"https:\/\/api.w.org\/{rel}","templated":true}]}}