{"id":2441528,"date":"2025-05-28T08:20:53","date_gmt":"2025-05-28T06:20:53","guid":{"rendered":"https:\/\/eu.tilta.com\/shop\/bouchon-dobjectif-pour-leica-q3-noir\/"},"modified":"2026-02-16T09:01:29","modified_gmt":"2026-02-16T08:01:29","slug":"lens-cap-for-leica-q3-black","status":"publish","type":"product","link":"https:\/\/eu.tilta.com\/fr\/shop\/lens-cap-for-leica-q3-black\/","title":{"rendered":"Bouchon d&#8217;objectif pour Leica Q3 &#8211; Noir"},"content":{"rendered":"<p><em>Pr\u00e9sentation du bouchon d&#8217;objectif pour Leica Q3<\/em><\/p>\n<p>Prot\u00e9gez votre Leica Q3 avec style gr\u00e2ce \u00e0 notre bouchon d&#8217;objectif haut de gamme, o\u00f9 l&#8217;artisanat moderne rencontre le charme vintage.<\/p>\n<p>Ce capuchon l\u00e9ger mais durable est con\u00e7u pour s&#8217;adapter parfaitement \u00e0 l&#8217;objectif de votre appareil photo et le prot\u00e9ger.<\/p>\n<p>Que vous transportiez votre appareil photo dans un sac ou que vous soyez en d\u00e9placement, ce bouchon d&#8217;objectif offre une protection essentielle avec un clin d \u00ab \u0153il nostalgique \u00e0 l \u00bb \u00e2ge d&#8217;or de la photographie.<\/p>\n","protected":false},"excerpt":{"rendered":"<p>Pr\u00e9sentation du bouchon d&#8217;objectif pour Leica Q3 Prot\u00e9gez votre Leica Q3 avec style gr\u00e2ce \u00e0 notre bouchon d&#8217;objectif haut de gamme, o\u00f9 l&#8217;artisanat moderne rencontre le charme vintage. Ce capuchon l\u00e9ger mais durable est con\u00e7u pour s&#8217;adapter parfaitement \u00e0 l&#8217;objectif [&hellip;]<\/p>\n","protected":false},"featured_media":2417090,"comment_status":"open","ping_status":"closed","template":"","meta":[],"product_cat":[4448,3965],"product_tag":[],"acf":[],"gallery_images":[],"_links":{"self":[{"href":"https:\/\/eu.tilta.com\/fr\/wp-json\/wp\/v2\/product\/2441528"}],"collection":[{"href":"https:\/\/eu.tilta.com\/fr\/wp-json\/wp\/v2\/product"}],"about":[{"href":"https:\/\/eu.tilta.com\/fr\/wp-json\/wp\/v2\/types\/product"}],"replies":[{"embeddable":true,"href":"https:\/\/eu.tilta.com\/fr\/wp-json\/wp\/v2\/comments?post=2441528"}],"wp:featuredmedia":[{"embeddable":true,"href":"https:\/\/eu.tilta.com\/fr\/wp-json\/wp\/v2\/media\/2417090"}],"wp:attachment":[{"href":"https:\/\/eu.tilta.com\/fr\/wp-json\/wp\/v2\/media?parent=2441528"}],"wp:term":[{"taxonomy":"product_cat","embeddable":true,"href":"https:\/\/eu.tilta.com\/fr\/wp-json\/wp\/v2\/product_cat?post=2441528"},{"taxonomy":"product_tag","embeddable":true,"href":"https:\/\/eu.tilta.com\/fr\/wp-json\/wp\/v2\/product_tag?post=2441528"}],"curies":[{"name":"wp","href":"https:\/\/api.w.org\/{rel}","templated":true}]}}