{"id":2441538,"date":"2025-05-28T07:39:54","date_gmt":"2025-05-28T05:39:54","guid":{"rendered":"https:\/\/eu.tilta.com\/shop\/cage-dappareil-photo-vintage-pour-leica-q3-travel-kit-noir\/"},"modified":"2025-12-05T14:23:29","modified_gmt":"2025-12-05T13:23:29","slug":"vintage-camera-cage-for-leica-q3-travel-kit-black","status":"publish","type":"product","link":"https:\/\/eu.tilta.com\/fr\/shop\/vintage-camera-cage-for-leica-q3-travel-kit-black\/","title":{"rendered":"Cage d&#8217;appareil photo vintage pour Leica Q3 Travel Kit &#8211; Noir"},"content":{"rendered":"<p><em>Pr\u00e9sentation de la cage d&#8217;appareil photo vintage pour le kit de voyage Leica Q3<\/em><\/p>\n<p>Ce kit comprend quelques accessoires s\u00e9lectionn\u00e9s qui am\u00e9liorent la fonctionnalit\u00e9 du Leica Q3 tout en gardant le syst\u00e8me agile et portable.<\/p>\n<p>La base de ce kit est un support en L avec une poign\u00e9e en cuir, qui offre une mani\u00e8re plus confortable d&#8217;utiliser et de manipuler l&#8217;appareil photo.<\/p>\n<p>La plaque de protection se monte sur le dessus du bo\u00eetier de l&#8217;appareil photo Leica Q3 afin d&#8217;offrir une protection l\u00e9g\u00e8re et robuste \u00e0 l&#8217;appareil photo.<\/p>\n<p>Cet accessoire est particuli\u00e8rement utile lorsque vous voyagez ou lorsque vous utilisez l&#8217;appareil photo dans des conditions plus extr\u00eames.<\/p>\n<p>La poign\u00e9e \u00e0 griffes se monte sur la griffe de l&#8217;appareil photo et am\u00e9liore la stabilit\u00e9 \u00e0 main lev\u00e9e pour des prises de vue plus fluides.<\/p>\n<p>La plaque de fixation rapide ARCA permet au syst\u00e8me de se monter facilement sur la plupart des r\u00e9cepteurs ARCA, comme celui que vous trouverez sur un Ronin S Series Gimbal ou sur de nombreux tr\u00e9pieds l\u00e9gers comme notre tr\u00e9pied \u00e0 t\u00eate fluide de voyage VT-05.<\/p>\n<p>Ce kit comprend \u00e9galement une bandouli\u00e8re qui se fixe sur les attaches de la cage afin que les utilisateurs puissent transporter et manipuler leur appareil photo en toute s\u00e9curit\u00e9.<\/p>\n<p>Le bouchon d&#8217;objectif l\u00e9ger et durable inclus est con\u00e7u pour s&#8217;adapter parfaitement \u00e0 l&#8217;objectif de l&#8217;appareil photo et le prot\u00e9ger.<\/p>\n","protected":false},"excerpt":{"rendered":"<p>Pr\u00e9sentation de la cage d&#8217;appareil photo vintage pour le kit de voyage Leica Q3 Ce kit comprend quelques accessoires s\u00e9lectionn\u00e9s qui am\u00e9liorent la fonctionnalit\u00e9 du Leica Q3 tout en gardant le syst\u00e8me agile et portable. La base de ce kit [&hellip;]<\/p>\n","protected":false},"featured_media":2416658,"comment_status":"open","ping_status":"closed","template":"","meta":[],"product_cat":[3965],"product_tag":[],"acf":[],"gallery_images":[2416663,2416669,2416675,2416681,2416765,2416771],"_links":{"self":[{"href":"https:\/\/eu.tilta.com\/fr\/wp-json\/wp\/v2\/product\/2441538"}],"collection":[{"href":"https:\/\/eu.tilta.com\/fr\/wp-json\/wp\/v2\/product"}],"about":[{"href":"https:\/\/eu.tilta.com\/fr\/wp-json\/wp\/v2\/types\/product"}],"replies":[{"embeddable":true,"href":"https:\/\/eu.tilta.com\/fr\/wp-json\/wp\/v2\/comments?post=2441538"}],"wp:featuredmedia":[{"embeddable":true,"href":"https:\/\/eu.tilta.com\/fr\/wp-json\/wp\/v2\/media\/2416658"}],"wp:attachment":[{"href":"https:\/\/eu.tilta.com\/fr\/wp-json\/wp\/v2\/media?parent=2441538"}],"wp:term":[{"taxonomy":"product_cat","embeddable":true,"href":"https:\/\/eu.tilta.com\/fr\/wp-json\/wp\/v2\/product_cat?post=2441538"},{"taxonomy":"product_tag","embeddable":true,"href":"https:\/\/eu.tilta.com\/fr\/wp-json\/wp\/v2\/product_tag?post=2441538"}],"curies":[{"name":"wp","href":"https:\/\/api.w.org\/{rel}","templated":true}]}}