{"id":2441556,"date":"2025-05-28T08:38:33","date_gmt":"2025-05-28T06:38:33","guid":{"rendered":"https:\/\/eu.tilta.com\/shop\/support-de-pouce-pour-leica-q3-noir\/"},"modified":"2026-02-16T09:01:30","modified_gmt":"2026-02-16T08:01:30","slug":"hot-shoe-thumb-bracket-for-leica-q3-black","status":"publish","type":"product","link":"https:\/\/eu.tilta.com\/fr\/shop\/hot-shoe-thumb-bracket-for-leica-q3-black\/","title":{"rendered":"Support de pouce pour Leica Q3 &#8211; Noir"},"content":{"rendered":"<p>Le support de pouce pour griffe chaude est un accessoire m\u00e9canique l\u00e9ger pour le Leica Q3.<\/p>\n<p>Cette poign\u00e9e de pouce se monte sur le r\u00e9cepteur de la griffe de l&#8217;appareil photo afin d&#8217;offrir \u00e0 l&#8217;op\u00e9rateur une position confortable et s\u00fbre pour placer son pouce.<\/p>\n<p>Cela permet d&#8217;am\u00e9liorer la stabilit\u00e9 de l&#8217;appareil, ce qui se traduit par des prises de vue plus fluides et une exp\u00e9rience d&#8217;utilisation globalement plus confortable.<\/p>\n","protected":false},"excerpt":{"rendered":"<p>Le support de pouce pour griffe chaude est un accessoire m\u00e9canique l\u00e9ger pour le Leica Q3. Cette poign\u00e9e de pouce se monte sur le r\u00e9cepteur de la griffe de l&#8217;appareil photo afin d&#8217;offrir \u00e0 l&#8217;op\u00e9rateur une position confortable et s\u00fbre [&hellip;]<\/p>\n","protected":false},"featured_media":2417229,"comment_status":"open","ping_status":"closed","template":"","meta":[],"product_cat":[4448,3965],"product_tag":[],"acf":[],"gallery_images":[2417222],"_links":{"self":[{"href":"https:\/\/eu.tilta.com\/fr\/wp-json\/wp\/v2\/product\/2441556"}],"collection":[{"href":"https:\/\/eu.tilta.com\/fr\/wp-json\/wp\/v2\/product"}],"about":[{"href":"https:\/\/eu.tilta.com\/fr\/wp-json\/wp\/v2\/types\/product"}],"replies":[{"embeddable":true,"href":"https:\/\/eu.tilta.com\/fr\/wp-json\/wp\/v2\/comments?post=2441556"}],"wp:featuredmedia":[{"embeddable":true,"href":"https:\/\/eu.tilta.com\/fr\/wp-json\/wp\/v2\/media\/2417229"}],"wp:attachment":[{"href":"https:\/\/eu.tilta.com\/fr\/wp-json\/wp\/v2\/media?parent=2441556"}],"wp:term":[{"taxonomy":"product_cat","embeddable":true,"href":"https:\/\/eu.tilta.com\/fr\/wp-json\/wp\/v2\/product_cat?post=2441556"},{"taxonomy":"product_tag","embeddable":true,"href":"https:\/\/eu.tilta.com\/fr\/wp-json\/wp\/v2\/product_tag?post=2441556"}],"curies":[{"name":"wp","href":"https:\/\/api.w.org\/{rel}","templated":true}]}}