{"id":2441560,"date":"2025-05-07T04:55:57","date_gmt":"2025-05-07T02:55:57","guid":{"rendered":"https:\/\/eu.tilta.com\/shop\/cage-de-protection-pour-le-kit-de-base-panasonic-s1r-ii-noir\/"},"modified":"2025-12-05T14:23:47","modified_gmt":"2025-12-05T13:23:47","slug":"camera-cage-for-panasonic-s1r-ii-base-kit-black","status":"publish","type":"product","link":"https:\/\/eu.tilta.com\/fr\/shop\/camera-cage-for-panasonic-s1r-ii-base-kit-black\/","title":{"rendered":"Cage de protection pour le kit de base Panasonic S1R II &#8211; Noir"},"content":{"rendered":"<p><em>Nous vous pr\u00e9sentons le kit de base de la cage compl\u00e8te pour le Panasonic S1R II.<\/em><\/p>\n<p>La base de ce kit est la cage de l&#8217;appareil photo complet, qui offre une protection et \u00e9largit les options de montage pour le S1R II, le Lumix S5 II, le S5 IIX et le G9 II.<\/p>\n<p>Cette cage \u00e0 cam\u00e9ra comporte des fixations pour courroies de poignet, des filetages 1\/4\u2033-20 avec des points de rep\u00e9rage et un adaptateur de filetages 3\/8\u2033-16 \u00e0 1\/4\u2033-20.<\/p>\n<p>Il est \u00e9quip\u00e9 d&#8217;une plaque inf\u00e9rieure ARCA qui permet aux utilisateurs de monter facilement le syst\u00e8me sur diff\u00e9rents tr\u00e9pieds, syst\u00e8mes de support et cardans DJI Ronin comme le RS4 Pro. Les points de fixation sur le bras lat\u00e9ral permettent de monter facilement une plaque de fixation rapide ARCA (non fournie), ce qui permet de passer rapidement \u00e0 des configurations verticales.<\/p>\n<p>Le serre-c\u00e2ble HDMI et USB-C inclus garantit que les deux c\u00e2bles resteront bien fix\u00e9s lorsqu&#8217;ils seront connect\u00e9s au bo\u00eetier de l&#8217;appareil photo. Les trois points de contact entre l&#8217;appareil photo et la cage assurent une connexion solide avec le bo\u00eetier de l&#8217;appareil photo et une base solide pour le montage d&#8217;accessoires suppl\u00e9mentaires.<\/p>\n<p>La plaque de base LWS 15 mm \u00e0 hauteur r\u00e9glable d&#8217;Arca permet aux utilisateurs d&#8217;ajuster la hauteur de leur cam\u00e9ra par rapport aux tiges de 15 mm incluses. Cela signifie que les utilisateurs peuvent conserver la norme LWS 85 mm afin d&#8217;assurer la compatibilit\u00e9 avec une gamme d&#8217;accessoires et de bo\u00eetiers d&#8217;appareils photo.<\/p>\n<p>La poign\u00e9e sup\u00e9rieure 1\/4-20\u2033 incluse \u00e9largit les possibilit\u00e9s d&#8217;utilisation, particuli\u00e8rement utile pour les prises de vue en contre-plong\u00e9e. Cette poign\u00e9e offre \u00e9galement des options de montage suppl\u00e9mentaires telles que des filetages 1\/4\u2033-20 et un r\u00e9cepteur Cold Shoe, parfait pour un moniteur externe.<\/p>\n","protected":false},"excerpt":{"rendered":"<p>Nous vous pr\u00e9sentons le kit de base de la cage compl\u00e8te pour le Panasonic S1R II. La base de ce kit est la cage de l&#8217;appareil photo complet, qui offre une protection et \u00e9largit les options de montage pour le [&hellip;]<\/p>\n","protected":false},"featured_media":2355687,"comment_status":"open","ping_status":"closed","template":"","meta":[],"product_cat":[3978],"product_tag":[],"acf":[],"gallery_images":[2355694,2355700,2355706,2355718,2355712],"_links":{"self":[{"href":"https:\/\/eu.tilta.com\/fr\/wp-json\/wp\/v2\/product\/2441560"}],"collection":[{"href":"https:\/\/eu.tilta.com\/fr\/wp-json\/wp\/v2\/product"}],"about":[{"href":"https:\/\/eu.tilta.com\/fr\/wp-json\/wp\/v2\/types\/product"}],"replies":[{"embeddable":true,"href":"https:\/\/eu.tilta.com\/fr\/wp-json\/wp\/v2\/comments?post=2441560"}],"wp:featuredmedia":[{"embeddable":true,"href":"https:\/\/eu.tilta.com\/fr\/wp-json\/wp\/v2\/media\/2355687"}],"wp:attachment":[{"href":"https:\/\/eu.tilta.com\/fr\/wp-json\/wp\/v2\/media?parent=2441560"}],"wp:term":[{"taxonomy":"product_cat","embeddable":true,"href":"https:\/\/eu.tilta.com\/fr\/wp-json\/wp\/v2\/product_cat?post=2441560"},{"taxonomy":"product_tag","embeddable":true,"href":"https:\/\/eu.tilta.com\/fr\/wp-json\/wp\/v2\/product_tag?post=2441560"}],"curies":[{"name":"wp","href":"https:\/\/api.w.org\/{rel}","templated":true}]}}