{"id":2441618,"date":"2025-05-13T05:50:58","date_gmt":"2025-05-13T03:50:58","guid":{"rendered":"https:\/\/eu.tilta.com\/shop\/pochette-de-taille-fe\/"},"modified":"2025-12-05T14:24:55","modified_gmt":"2025-12-05T13:24:55","slug":"fe-waist-pouch","status":"publish","type":"product","link":"https:\/\/eu.tilta.com\/fr\/shop\/fe-waist-pouch\/","title":{"rendered":"Pochette de taille Fe"},"content":{"rendered":"<p><em>Voici le Fe Waist Pouch, un sac banane \u00e9l\u00e9gant, d&#8217;inspiration tactique, con\u00e7u pour \u00eatre port\u00e9 tous les jours.<\/em><\/p>\n<p>Con\u00e7u pour s&#8217;adapter, son syst\u00e8me de montage multiple \u00e0 l&#8217;arri\u00e8re vous permet de personnaliser la fa\u00e7on dont vous le portez et l&#8217;endroit o\u00f9 vous le portez, par exemple autour de la taille, en travers de la poitrine ou accroch\u00e9 \u00e0 votre \u00e9quipement.<\/p>\n<p>\u00c9quip\u00e9 de fermetures \u00e0 glissi\u00e8re YKK\u00ae de premi\u00e8re qualit\u00e9 dot\u00e9es d&#8217;un rev\u00eatement imperm\u00e9able, vos objets essentiels restent prot\u00e9g\u00e9s par temps impr\u00e9visible.<\/p>\n<p>Une poche arri\u00e8re cach\u00e9e \u00e0 fermeture \u00e9clair permet de ranger discr\u00e8tement et en toute s\u00e9curit\u00e9 des objets de valeur tels que les smartphones ou les passeports.<\/p>\n<p>Pour une meilleure modularit\u00e9, les boucles DURAFLEX\u00ae permettent des configurations d\u00e9tachables, tandis que la boucle magn\u00e9tique FIDLOCK\u00ae \u00e0 d\u00e9gagement rapide sur la sangle d&#8217;\u00e9paule permet un acc\u00e8s rapide, d&#8217;une seule main, lorsque vous devez retirer rapidement le sac.<\/p>\n<p>Id\u00e9al pour les cin\u00e9astes en d\u00e9placement, le Fe Waist Pouch offre une solution compacte et s\u00fbre pour transporter des outils essentiels tels que le Khronos iPhone 16 Case et divers accessoires.<\/p>\n","protected":false},"excerpt":{"rendered":"<p>Voici le Fe Waist Pouch, un sac banane \u00e9l\u00e9gant, d&#8217;inspiration tactique, con\u00e7u pour \u00eatre port\u00e9 tous les jours. Con\u00e7u pour s&#8217;adapter, son syst\u00e8me de montage multiple \u00e0 l&#8217;arri\u00e8re vous permet de personnaliser la fa\u00e7on dont vous le portez et l&#8217;endroit [&hellip;]<\/p>\n","protected":false},"featured_media":2371276,"comment_status":"open","ping_status":"closed","template":"","meta":[],"product_cat":[2064],"product_tag":[],"acf":[],"gallery_images":[2371294,2371312],"_links":{"self":[{"href":"https:\/\/eu.tilta.com\/fr\/wp-json\/wp\/v2\/product\/2441618"}],"collection":[{"href":"https:\/\/eu.tilta.com\/fr\/wp-json\/wp\/v2\/product"}],"about":[{"href":"https:\/\/eu.tilta.com\/fr\/wp-json\/wp\/v2\/types\/product"}],"replies":[{"embeddable":true,"href":"https:\/\/eu.tilta.com\/fr\/wp-json\/wp\/v2\/comments?post=2441618"}],"wp:featuredmedia":[{"embeddable":true,"href":"https:\/\/eu.tilta.com\/fr\/wp-json\/wp\/v2\/media\/2371276"}],"wp:attachment":[{"href":"https:\/\/eu.tilta.com\/fr\/wp-json\/wp\/v2\/media?parent=2441618"}],"wp:term":[{"taxonomy":"product_cat","embeddable":true,"href":"https:\/\/eu.tilta.com\/fr\/wp-json\/wp\/v2\/product_cat?post=2441618"},{"taxonomy":"product_tag","embeddable":true,"href":"https:\/\/eu.tilta.com\/fr\/wp-json\/wp\/v2\/product_tag?post=2441618"}],"curies":[{"name":"wp","href":"https:\/\/api.w.org\/{rel}","templated":true}]}}