{"id":2441647,"date":"2025-06-05T10:57:53","date_gmt":"2025-06-05T08:57:53","guid":{"rendered":"https:\/\/eu.tilta.com\/shop\/kit-de-montage-magnetique-articule-tilta-gris-titane\/"},"modified":"2025-12-05T14:24:51","modified_gmt":"2025-12-05T13:24:51","slug":"tilta-magnetic-articulating-mounting-kit-titanium-grey","status":"publish","type":"product","link":"https:\/\/eu.tilta.com\/fr\/shop\/tilta-magnetic-articulating-mounting-kit-titanium-grey\/","title":{"rendered":"Kit de montage magn\u00e9tique articul\u00e9 Tilta &#8211; Gris titane"},"content":{"rendered":"<div class=\"overview-text\">\n<p><em>Pr\u00e9sentation du kit de montage magn\u00e9tique articul\u00e9 Tilta<\/em><\/p>\n<p>La base de ce kit est le bras articul\u00e9 qui peut \u00eatre utilis\u00e9 pour fixer magn\u00e9tiquement des accessoires compatibles tels que les smartphones et les banques d&#8217;alimentation.<\/p>\n<p>L&#8217;extr\u00e9mit\u00e9 oppos\u00e9e offre plusieurs options de montage telles que la griffe froide, 1\/4\u2033-20 et l&#8217;adh\u00e9sif 3M.<\/p>\n<p>Cela permet aux utilisateurs de monter divers dispositifs magn\u00e9tiques sur leur cage de cam\u00e9ra, leur syst\u00e8me de support et plus encore, pour des possibilit\u00e9s de montage uniques.<\/p>\n<p>L&#8217;articulation multiaxiale permet de configurer tout accessoire connect\u00e9 dans la position id\u00e9ale, ce qui peut s&#8217;av\u00e9rer particuli\u00e8rement utile pour connecter un smartphone \u00e0 une cam\u00e9ra pour une surveillance sans fil.<\/p>\n<p>Cet accessoire est \u00e9galement id\u00e9al pour connecter des batteries \u00e0 un syst\u00e8me de cam\u00e9ra afin d&#8217;alimenter des accessoires tels que notre <a href=\"https:\/\/eu.tilta.com\/shop\/nucleus-nano-ii-wireless-lens-control-system\/\">moteur de suivi sans fil Nucleus Nano II.<\/a><\/p>\n<\/div>\n","protected":false},"excerpt":{"rendered":"<p>Pr\u00e9sentation du kit de montage magn\u00e9tique articul\u00e9 Tilta La base de ce kit est le bras articul\u00e9 qui peut \u00eatre utilis\u00e9 pour fixer magn\u00e9tiquement des accessoires compatibles tels que les smartphones et les banques d&#8217;alimentation. L&#8217;extr\u00e9mit\u00e9 oppos\u00e9e offre plusieurs options [&hellip;]<\/p>\n","protected":false},"featured_media":2440869,"comment_status":"open","ping_status":"closed","template":"","meta":[],"product_cat":[2187],"product_tag":[],"acf":[],"gallery_images":[2440836,2440849,2440842,2440863,2440855],"_links":{"self":[{"href":"https:\/\/eu.tilta.com\/fr\/wp-json\/wp\/v2\/product\/2441647"}],"collection":[{"href":"https:\/\/eu.tilta.com\/fr\/wp-json\/wp\/v2\/product"}],"about":[{"href":"https:\/\/eu.tilta.com\/fr\/wp-json\/wp\/v2\/types\/product"}],"replies":[{"embeddable":true,"href":"https:\/\/eu.tilta.com\/fr\/wp-json\/wp\/v2\/comments?post=2441647"}],"wp:featuredmedia":[{"embeddable":true,"href":"https:\/\/eu.tilta.com\/fr\/wp-json\/wp\/v2\/media\/2440869"}],"wp:attachment":[{"href":"https:\/\/eu.tilta.com\/fr\/wp-json\/wp\/v2\/media?parent=2441647"}],"wp:term":[{"taxonomy":"product_cat","embeddable":true,"href":"https:\/\/eu.tilta.com\/fr\/wp-json\/wp\/v2\/product_cat?post=2441647"},{"taxonomy":"product_tag","embeddable":true,"href":"https:\/\/eu.tilta.com\/fr\/wp-json\/wp\/v2\/product_tag?post=2441647"}],"curies":[{"name":"wp","href":"https:\/\/api.w.org\/{rel}","templated":true}]}}