{"id":2441652,"date":"2025-05-07T05:01:48","date_gmt":"2025-05-07T03:01:48","guid":{"rendered":"https:\/\/eu.tilta.com\/shop\/cage-de-protection-pour-panasonic-s1r-ii-noir\/"},"modified":"2025-12-05T14:25:13","modified_gmt":"2025-12-05T13:25:13","slug":"full-camera-cage-for-panasonic-s1r-ii-black","status":"publish","type":"product","link":"https:\/\/eu.tilta.com\/fr\/shop\/full-camera-cage-for-panasonic-s1r-ii-black\/","title":{"rendered":"Cage de protection pour Panasonic S1R II &#8211; Noir"},"content":{"rendered":"<p><em>Voici la cage de cam\u00e9ra compl\u00e8te pour le Panasonic S1R II.<\/em><\/p>\n<p>Cette cage pour appareil photo complet offre une protection et \u00e9largit les options de montage pour le S1R II, le Lumix S5 II, le S5 IIX et le G9 II.<\/p>\n<p>Cette cage \u00e0 cam\u00e9ra comporte des fixations pour courroies de poignet, des filetages 1\/4\u2033-20 avec des points de rep\u00e9rage et un adaptateur de filetages 3\/8\u2033-16 \u00e0 1\/4\u2033-20.<\/p>\n<p>Il est \u00e9quip\u00e9 d&#8217;une plaque inf\u00e9rieure ARCA qui permet aux utilisateurs de monter facilement le syst\u00e8me sur diff\u00e9rents tr\u00e9pieds, syst\u00e8mes de support et cardans DJI Ronin comme le RS4 Pro.<\/p>\n<p>Les points de fixation sur le bras lat\u00e9ral permettent de monter facilement une plaque de fixation rapide ARCA (non fournie), ce qui permet de passer rapidement \u00e0 des configurations verticales.<\/p>\n<p>Le serre-c\u00e2ble HDMI et USB-C inclus garantit que les deux c\u00e2bles resteront bien fix\u00e9s lorsqu&#8217;ils seront connect\u00e9s au bo\u00eetier de l&#8217;appareil photo.<\/p>\n<p>Les trois points de contact entre l&#8217;appareil photo et la cage assurent une connexion solide avec le bo\u00eetier de l&#8217;appareil photo et une base solide pour le montage d&#8217;accessoires suppl\u00e9mentaires.<\/p>\n","protected":false},"excerpt":{"rendered":"<p>Voici la cage de cam\u00e9ra compl\u00e8te pour le Panasonic S1R II. Cette cage pour appareil photo complet offre une protection et \u00e9largit les options de montage pour le S1R II, le Lumix S5 II, le S5 IIX et le G9 [&hellip;]<\/p>\n","protected":false},"featured_media":2355779,"comment_status":"open","ping_status":"closed","template":"","meta":[],"product_cat":[3978],"product_tag":[],"acf":[],"gallery_images":[2355785,2355791,2355706,2355718,2355712],"_links":{"self":[{"href":"https:\/\/eu.tilta.com\/fr\/wp-json\/wp\/v2\/product\/2441652"}],"collection":[{"href":"https:\/\/eu.tilta.com\/fr\/wp-json\/wp\/v2\/product"}],"about":[{"href":"https:\/\/eu.tilta.com\/fr\/wp-json\/wp\/v2\/types\/product"}],"replies":[{"embeddable":true,"href":"https:\/\/eu.tilta.com\/fr\/wp-json\/wp\/v2\/comments?post=2441652"}],"wp:featuredmedia":[{"embeddable":true,"href":"https:\/\/eu.tilta.com\/fr\/wp-json\/wp\/v2\/media\/2355779"}],"wp:attachment":[{"href":"https:\/\/eu.tilta.com\/fr\/wp-json\/wp\/v2\/media?parent=2441652"}],"wp:term":[{"taxonomy":"product_cat","embeddable":true,"href":"https:\/\/eu.tilta.com\/fr\/wp-json\/wp\/v2\/product_cat?post=2441652"},{"taxonomy":"product_tag","embeddable":true,"href":"https:\/\/eu.tilta.com\/fr\/wp-json\/wp\/v2\/product_tag?post=2441652"}],"curies":[{"name":"wp","href":"https:\/\/api.w.org\/{rel}","templated":true}]}}