{"id":2441654,"date":"2025-05-28T08:32:47","date_gmt":"2025-05-28T06:32:47","guid":{"rendered":"https:\/\/eu.tilta.com\/shop\/plaque-de-protection-superieure-avec-support-de-pouce-pour-leica-q3-noir\/"},"modified":"2026-02-16T09:01:31","modified_gmt":"2026-02-16T08:01:31","slug":"top-protection-plate-with-thumb-bracket-for-leica-q3-black","status":"publish","type":"product","link":"https:\/\/eu.tilta.com\/fr\/shop\/top-protection-plate-with-thumb-bracket-for-leica-q3-black\/","title":{"rendered":"Plaque de protection sup\u00e9rieure avec support de pouce pour Leica Q3 &#8211; Noir"},"content":{"rendered":"<p><em>Pr\u00e9sentation de la plaque de protection sup\u00e9rieure avec support de pouce pour Leica Q3  <\/em><\/p>\n<p>La plaque de protection se monte sur le dessus du bo\u00eetier de l&#8217;appareil photo Leica Q3 afin d&#8217;offrir une protection l\u00e9g\u00e8re et robuste \u00e0 l&#8217;appareil photo.<\/p>\n<p>Cet accessoire est particuli\u00e8rement utile lorsque vous voyagez ou lorsque vous utilisez l&#8217;appareil photo dans des conditions plus extr\u00eames.<\/p>\n<p>La poign\u00e9e de pouce se monte sur le r\u00e9cepteur de la griffe de l&#8217;appareil photo afin d&#8217;offrir \u00e0 l&#8217;op\u00e9rateur une position confortable et compacte pour placer son pouce.<\/p>\n<p>Cela permet d&#8217;am\u00e9liorer la stabilit\u00e9 de l&#8217;appareil, ce qui se traduit par des prises de vue plus fluides et une exp\u00e9rience d&#8217;utilisation globalement plus confortable.<\/p>\n","protected":false},"excerpt":{"rendered":"<p>Pr\u00e9sentation de la plaque de protection sup\u00e9rieure avec support de pouce pour Leica Q3 La plaque de protection se monte sur le dessus du bo\u00eetier de l&#8217;appareil photo Leica Q3 afin d&#8217;offrir une protection l\u00e9g\u00e8re et robuste \u00e0 l&#8217;appareil photo. [&hellip;]<\/p>\n","protected":false},"featured_media":2417177,"comment_status":"open","ping_status":"closed","template":"","meta":[],"product_cat":[3965],"product_tag":[],"acf":[],"gallery_images":[2417171],"_links":{"self":[{"href":"https:\/\/eu.tilta.com\/fr\/wp-json\/wp\/v2\/product\/2441654"}],"collection":[{"href":"https:\/\/eu.tilta.com\/fr\/wp-json\/wp\/v2\/product"}],"about":[{"href":"https:\/\/eu.tilta.com\/fr\/wp-json\/wp\/v2\/types\/product"}],"replies":[{"embeddable":true,"href":"https:\/\/eu.tilta.com\/fr\/wp-json\/wp\/v2\/comments?post=2441654"}],"wp:featuredmedia":[{"embeddable":true,"href":"https:\/\/eu.tilta.com\/fr\/wp-json\/wp\/v2\/media\/2417177"}],"wp:attachment":[{"href":"https:\/\/eu.tilta.com\/fr\/wp-json\/wp\/v2\/media?parent=2441654"}],"wp:term":[{"taxonomy":"product_cat","embeddable":true,"href":"https:\/\/eu.tilta.com\/fr\/wp-json\/wp\/v2\/product_cat?post=2441654"},{"taxonomy":"product_tag","embeddable":true,"href":"https:\/\/eu.tilta.com\/fr\/wp-json\/wp\/v2\/product_tag?post=2441654"}],"curies":[{"name":"wp","href":"https:\/\/api.w.org\/{rel}","templated":true}]}}