{"id":2441656,"date":"2025-05-13T09:04:25","date_gmt":"2025-05-13T07:04:25","guid":{"rendered":"https:\/\/eu.tilta.com\/shop\/veste-dexterieur-impermeable-tilta-fe\/"},"modified":"2026-04-15T03:57:22","modified_gmt":"2026-04-15T01:57:22","slug":"tilta-fe-weatherproof-outdoor-jacket","status":"publish","type":"product","link":"https:\/\/eu.tilta.com\/fr\/shop\/tilta-fe-weatherproof-outdoor-jacket\/","title":{"rendered":"Veste d&#8217;ext\u00e9rieur imperm\u00e9able Tilta Fe"},"content":{"rendered":"<p><em>Voici la veste d&#8217;ext\u00e9rieur imperm\u00e9able Tilta Fe, con\u00e7ue pour un maximum de fonctionnalit\u00e9 et de confort en plein air.  <\/em><\/p>\n<p>Cette veste haute performance est dot\u00e9e de fermetures \u00e9clair imperm\u00e9ables sous les bras et d&#8217;une ventilation r\u00e9glable, ce qui vous permet de rester au frais et au sec lors d&#8217;un grand nombre d&#8217;activit\u00e9s.<\/p>\n<p>La conception adaptable de la capuche en trois points offre une protection fiable dans toutes les conditions m\u00e9t\u00e9orologiques, tandis que le r\u00e9glage de la capuche assure un ajustement s\u00fbr lorsque cela est n\u00e9cessaire.<\/p>\n<p>Les manches rallong\u00e9es avec poignets en velcro bloquent efficacement le vent et la neige, offrant une d\u00e9fense suppl\u00e9mentaire lorsque le temps devient rude.<\/p>\n<p>Une fermeture \u00e0 glissi\u00e8re bidirectionnelle sur le devant offre des options suppl\u00e9mentaires et une mobilit\u00e9 accrue, tandis qu&#8217;une poche zipp\u00e9e cach\u00e9e ajoute une option de rangement unique pour vos objets essentiels.<\/p>\n<p>Que vous fassiez de la randonn\u00e9e, du snowboard ou du cin\u00e9ma, la veste Tilta Fe associe une protection robuste \u00e0 une conception bien pens\u00e9e pour faire face \u00e0 toutes les conditions m\u00e9t\u00e9orologiques.<\/p>\n","protected":false},"excerpt":{"rendered":"<p>Voici la veste d&#8217;ext\u00e9rieur imperm\u00e9able Tilta Fe, con\u00e7ue pour un maximum de fonctionnalit\u00e9 et de confort en plein air. Cette veste haute performance est dot\u00e9e de fermetures \u00e9clair imperm\u00e9ables sous les bras et d&#8217;une ventilation r\u00e9glable, ce qui vous permet [&hellip;]<\/p>\n","protected":false},"featured_media":2371652,"comment_status":"open","ping_status":"closed","template":"","meta":[],"product_cat":[4493,2064],"product_tag":[],"acf":[],"gallery_images":[2371673],"_links":{"self":[{"href":"https:\/\/eu.tilta.com\/fr\/wp-json\/wp\/v2\/product\/2441656"}],"collection":[{"href":"https:\/\/eu.tilta.com\/fr\/wp-json\/wp\/v2\/product"}],"about":[{"href":"https:\/\/eu.tilta.com\/fr\/wp-json\/wp\/v2\/types\/product"}],"replies":[{"embeddable":true,"href":"https:\/\/eu.tilta.com\/fr\/wp-json\/wp\/v2\/comments?post=2441656"}],"wp:featuredmedia":[{"embeddable":true,"href":"https:\/\/eu.tilta.com\/fr\/wp-json\/wp\/v2\/media\/2371652"}],"wp:attachment":[{"href":"https:\/\/eu.tilta.com\/fr\/wp-json\/wp\/v2\/media?parent=2441656"}],"wp:term":[{"taxonomy":"product_cat","embeddable":true,"href":"https:\/\/eu.tilta.com\/fr\/wp-json\/wp\/v2\/product_cat?post=2441656"},{"taxonomy":"product_tag","embeddable":true,"href":"https:\/\/eu.tilta.com\/fr\/wp-json\/wp\/v2\/product_tag?post=2441656"}],"curies":[{"name":"wp","href":"https:\/\/api.w.org\/{rel}","templated":true}]}}