{"id":2441706,"date":"2025-05-28T07:49:22","date_gmt":"2025-05-28T05:49:22","guid":{"rendered":"https:\/\/eu.tilta.com\/shop\/cage-dappareil-photo-vintage-pour-kit-de-base-leica-q3-noir\/"},"modified":"2025-12-05T14:25:47","modified_gmt":"2025-12-05T13:25:47","slug":"vintage-camera-cage-for-leica-q3-base-kit-black","status":"publish","type":"product","link":"https:\/\/eu.tilta.com\/fr\/shop\/vintage-camera-cage-for-leica-q3-base-kit-black\/","title":{"rendered":"Cage d&#8217;appareil photo vintage pour kit de base Leica Q3 &#8211; Noir"},"content":{"rendered":"<p><em>Pr\u00e9sentation de la cage d&#8217;appareil photo vintage pour le kit de base Leica Q3<\/em><\/p>\n<p>Ce kit comprend quelques accessoires s\u00e9lectionn\u00e9s qui am\u00e9liorent la fonctionnalit\u00e9 du Leica Q3 tout en gardant le syst\u00e8me agile et portable.<\/p>\n<p>La base de ce kit est un support en L avec une poign\u00e9e en cuir, qui offre une mani\u00e8re plus confortable d&#8217;utiliser et de manipuler l&#8217;appareil photo.<\/p>\n<p>La poign\u00e9e \u00e0 griffes se monte sur la griffe de l&#8217;appareil photo et am\u00e9liore la stabilit\u00e9 \u00e0 main lev\u00e9e pour des prises de vue plus fluides.<\/p>\n<p>Le bouchon d&#8217;objectif l\u00e9ger et durable inclus est con\u00e7u pour s&#8217;adapter parfaitement \u00e0 l&#8217;objectif de votre appareil photo et le prot\u00e9ger.<\/p>\n<p>La plaque inf\u00e9rieure peut facilement accueillir une plaque de fixation rapide ARCA (non incluse) qui permet au syst\u00e8me de se monter facilement sur les cardans de la s\u00e9rie S de Ronin ou sur des tr\u00e9pieds l\u00e9gers tels que notre tr\u00e9pied \u00e0 t\u00eate fluide de voyage VT-05.<\/p>\n","protected":false},"excerpt":{"rendered":"<p>Pr\u00e9sentation de la cage d&#8217;appareil photo vintage pour le kit de base Leica Q3 Ce kit comprend quelques accessoires s\u00e9lectionn\u00e9s qui am\u00e9liorent la fonctionnalit\u00e9 du Leica Q3 tout en gardant le syst\u00e8me agile et portable. La base de ce kit [&hellip;]<\/p>\n","protected":false},"featured_media":2416934,"comment_status":"open","ping_status":"closed","template":"","meta":[],"product_cat":[3965],"product_tag":[],"acf":[],"gallery_images":[2416940,2416946,2416772,2416766],"_links":{"self":[{"href":"https:\/\/eu.tilta.com\/fr\/wp-json\/wp\/v2\/product\/2441706"}],"collection":[{"href":"https:\/\/eu.tilta.com\/fr\/wp-json\/wp\/v2\/product"}],"about":[{"href":"https:\/\/eu.tilta.com\/fr\/wp-json\/wp\/v2\/types\/product"}],"replies":[{"embeddable":true,"href":"https:\/\/eu.tilta.com\/fr\/wp-json\/wp\/v2\/comments?post=2441706"}],"wp:featuredmedia":[{"embeddable":true,"href":"https:\/\/eu.tilta.com\/fr\/wp-json\/wp\/v2\/media\/2416934"}],"wp:attachment":[{"href":"https:\/\/eu.tilta.com\/fr\/wp-json\/wp\/v2\/media?parent=2441706"}],"wp:term":[{"taxonomy":"product_cat","embeddable":true,"href":"https:\/\/eu.tilta.com\/fr\/wp-json\/wp\/v2\/product_cat?post=2441706"},{"taxonomy":"product_tag","embeddable":true,"href":"https:\/\/eu.tilta.com\/fr\/wp-json\/wp\/v2\/product_tag?post=2441706"}],"curies":[{"name":"wp","href":"https:\/\/api.w.org\/{rel}","templated":true}]}}